{"id":10293,"date":"2022-01-27T17:52:16","date_gmt":"2022-01-27T16:52:16","guid":{"rendered":"https:\/\/dev.visitrimini.com\/?page_id=10293"},"modified":"2022-01-27T17:58:11","modified_gmt":"2022-01-27T16:58:11","slug":"wie-sie-ihre-hochzeit-in-rimini-organisieren-koennen","status":"publish","type":"page","link":"https:\/\/dev.visitrimini.com\/de\/rimini-wedding-destination\/wie-sie-ihre-hochzeit-in-rimini-organisieren-koennen\/","title":{"rendered":"<strong>Wie Sie Ihre Hochzeit<\/strong> in Rimini organisieren k\u00f6nnen!"},"content":{"rendered":"","protected":false},"excerpt":{"rendered":"","protected":false},"author":2,"featured_media":10375,"parent":10288,"menu_order":0,"comment_status":"closed","ping_status":"closed","template":"page-templates\/singola-categoria.php","meta":{"footnotes":""},"acf":[],"yoast_head":"<!-- This site is optimized with the Yoast SEO plugin v20.13 - https:\/\/yoast.com\/wordpress\/plugins\/seo\/ -->\n<title>Wie Sie Ihre Hochzeit in Rimini organisieren k\u00f6nnen! - Visit Rimini<\/title>\n<meta name=\"description\" content=\"Rimini \u00e8 la citt\u00e0 ideale per il tuo giorno pi\u00f9 bello. Ecco in pochi passi come organizzare il vostro matrimonio a Rimini!\" \/>\n<meta name=\"robots\" content=\"index, follow, max-snippet:-1, max-image-preview:large, max-video-preview:-1\" \/>\n<meta property=\"og:locale\" content=\"de_DE\" \/>\n<meta property=\"og:type\" content=\"article\" \/>\n<meta property=\"og:title\" content=\"Wie Sie Ihre Hochzeit in Rimini organisieren k\u00f6nnen! - Visit Rimini\" \/>\n<meta property=\"og:description\" content=\"Rimini \u00e8 la citt\u00e0 ideale per il tuo giorno pi\u00f9 bello. Ecco in pochi passi come organizzare il vostro matrimonio a Rimini!\" \/>\n<meta property=\"og:url\" content=\"https:\/\/dev.visitrimini.com\/de\/rimini-wedding-destination\/wie-sie-ihre-hochzeit-in-rimini-organisieren-koennen\/\" \/>\n<meta property=\"og:site_name\" content=\"Visit Rimini\" \/>\n<meta property=\"article:modified_time\" content=\"2022-01-27T16:58:11+00:00\" \/>\n<meta property=\"og:image\" content=\"https:\/\/dev.visitrimini.com\/wp-content\/uploads\/2021\/12\/galli2.jpg\" \/>\n\t<meta property=\"og:image:width\" content=\"2000\" \/>\n\t<meta property=\"og:image:height\" content=\"800\" \/>\n\t<meta property=\"og:image:type\" content=\"image\/jpeg\" \/>\n<meta name=\"twitter:card\" content=\"summary_large_image\" \/>\n<script type=\"application\/ld+json\" class=\"yoast-schema-graph\">{\"@context\":\"https:\/\/schema.org\",\"@graph\":[{\"@type\":\"WebPage\",\"@id\":\"https:\/\/dev.visitrimini.com\/de\/rimini-wedding-destination\/wie-sie-ihre-hochzeit-in-rimini-organisieren-koennen\/\",\"url\":\"https:\/\/dev.visitrimini.com\/de\/rimini-wedding-destination\/wie-sie-ihre-hochzeit-in-rimini-organisieren-koennen\/\",\"name\":\"Wie Sie Ihre Hochzeit in Rimini organisieren k\u00f6nnen! - Visit Rimini\",\"isPartOf\":{\"@id\":\"https:\/\/dev.visitrimini.com\/#website\"},\"datePublished\":\"2022-01-27T16:52:16+00:00\",\"dateModified\":\"2022-01-27T16:58:11+00:00\",\"description\":\"Rimini \u00e8 la citt\u00e0 ideale per il tuo giorno pi\u00f9 bello. Ecco in pochi passi come organizzare il vostro matrimonio a Rimini!\",\"breadcrumb\":{\"@id\":\"https:\/\/dev.visitrimini.com\/de\/rimini-wedding-destination\/wie-sie-ihre-hochzeit-in-rimini-organisieren-koennen\/#breadcrumb\"},\"inLanguage\":\"de\",\"potentialAction\":[{\"@type\":\"ReadAction\",\"target\":[\"https:\/\/dev.visitrimini.com\/de\/rimini-wedding-destination\/wie-sie-ihre-hochzeit-in-rimini-organisieren-koennen\/\"]}]},{\"@type\":\"BreadcrumbList\",\"@id\":\"https:\/\/dev.visitrimini.com\/de\/rimini-wedding-destination\/wie-sie-ihre-hochzeit-in-rimini-organisieren-koennen\/#breadcrumb\",\"itemListElement\":[{\"@type\":\"ListItem\",\"position\":1,\"name\":\"Home\",\"item\":\"https:\/\/dev.visitrimini.com\/de\/\"},{\"@type\":\"ListItem\",\"position\":2,\"name\":\"Rimini Wedding Destination\",\"item\":\"https:\/\/dev.visitrimini.com\/de\/rimini-wedding-destination\/\"},{\"@type\":\"ListItem\",\"position\":3,\"name\":\"Wie Sie Ihre Hochzeit in Rimini organisieren k\u00f6nnen!\"}]},{\"@type\":\"WebSite\",\"@id\":\"https:\/\/dev.visitrimini.com\/#website\",\"url\":\"https:\/\/dev.visitrimini.com\/\",\"name\":\"Visit Rimini\",\"description\":\"Un nuovo sito targato WordPress\",\"potentialAction\":[{\"@type\":\"SearchAction\",\"target\":{\"@type\":\"EntryPoint\",\"urlTemplate\":\"https:\/\/dev.visitrimini.com\/?s={search_term_string}\"},\"query-input\":\"required name=search_term_string\"}],\"inLanguage\":\"de\"}]}<\/script>\n<!-- \/ Yoast SEO plugin. -->","yoast_head_json":{"title":"Wie Sie Ihre Hochzeit in Rimini organisieren k\u00f6nnen! - Visit Rimini","description":"Rimini \u00e8 la citt\u00e0 ideale per il tuo giorno pi\u00f9 bello. Ecco in pochi passi come organizzare il vostro matrimonio a Rimini!","robots":{"index":"index","follow":"follow","max-snippet":"max-snippet:-1","max-image-preview":"max-image-preview:large","max-video-preview":"max-video-preview:-1"},"og_locale":"de_DE","og_type":"article","og_title":"Wie Sie Ihre Hochzeit in Rimini organisieren k\u00f6nnen! - Visit Rimini","og_description":"Rimini \u00e8 la citt\u00e0 ideale per il tuo giorno pi\u00f9 bello. Ecco in pochi passi come organizzare il vostro matrimonio a Rimini!","og_url":"https:\/\/dev.visitrimini.com\/de\/rimini-wedding-destination\/wie-sie-ihre-hochzeit-in-rimini-organisieren-koennen\/","og_site_name":"Visit Rimini","article_modified_time":"2022-01-27T16:58:11+00:00","og_image":[{"width":2000,"height":800,"url":"https:\/\/dev.visitrimini.com\/wp-content\/uploads\/2021\/12\/galli2.jpg","type":"image\/jpeg"}],"twitter_card":"summary_large_image","schema":{"@context":"https:\/\/schema.org","@graph":[{"@type":"WebPage","@id":"https:\/\/dev.visitrimini.com\/de\/rimini-wedding-destination\/wie-sie-ihre-hochzeit-in-rimini-organisieren-koennen\/","url":"https:\/\/dev.visitrimini.com\/de\/rimini-wedding-destination\/wie-sie-ihre-hochzeit-in-rimini-organisieren-koennen\/","name":"Wie Sie Ihre Hochzeit in Rimini organisieren k\u00f6nnen! - Visit Rimini","isPartOf":{"@id":"https:\/\/dev.visitrimini.com\/#website"},"datePublished":"2022-01-27T16:52:16+00:00","dateModified":"2022-01-27T16:58:11+00:00","description":"Rimini \u00e8 la citt\u00e0 ideale per il tuo giorno pi\u00f9 bello. Ecco in pochi passi come organizzare il vostro matrimonio a Rimini!","breadcrumb":{"@id":"https:\/\/dev.visitrimini.com\/de\/rimini-wedding-destination\/wie-sie-ihre-hochzeit-in-rimini-organisieren-koennen\/#breadcrumb"},"inLanguage":"de","potentialAction":[{"@type":"ReadAction","target":["https:\/\/dev.visitrimini.com\/de\/rimini-wedding-destination\/wie-sie-ihre-hochzeit-in-rimini-organisieren-koennen\/"]}]},{"@type":"BreadcrumbList","@id":"https:\/\/dev.visitrimini.com\/de\/rimini-wedding-destination\/wie-sie-ihre-hochzeit-in-rimini-organisieren-koennen\/#breadcrumb","itemListElement":[{"@type":"ListItem","position":1,"name":"Home","item":"https:\/\/dev.visitrimini.com\/de\/"},{"@type":"ListItem","position":2,"name":"Rimini Wedding Destination","item":"https:\/\/dev.visitrimini.com\/de\/rimini-wedding-destination\/"},{"@type":"ListItem","position":3,"name":"Wie Sie Ihre Hochzeit in Rimini organisieren k\u00f6nnen!"}]},{"@type":"WebSite","@id":"https:\/\/dev.visitrimini.com\/#website","url":"https:\/\/dev.visitrimini.com\/","name":"Visit Rimini","description":"Un nuovo sito targato WordPress","potentialAction":[{"@type":"SearchAction","target":{"@type":"EntryPoint","urlTemplate":"https:\/\/dev.visitrimini.com\/?s={search_term_string}"},"query-input":"required name=search_term_string"}],"inLanguage":"de"}]}},"_links":{"self":[{"href":"https:\/\/dev.visitrimini.com\/de\/wp-json\/wp\/v2\/pages\/10293"}],"collection":[{"href":"https:\/\/dev.visitrimini.com\/de\/wp-json\/wp\/v2\/pages"}],"about":[{"href":"https:\/\/dev.visitrimini.com\/de\/wp-json\/wp\/v2\/types\/page"}],"author":[{"embeddable":true,"href":"https:\/\/dev.visitrimini.com\/de\/wp-json\/wp\/v2\/users\/2"}],"replies":[{"embeddable":true,"href":"https:\/\/dev.visitrimini.com\/de\/wp-json\/wp\/v2\/comments?post=10293"}],"version-history":[{"count":2,"href":"https:\/\/dev.visitrimini.com\/de\/wp-json\/wp\/v2\/pages\/10293\/revisions"}],"predecessor-version":[{"id":11537,"href":"https:\/\/dev.visitrimini.com\/de\/wp-json\/wp\/v2\/pages\/10293\/revisions\/11537"}],"up":[{"embeddable":true,"href":"https:\/\/dev.visitrimini.com\/de\/wp-json\/wp\/v2\/pages\/10288"}],"wp:featuredmedia":[{"embeddable":true,"href":"https:\/\/dev.visitrimini.com\/de\/wp-json\/wp\/v2\/media\/10375"}],"wp:attachment":[{"href":"https:\/\/dev.visitrimini.com\/de\/wp-json\/wp\/v2\/media?parent=10293"}],"curies":[{"name":"wp","href":"https:\/\/api.w.org\/{rel}","templated":true}]}}