{"id":1394,"date":"2021-04-09T05:29:20","date_gmt":"2021-04-09T03:29:20","guid":{"rendered":"https:\/\/dev.visitrimini.com\/rimini-e-mare\/"},"modified":"2022-02-16T14:53:20","modified_gmt":"2022-02-16T13:53:20","slug":"rimini-ist-meer","status":"publish","type":"page","link":"https:\/\/dev.visitrimini.com\/de\/rimini-ist-meer\/","title":{"rendered":"Rimini&#8230; ist MEER!"},"content":{"rendered":"","protected":false},"excerpt":{"rendered":"","protected":false},"author":2,"featured_media":2864,"parent":0,"menu_order":0,"comment_status":"closed","ping_status":"closed","template":"page-templates\/macro-categoria.php","meta":{"footnotes":""},"acf":[],"yoast_head":"<!-- This site is optimized with the Yoast SEO plugin v20.13 - https:\/\/yoast.com\/wordpress\/plugins\/seo\/ -->\n<title>Rimini Mare, Erfahrungen zum Leben, viele Dinge zu tun<\/title>\n<meta name=\"description\" content=\"Rimini ist Meer! Entdecken Sie die fantastischen, sicheren und gut ausgestatteten Str\u00e4nde, die zu den sch\u00f6nsten der Welt geh\u00f6ren.\" \/>\n<meta name=\"robots\" content=\"index, follow, max-snippet:-1, max-image-preview:large, max-video-preview:-1\" \/>\n<meta property=\"og:locale\" content=\"de_DE\" \/>\n<meta property=\"og:type\" content=\"article\" \/>\n<meta property=\"og:title\" content=\"Rimini Mare, Erfahrungen zum Leben, viele Dinge zu tun\" \/>\n<meta property=\"og:description\" content=\"Rimini ist Meer! Entdecken Sie die fantastischen, sicheren und gut ausgestatteten Str\u00e4nde, die zu den sch\u00f6nsten der Welt geh\u00f6ren.\" \/>\n<meta property=\"og:url\" content=\"https:\/\/dev.visitrimini.com\/de\/rimini-ist-meer\/\" \/>\n<meta property=\"og:site_name\" content=\"Visit Rimini\" \/>\n<meta property=\"article:modified_time\" content=\"2022-02-16T13:53:20+00:00\" \/>\n<meta property=\"og:image\" content=\"https:\/\/dev.visitrimini.com\/wp-content\/uploads\/2021\/05\/z-LARGA-mare3.jpg\" \/>\n\t<meta property=\"og:image:width\" content=\"2000\" \/>\n\t<meta property=\"og:image:height\" content=\"800\" \/>\n\t<meta property=\"og:image:type\" content=\"image\/jpeg\" \/>\n<meta name=\"twitter:card\" content=\"summary_large_image\" \/>\n<script type=\"application\/ld+json\" class=\"yoast-schema-graph\">{\"@context\":\"https:\/\/schema.org\",\"@graph\":[{\"@type\":\"WebPage\",\"@id\":\"https:\/\/dev.visitrimini.com\/de\/rimini-ist-meer\/\",\"url\":\"https:\/\/dev.visitrimini.com\/de\/rimini-ist-meer\/\",\"name\":\"Rimini Mare, Erfahrungen zum Leben, viele Dinge zu tun\",\"isPartOf\":{\"@id\":\"https:\/\/dev.visitrimini.com\/#website\"},\"datePublished\":\"2021-04-09T03:29:20+00:00\",\"dateModified\":\"2022-02-16T13:53:20+00:00\",\"description\":\"Rimini ist Meer! Entdecken Sie die fantastischen, sicheren und gut ausgestatteten Str\u00e4nde, die zu den sch\u00f6nsten der Welt geh\u00f6ren.\",\"breadcrumb\":{\"@id\":\"https:\/\/dev.visitrimini.com\/de\/rimini-ist-meer\/#breadcrumb\"},\"inLanguage\":\"de\",\"potentialAction\":[{\"@type\":\"ReadAction\",\"target\":[\"https:\/\/dev.visitrimini.com\/de\/rimini-ist-meer\/\"]}]},{\"@type\":\"BreadcrumbList\",\"@id\":\"https:\/\/dev.visitrimini.com\/de\/rimini-ist-meer\/#breadcrumb\",\"itemListElement\":[{\"@type\":\"ListItem\",\"position\":1,\"name\":\"Home\",\"item\":\"https:\/\/dev.visitrimini.com\/de\/\"},{\"@type\":\"ListItem\",\"position\":2,\"name\":\"Rimini&#8230; ist MEER!\"}]},{\"@type\":\"WebSite\",\"@id\":\"https:\/\/dev.visitrimini.com\/#website\",\"url\":\"https:\/\/dev.visitrimini.com\/\",\"name\":\"Visit Rimini\",\"description\":\"Un nuovo sito targato WordPress\",\"potentialAction\":[{\"@type\":\"SearchAction\",\"target\":{\"@type\":\"EntryPoint\",\"urlTemplate\":\"https:\/\/dev.visitrimini.com\/?s={search_term_string}\"},\"query-input\":\"required name=search_term_string\"}],\"inLanguage\":\"de\"}]}<\/script>\n<!-- \/ Yoast SEO plugin. -->","yoast_head_json":{"title":"Rimini Mare, Erfahrungen zum Leben, viele Dinge zu tun","description":"Rimini ist Meer! Entdecken Sie die fantastischen, sicheren und gut ausgestatteten Str\u00e4nde, die zu den sch\u00f6nsten der Welt geh\u00f6ren.","robots":{"index":"index","follow":"follow","max-snippet":"max-snippet:-1","max-image-preview":"max-image-preview:large","max-video-preview":"max-video-preview:-1"},"og_locale":"de_DE","og_type":"article","og_title":"Rimini Mare, Erfahrungen zum Leben, viele Dinge zu tun","og_description":"Rimini ist Meer! Entdecken Sie die fantastischen, sicheren und gut ausgestatteten Str\u00e4nde, die zu den sch\u00f6nsten der Welt geh\u00f6ren.","og_url":"https:\/\/dev.visitrimini.com\/de\/rimini-ist-meer\/","og_site_name":"Visit Rimini","article_modified_time":"2022-02-16T13:53:20+00:00","og_image":[{"width":2000,"height":800,"url":"https:\/\/dev.visitrimini.com\/wp-content\/uploads\/2021\/05\/z-LARGA-mare3.jpg","type":"image\/jpeg"}],"twitter_card":"summary_large_image","schema":{"@context":"https:\/\/schema.org","@graph":[{"@type":"WebPage","@id":"https:\/\/dev.visitrimini.com\/de\/rimini-ist-meer\/","url":"https:\/\/dev.visitrimini.com\/de\/rimini-ist-meer\/","name":"Rimini Mare, Erfahrungen zum Leben, viele Dinge zu tun","isPartOf":{"@id":"https:\/\/dev.visitrimini.com\/#website"},"datePublished":"2021-04-09T03:29:20+00:00","dateModified":"2022-02-16T13:53:20+00:00","description":"Rimini ist Meer! Entdecken Sie die fantastischen, sicheren und gut ausgestatteten Str\u00e4nde, die zu den sch\u00f6nsten der Welt geh\u00f6ren.","breadcrumb":{"@id":"https:\/\/dev.visitrimini.com\/de\/rimini-ist-meer\/#breadcrumb"},"inLanguage":"de","potentialAction":[{"@type":"ReadAction","target":["https:\/\/dev.visitrimini.com\/de\/rimini-ist-meer\/"]}]},{"@type":"BreadcrumbList","@id":"https:\/\/dev.visitrimini.com\/de\/rimini-ist-meer\/#breadcrumb","itemListElement":[{"@type":"ListItem","position":1,"name":"Home","item":"https:\/\/dev.visitrimini.com\/de\/"},{"@type":"ListItem","position":2,"name":"Rimini&#8230; ist MEER!"}]},{"@type":"WebSite","@id":"https:\/\/dev.visitrimini.com\/#website","url":"https:\/\/dev.visitrimini.com\/","name":"Visit Rimini","description":"Un nuovo sito targato WordPress","potentialAction":[{"@type":"SearchAction","target":{"@type":"EntryPoint","urlTemplate":"https:\/\/dev.visitrimini.com\/?s={search_term_string}"},"query-input":"required name=search_term_string"}],"inLanguage":"de"}]}},"_links":{"self":[{"href":"https:\/\/dev.visitrimini.com\/de\/wp-json\/wp\/v2\/pages\/1394"}],"collection":[{"href":"https:\/\/dev.visitrimini.com\/de\/wp-json\/wp\/v2\/pages"}],"about":[{"href":"https:\/\/dev.visitrimini.com\/de\/wp-json\/wp\/v2\/types\/page"}],"author":[{"embeddable":true,"href":"https:\/\/dev.visitrimini.com\/de\/wp-json\/wp\/v2\/users\/2"}],"replies":[{"embeddable":true,"href":"https:\/\/dev.visitrimini.com\/de\/wp-json\/wp\/v2\/comments?post=1394"}],"version-history":[{"count":7,"href":"https:\/\/dev.visitrimini.com\/de\/wp-json\/wp\/v2\/pages\/1394\/revisions"}],"predecessor-version":[{"id":11911,"href":"https:\/\/dev.visitrimini.com\/de\/wp-json\/wp\/v2\/pages\/1394\/revisions\/11911"}],"wp:featuredmedia":[{"embeddable":true,"href":"https:\/\/dev.visitrimini.com\/de\/wp-json\/wp\/v2\/media\/2864"}],"wp:attachment":[{"href":"https:\/\/dev.visitrimini.com\/de\/wp-json\/wp\/v2\/media?parent=1394"}],"curies":[{"name":"wp","href":"https:\/\/api.w.org\/{rel}","templated":true}]}}