{"id":1427,"date":"2021-04-09T17:21:00","date_gmt":"2021-04-09T15:21:00","guid":{"rendered":"https:\/\/dev.visitrimini.com\/rimini-ist-ein-wundervolles-hinterland\/a-rimini-tra-rocche-castelli-e-borghi-antichi\/"},"modified":"2022-02-25T08:25:33","modified_gmt":"2022-02-25T07:25:33","slug":"in-rimini-zwischen-felsen-burgen-und-alten-doerfern","status":"publish","type":"page","link":"https:\/\/dev.visitrimini.com\/de\/rimini-ist-ein-wundervolles-hinterland\/in-rimini-zwischen-felsen-burgen-und-alten-doerfern\/","title":{"rendered":"<strong>In Rimini<\/strong> zwischen Felsen, Burgen und alten D\u00f6rfern"},"content":{"rendered":"","protected":false},"excerpt":{"rendered":"","protected":false},"author":2,"featured_media":1429,"parent":1423,"menu_order":3,"comment_status":"closed","ping_status":"closed","template":"page-templates\/singola-categoria.php","meta":{"footnotes":""},"acf":[],"yoast_head":"<!-- This site is optimized with the Yoast SEO plugin v20.13 - https:\/\/yoast.com\/wordpress\/plugins\/seo\/ -->\n<title>Sehensw\u00fcrdigkeiten und Sehensw\u00fcrdigkeiten in der Provinz Rimini<\/title>\n<meta name=\"description\" content=\"Sehensw\u00fcrdigkeiten in Rimini von Valconca bis Valmarecchia: San Leo, Verucchio, Montebello, Mondaino, Montegridolfo, Montefiore, Sant\u2019Agata\" \/>\n<meta name=\"robots\" content=\"index, follow, max-snippet:-1, max-image-preview:large, max-video-preview:-1\" \/>\n<meta property=\"og:locale\" content=\"de_DE\" \/>\n<meta property=\"og:type\" content=\"article\" \/>\n<meta property=\"og:title\" content=\"Sehensw\u00fcrdigkeiten und Sehensw\u00fcrdigkeiten in der Provinz Rimini\" \/>\n<meta property=\"og:description\" content=\"Sehensw\u00fcrdigkeiten in Rimini von Valconca bis Valmarecchia: San Leo, Verucchio, Montebello, Mondaino, Montegridolfo, Montefiore, Sant\u2019Agata\" \/>\n<meta property=\"og:url\" content=\"https:\/\/dev.visitrimini.com\/de\/rimini-ist-ein-wundervolles-hinterland\/in-rimini-zwischen-felsen-burgen-und-alten-doerfern\/\" \/>\n<meta property=\"og:site_name\" content=\"Visit Rimini\" \/>\n<meta property=\"article:modified_time\" content=\"2022-02-25T07:25:33+00:00\" \/>\n<meta property=\"og:image\" content=\"https:\/\/dev.visitrimini.com\/wp-content\/uploads\/2021\/04\/z-LARGA-13.jpg\" \/>\n\t<meta property=\"og:image:width\" content=\"2000\" \/>\n\t<meta property=\"og:image:height\" content=\"800\" \/>\n\t<meta property=\"og:image:type\" content=\"image\/jpeg\" \/>\n<meta name=\"twitter:card\" content=\"summary_large_image\" \/>\n<script type=\"application\/ld+json\" class=\"yoast-schema-graph\">{\"@context\":\"https:\/\/schema.org\",\"@graph\":[{\"@type\":\"WebPage\",\"@id\":\"https:\/\/dev.visitrimini.com\/de\/rimini-ist-ein-wundervolles-hinterland\/in-rimini-zwischen-felsen-burgen-und-alten-doerfern\/\",\"url\":\"https:\/\/dev.visitrimini.com\/de\/rimini-ist-ein-wundervolles-hinterland\/in-rimini-zwischen-felsen-burgen-und-alten-doerfern\/\",\"name\":\"Sehensw\u00fcrdigkeiten und Sehensw\u00fcrdigkeiten in der Provinz Rimini\",\"isPartOf\":{\"@id\":\"https:\/\/dev.visitrimini.com\/#website\"},\"datePublished\":\"2021-04-09T15:21:00+00:00\",\"dateModified\":\"2022-02-25T07:25:33+00:00\",\"description\":\"Sehensw\u00fcrdigkeiten in Rimini von Valconca bis Valmarecchia: San Leo, Verucchio, Montebello, Mondaino, Montegridolfo, Montefiore, Sant\u2019Agata\",\"breadcrumb\":{\"@id\":\"https:\/\/dev.visitrimini.com\/de\/rimini-ist-ein-wundervolles-hinterland\/in-rimini-zwischen-felsen-burgen-und-alten-doerfern\/#breadcrumb\"},\"inLanguage\":\"de\",\"potentialAction\":[{\"@type\":\"ReadAction\",\"target\":[\"https:\/\/dev.visitrimini.com\/de\/rimini-ist-ein-wundervolles-hinterland\/in-rimini-zwischen-felsen-burgen-und-alten-doerfern\/\"]}]},{\"@type\":\"BreadcrumbList\",\"@id\":\"https:\/\/dev.visitrimini.com\/de\/rimini-ist-ein-wundervolles-hinterland\/in-rimini-zwischen-felsen-burgen-und-alten-doerfern\/#breadcrumb\",\"itemListElement\":[{\"@type\":\"ListItem\",\"position\":1,\"name\":\"Home\",\"item\":\"https:\/\/dev.visitrimini.com\/de\/\"},{\"@type\":\"ListItem\",\"position\":2,\"name\":\"Rimini&#8230; ist ein WUNDERVOLLES HINTERLAND!\",\"item\":\"https:\/\/dev.visitrimini.com\/de\/rimini-ist-ein-wundervolles-hinterland\/\"},{\"@type\":\"ListItem\",\"position\":3,\"name\":\"In Rimini zwischen Felsen, Burgen und alten D\u00f6rfern\"}]},{\"@type\":\"WebSite\",\"@id\":\"https:\/\/dev.visitrimini.com\/#website\",\"url\":\"https:\/\/dev.visitrimini.com\/\",\"name\":\"Visit Rimini\",\"description\":\"Un nuovo sito targato WordPress\",\"potentialAction\":[{\"@type\":\"SearchAction\",\"target\":{\"@type\":\"EntryPoint\",\"urlTemplate\":\"https:\/\/dev.visitrimini.com\/?s={search_term_string}\"},\"query-input\":\"required name=search_term_string\"}],\"inLanguage\":\"de\"}]}<\/script>\n<!-- \/ Yoast SEO plugin. -->","yoast_head_json":{"title":"Sehensw\u00fcrdigkeiten und Sehensw\u00fcrdigkeiten in der Provinz Rimini","description":"Sehensw\u00fcrdigkeiten in Rimini von Valconca bis Valmarecchia: San Leo, Verucchio, Montebello, Mondaino, Montegridolfo, Montefiore, Sant\u2019Agata","robots":{"index":"index","follow":"follow","max-snippet":"max-snippet:-1","max-image-preview":"max-image-preview:large","max-video-preview":"max-video-preview:-1"},"og_locale":"de_DE","og_type":"article","og_title":"Sehensw\u00fcrdigkeiten und Sehensw\u00fcrdigkeiten in der Provinz Rimini","og_description":"Sehensw\u00fcrdigkeiten in Rimini von Valconca bis Valmarecchia: San Leo, Verucchio, Montebello, Mondaino, Montegridolfo, Montefiore, Sant\u2019Agata","og_url":"https:\/\/dev.visitrimini.com\/de\/rimini-ist-ein-wundervolles-hinterland\/in-rimini-zwischen-felsen-burgen-und-alten-doerfern\/","og_site_name":"Visit Rimini","article_modified_time":"2022-02-25T07:25:33+00:00","og_image":[{"width":2000,"height":800,"url":"https:\/\/dev.visitrimini.com\/wp-content\/uploads\/2021\/04\/z-LARGA-13.jpg","type":"image\/jpeg"}],"twitter_card":"summary_large_image","schema":{"@context":"https:\/\/schema.org","@graph":[{"@type":"WebPage","@id":"https:\/\/dev.visitrimini.com\/de\/rimini-ist-ein-wundervolles-hinterland\/in-rimini-zwischen-felsen-burgen-und-alten-doerfern\/","url":"https:\/\/dev.visitrimini.com\/de\/rimini-ist-ein-wundervolles-hinterland\/in-rimini-zwischen-felsen-burgen-und-alten-doerfern\/","name":"Sehensw\u00fcrdigkeiten und Sehensw\u00fcrdigkeiten in der Provinz Rimini","isPartOf":{"@id":"https:\/\/dev.visitrimini.com\/#website"},"datePublished":"2021-04-09T15:21:00+00:00","dateModified":"2022-02-25T07:25:33+00:00","description":"Sehensw\u00fcrdigkeiten in Rimini von Valconca bis Valmarecchia: San Leo, Verucchio, Montebello, Mondaino, Montegridolfo, Montefiore, Sant\u2019Agata","breadcrumb":{"@id":"https:\/\/dev.visitrimini.com\/de\/rimini-ist-ein-wundervolles-hinterland\/in-rimini-zwischen-felsen-burgen-und-alten-doerfern\/#breadcrumb"},"inLanguage":"de","potentialAction":[{"@type":"ReadAction","target":["https:\/\/dev.visitrimini.com\/de\/rimini-ist-ein-wundervolles-hinterland\/in-rimini-zwischen-felsen-burgen-und-alten-doerfern\/"]}]},{"@type":"BreadcrumbList","@id":"https:\/\/dev.visitrimini.com\/de\/rimini-ist-ein-wundervolles-hinterland\/in-rimini-zwischen-felsen-burgen-und-alten-doerfern\/#breadcrumb","itemListElement":[{"@type":"ListItem","position":1,"name":"Home","item":"https:\/\/dev.visitrimini.com\/de\/"},{"@type":"ListItem","position":2,"name":"Rimini&#8230; ist ein WUNDERVOLLES HINTERLAND!","item":"https:\/\/dev.visitrimini.com\/de\/rimini-ist-ein-wundervolles-hinterland\/"},{"@type":"ListItem","position":3,"name":"In Rimini zwischen Felsen, Burgen und alten D\u00f6rfern"}]},{"@type":"WebSite","@id":"https:\/\/dev.visitrimini.com\/#website","url":"https:\/\/dev.visitrimini.com\/","name":"Visit Rimini","description":"Un nuovo sito targato WordPress","potentialAction":[{"@type":"SearchAction","target":{"@type":"EntryPoint","urlTemplate":"https:\/\/dev.visitrimini.com\/?s={search_term_string}"},"query-input":"required name=search_term_string"}],"inLanguage":"de"}]}},"_links":{"self":[{"href":"https:\/\/dev.visitrimini.com\/de\/wp-json\/wp\/v2\/pages\/1427"}],"collection":[{"href":"https:\/\/dev.visitrimini.com\/de\/wp-json\/wp\/v2\/pages"}],"about":[{"href":"https:\/\/dev.visitrimini.com\/de\/wp-json\/wp\/v2\/types\/page"}],"author":[{"embeddable":true,"href":"https:\/\/dev.visitrimini.com\/de\/wp-json\/wp\/v2\/users\/2"}],"replies":[{"embeddable":true,"href":"https:\/\/dev.visitrimini.com\/de\/wp-json\/wp\/v2\/comments?post=1427"}],"version-history":[{"count":3,"href":"https:\/\/dev.visitrimini.com\/de\/wp-json\/wp\/v2\/pages\/1427\/revisions"}],"predecessor-version":[{"id":3220,"href":"https:\/\/dev.visitrimini.com\/de\/wp-json\/wp\/v2\/pages\/1427\/revisions\/3220"}],"up":[{"embeddable":true,"href":"https:\/\/dev.visitrimini.com\/de\/wp-json\/wp\/v2\/pages\/1423"}],"wp:featuredmedia":[{"embeddable":true,"href":"https:\/\/dev.visitrimini.com\/de\/wp-json\/wp\/v2\/media\/1429"}],"wp:attachment":[{"href":"https:\/\/dev.visitrimini.com\/de\/wp-json\/wp\/v2\/media?parent=1427"}],"curies":[{"name":"wp","href":"https:\/\/api.w.org\/{rel}","templated":true}]}}