{"id":1463,"date":"2021-04-13T15:27:55","date_gmt":"2021-04-13T13:27:55","guid":{"rendered":"https:\/\/dev.visitrimini.com\/rimini-in-forma\/"},"modified":"2022-02-16T14:55:21","modified_gmt":"2022-02-16T13:55:21","slug":"rimini-ist-wellness","status":"publish","type":"page","link":"https:\/\/dev.visitrimini.com\/de\/rimini-ist-wellness\/","title":{"rendered":"<strong>Rimini<\/strong> ist&#8230; WELLNESS"},"content":{"rendered":"","protected":false},"excerpt":{"rendered":"","protected":false},"author":2,"featured_media":1759,"parent":0,"menu_order":3,"comment_status":"closed","ping_status":"closed","template":"page-templates\/singola-categoria.php","meta":{"footnotes":""},"acf":[],"yoast_head":"<!-- This site is optimized with the Yoast SEO plugin v20.13 - https:\/\/yoast.com\/wordpress\/plugins\/seo\/ -->\n<title>Fitness und Wellness in Rimini, ein Lebensstil - VisitRimini.com<\/title>\n<meta name=\"description\" content=\"In Rimini f\u00fcr einen Urlaub im Zeichen von Fitness und Wellness, Sport und Pr\u00e4vention. Entdecken Sie den Parco del Mare f\u00fcr Outdoor-Training\" \/>\n<meta name=\"robots\" content=\"index, follow, max-snippet:-1, max-image-preview:large, max-video-preview:-1\" \/>\n<meta property=\"og:locale\" content=\"de_DE\" \/>\n<meta property=\"og:type\" content=\"article\" \/>\n<meta property=\"og:title\" content=\"Fitness und Wellness in Rimini, ein Lebensstil - VisitRimini.com\" \/>\n<meta property=\"og:description\" content=\"In Rimini f\u00fcr einen Urlaub im Zeichen von Fitness und Wellness, Sport und Pr\u00e4vention. Entdecken Sie den Parco del Mare f\u00fcr Outdoor-Training\" \/>\n<meta property=\"og:url\" content=\"https:\/\/dev.visitrimini.com\/de\/rimini-ist-wellness\/\" \/>\n<meta property=\"og:site_name\" content=\"Visit Rimini\" \/>\n<meta property=\"article:modified_time\" content=\"2022-02-16T13:55:21+00:00\" \/>\n<meta property=\"og:image\" content=\"https:\/\/dev.visitrimini.com\/wp-content\/uploads\/2021\/04\/z-LARGA-ISOLAMARE.jpg\" \/>\n\t<meta property=\"og:image:width\" content=\"2000\" \/>\n\t<meta property=\"og:image:height\" content=\"800\" \/>\n\t<meta property=\"og:image:type\" content=\"image\/jpeg\" \/>\n<meta name=\"twitter:card\" content=\"summary_large_image\" \/>\n<script type=\"application\/ld+json\" class=\"yoast-schema-graph\">{\"@context\":\"https:\/\/schema.org\",\"@graph\":[{\"@type\":\"WebPage\",\"@id\":\"https:\/\/dev.visitrimini.com\/de\/rimini-ist-wellness\/\",\"url\":\"https:\/\/dev.visitrimini.com\/de\/rimini-ist-wellness\/\",\"name\":\"Fitness und Wellness in Rimini, ein Lebensstil - VisitRimini.com\",\"isPartOf\":{\"@id\":\"https:\/\/dev.visitrimini.com\/#website\"},\"datePublished\":\"2021-04-13T13:27:55+00:00\",\"dateModified\":\"2022-02-16T13:55:21+00:00\",\"description\":\"In Rimini f\u00fcr einen Urlaub im Zeichen von Fitness und Wellness, Sport und Pr\u00e4vention. Entdecken Sie den Parco del Mare f\u00fcr Outdoor-Training\",\"breadcrumb\":{\"@id\":\"https:\/\/dev.visitrimini.com\/de\/rimini-ist-wellness\/#breadcrumb\"},\"inLanguage\":\"de\",\"potentialAction\":[{\"@type\":\"ReadAction\",\"target\":[\"https:\/\/dev.visitrimini.com\/de\/rimini-ist-wellness\/\"]}]},{\"@type\":\"BreadcrumbList\",\"@id\":\"https:\/\/dev.visitrimini.com\/de\/rimini-ist-wellness\/#breadcrumb\",\"itemListElement\":[{\"@type\":\"ListItem\",\"position\":1,\"name\":\"Home\",\"item\":\"https:\/\/dev.visitrimini.com\/de\/\"},{\"@type\":\"ListItem\",\"position\":2,\"name\":\"Rimini ist&#8230; WELLNESS\"}]},{\"@type\":\"WebSite\",\"@id\":\"https:\/\/dev.visitrimini.com\/#website\",\"url\":\"https:\/\/dev.visitrimini.com\/\",\"name\":\"Visit Rimini\",\"description\":\"Un nuovo sito targato WordPress\",\"potentialAction\":[{\"@type\":\"SearchAction\",\"target\":{\"@type\":\"EntryPoint\",\"urlTemplate\":\"https:\/\/dev.visitrimini.com\/?s={search_term_string}\"},\"query-input\":\"required name=search_term_string\"}],\"inLanguage\":\"de\"}]}<\/script>\n<!-- \/ Yoast SEO plugin. -->","yoast_head_json":{"title":"Fitness und Wellness in Rimini, ein Lebensstil - VisitRimini.com","description":"In Rimini f\u00fcr einen Urlaub im Zeichen von Fitness und Wellness, Sport und Pr\u00e4vention. Entdecken Sie den Parco del Mare f\u00fcr Outdoor-Training","robots":{"index":"index","follow":"follow","max-snippet":"max-snippet:-1","max-image-preview":"max-image-preview:large","max-video-preview":"max-video-preview:-1"},"og_locale":"de_DE","og_type":"article","og_title":"Fitness und Wellness in Rimini, ein Lebensstil - VisitRimini.com","og_description":"In Rimini f\u00fcr einen Urlaub im Zeichen von Fitness und Wellness, Sport und Pr\u00e4vention. Entdecken Sie den Parco del Mare f\u00fcr Outdoor-Training","og_url":"https:\/\/dev.visitrimini.com\/de\/rimini-ist-wellness\/","og_site_name":"Visit Rimini","article_modified_time":"2022-02-16T13:55:21+00:00","og_image":[{"width":2000,"height":800,"url":"https:\/\/dev.visitrimini.com\/wp-content\/uploads\/2021\/04\/z-LARGA-ISOLAMARE.jpg","type":"image\/jpeg"}],"twitter_card":"summary_large_image","schema":{"@context":"https:\/\/schema.org","@graph":[{"@type":"WebPage","@id":"https:\/\/dev.visitrimini.com\/de\/rimini-ist-wellness\/","url":"https:\/\/dev.visitrimini.com\/de\/rimini-ist-wellness\/","name":"Fitness und Wellness in Rimini, ein Lebensstil - VisitRimini.com","isPartOf":{"@id":"https:\/\/dev.visitrimini.com\/#website"},"datePublished":"2021-04-13T13:27:55+00:00","dateModified":"2022-02-16T13:55:21+00:00","description":"In Rimini f\u00fcr einen Urlaub im Zeichen von Fitness und Wellness, Sport und Pr\u00e4vention. Entdecken Sie den Parco del Mare f\u00fcr Outdoor-Training","breadcrumb":{"@id":"https:\/\/dev.visitrimini.com\/de\/rimini-ist-wellness\/#breadcrumb"},"inLanguage":"de","potentialAction":[{"@type":"ReadAction","target":["https:\/\/dev.visitrimini.com\/de\/rimini-ist-wellness\/"]}]},{"@type":"BreadcrumbList","@id":"https:\/\/dev.visitrimini.com\/de\/rimini-ist-wellness\/#breadcrumb","itemListElement":[{"@type":"ListItem","position":1,"name":"Home","item":"https:\/\/dev.visitrimini.com\/de\/"},{"@type":"ListItem","position":2,"name":"Rimini ist&#8230; WELLNESS"}]},{"@type":"WebSite","@id":"https:\/\/dev.visitrimini.com\/#website","url":"https:\/\/dev.visitrimini.com\/","name":"Visit Rimini","description":"Un nuovo sito targato WordPress","potentialAction":[{"@type":"SearchAction","target":{"@type":"EntryPoint","urlTemplate":"https:\/\/dev.visitrimini.com\/?s={search_term_string}"},"query-input":"required name=search_term_string"}],"inLanguage":"de"}]}},"_links":{"self":[{"href":"https:\/\/dev.visitrimini.com\/de\/wp-json\/wp\/v2\/pages\/1463"}],"collection":[{"href":"https:\/\/dev.visitrimini.com\/de\/wp-json\/wp\/v2\/pages"}],"about":[{"href":"https:\/\/dev.visitrimini.com\/de\/wp-json\/wp\/v2\/types\/page"}],"author":[{"embeddable":true,"href":"https:\/\/dev.visitrimini.com\/de\/wp-json\/wp\/v2\/users\/2"}],"replies":[{"embeddable":true,"href":"https:\/\/dev.visitrimini.com\/de\/wp-json\/wp\/v2\/comments?post=1463"}],"version-history":[{"count":8,"href":"https:\/\/dev.visitrimini.com\/de\/wp-json\/wp\/v2\/pages\/1463\/revisions"}],"predecessor-version":[{"id":11912,"href":"https:\/\/dev.visitrimini.com\/de\/wp-json\/wp\/v2\/pages\/1463\/revisions\/11912"}],"wp:featuredmedia":[{"embeddable":true,"href":"https:\/\/dev.visitrimini.com\/de\/wp-json\/wp\/v2\/media\/1759"}],"wp:attachment":[{"href":"https:\/\/dev.visitrimini.com\/de\/wp-json\/wp\/v2\/media?parent=1463"}],"curies":[{"name":"wp","href":"https:\/\/api.w.org\/{rel}","templated":true}]}}