{"id":18868,"date":"2023-03-17T17:12:55","date_gmt":"2023-03-17T16:12:55","guid":{"rendered":"https:\/\/dev.visitrimini.com\/?page_id=18868"},"modified":"2023-03-27T15:30:06","modified_gmt":"2023-03-27T13:30:06","slug":"urlaub-in-rimini","status":"publish","type":"page","link":"https:\/\/dev.visitrimini.com\/de\/urlaub-in-rimini\/","title":{"rendered":"<strong>Urlaub in Rimini<\/strong>"},"content":{"rendered":"<p>Urlaub in Rimini an der Adria<\/p>\n<p>Es ist bereits Meerzeit in Rimini! Die Tage werden l\u00e4nger, die Sonnenstrahlen werden w\u00e4rmer und der Duft des Meeres liegt \u00fcber dem goldenen Strand mit seinem feinen, weichen Sand. Im klaren Wasser der Adria tummeln sich Schw\u00e4rme von blauen Fischen, w\u00e4hrend die M\u00f6wen mit ihrem eleganten Flug \u00fcber das Wasser gleiten. Die blaue Farbe in Verbindung mit den offenen R\u00e4umen, den weiten Horizonten und der Pr\u00e4senz des Wassers vermittelt ein Gef\u00fchl der Ruhe und Gelassenheit. Die Str\u00e4nde sind mit Liegen und Sonnenschirmen \u00fcberf\u00fcllt, und in den Restaurants duftet es nach traditionellen Gerichten: hausgemachte Pasta, frischer Fisch, lokale Wurst- und K\u00e4sesorten, lokales Fleisch, Weine und \u00d6le in einem Umkreis von 0 km. Riminis neue Strandpromenade, der Parco del mare, bietet eine einzigartige Gelegenheit f\u00fcr einen Spaziergang durch die adriatische Vegetation fernab von Autos, f\u00fcr einen Lauf, eine Radtour, ein Training in den Fitnessstudios unter freiem Himmel oder eine Spielzeit mit den Kindern. Padel-, Basketball- und Beachvolleyballpl\u00e4tze stehen immer f\u00fcr Herausforderungen mit Freunden zur Verf\u00fcgung.<\/p>\n<p>&nbsp;<\/p>\n<p>Urlaub in Rimini an der Adria. Rimini blickt auf eine tausendj\u00e4hrige Geschichte zur\u00fcck, die bis zu den alten R\u00f6mern zur\u00fcckreicht. Der Cardo und der Decumanus sind auch heute noch die zentralen Stra\u00dfen der Stadt, auf denen sich die wichtigsten Bauwerke befinden: die Tiberiusbr\u00fccke und der Augustusbogen. Der Malatesta-Tempel ist also ein Werk, das von der Geburt der italienischen Renaissance zeugt. Die j\u00fcngsten Er\u00f6ffnungen von zwei zeitgen\u00f6ssischen Museen vervollst\u00e4ndigen das kulturelle Angebot der Stadt: PART, das Museum f\u00fcr zeitgen\u00f6ssische Kunst, beherbergt Werke von K\u00fcnstlern wie Damien Hirst, Vanessa Beecroft, Kiki Smith, Ettore Spalletti, Bertozzi&amp;Casoni, Pier Paolo Calzolari, Sandro Chia, Enzo Cucchi, Arnaldo Pomodoro, Michelangelo Pistoletto und Mario Schifano. Und dann ist da noch das Fellini-Museum, das einzige Museum der Welt, das ausschlie\u00dflich Federico Fellini, dem ber\u00fchmten, in Rimini geborenen Regisseur, gewidmet ist. Das Fellini-Museum erstreckt sich \u00fcber drei zentrale Punkte im historischen Zentrum von Rimini: das Castel Sismondo, eine Malatesta-Festung aus dem 15. Jahrhundert, in der die Atmosph\u00e4ren von Fellinis Filmen nachgestellt werden; der Palazzo del Fulgor, in dem man dank einer Reihe von visuellen und technologischen Instrumenten eine Reise in Fellinis Fantasie unternehmen kann; und schlie\u00dflich die Piazza Malatesta, die sich in die Piazza dei Sogni verwandelt hat und auf der im Sommer zahlreiche k\u00fcnstlerisch wertvolle Veranstaltungen stattfinden.<\/p>\n<p>Urlaub in Rimini an der Adria gibt es viel Spa\u00df: Die Parks an der Riviera Romagnola ziehen jedes Jahr Millionen von Besuchern an: Mirabilandia in Ravenna, der gr\u00f6\u00dfte Themenpark Italiens, Italia in Miniatura und Fiabilandia in Rimini sowie Oltremare Park in Riccione. Dann gibt es noch die gro\u00dfen Wasserparks wie MiraBeach, den Aquapark in Mirabilandia, den weltber\u00fchmten Aquafan in Riccione und Aquajoss in Conselice bei Ravenna.<\/p>\n<p>Unter den Vergn\u00fcgungsparks in der Romagna gibt es auch weniger bekannte Einrichtungen, die jedoch aufgrund ihres hohen p\u00e4dagogischen Werts einen Besuch wert sind, wie das Casa delle Farfalle (Schmetterlingshaus) in Milano Marittima, der Eden Park in Torre Pedrera, das Aquarium Le Navi in Cattolica und der Parco dell&#8217;Aviazione (Luftfahrtpark) in Rimini. Einrichtungen aller Art, die die Riviera dei Parchi zu einem Ort machen, an dem die ganze Familie, vom Kleinkind bis zum Teenager, die f\u00fcr ihr Alter am besten geeignete Form der Unterhaltung finden kann.<\/p>\n<p>&nbsp;<\/p>\n","protected":false},"excerpt":{"rendered":"<p>Urlaub in Rimini an der Adria Es ist bereits Meerzeit in Rimini! Die Tage werden l\u00e4nger, die Sonnenstrahlen werden w\u00e4rmer<\/p>\n","protected":false},"author":6,"featured_media":0,"parent":0,"menu_order":0,"comment_status":"closed","ping_status":"closed","template":"page-templates\/new-landing-booking.php","meta":{"footnotes":""},"acf":[],"yoast_head":"<!-- This site is optimized with the Yoast SEO plugin v20.13 - https:\/\/yoast.com\/wordpress\/plugins\/seo\/ -->\n<title>Urlaub am Meer in Rimini and der Adria - Visit Rimini<\/title>\n<meta name=\"description\" content=\"Urlaub in Rimini an der Adria ist Meer, gutes Essen, Kultur, Natu, Sport und viel Spa\u00df! W\u00e4hlen Sie Ihren Urlaub am Meer in Italien in Rimini!\" \/>\n<meta name=\"robots\" content=\"index, follow, max-snippet:-1, max-image-preview:large, max-video-preview:-1\" \/>\n<meta property=\"og:locale\" content=\"de_DE\" \/>\n<meta property=\"og:type\" content=\"article\" \/>\n<meta property=\"og:title\" content=\"Urlaub am Meer in Rimini and der Adria - Visit Rimini\" \/>\n<meta property=\"og:description\" content=\"Urlaub in Rimini an der Adria ist Meer, gutes Essen, Kultur, Natu, Sport und viel Spa\u00df! W\u00e4hlen Sie Ihren Urlaub am Meer in Italien in Rimini!\" \/>\n<meta property=\"og:url\" content=\"https:\/\/dev.visitrimini.com\/de\/urlaub-in-rimini\/\" \/>\n<meta property=\"og:site_name\" content=\"Visit Rimini\" \/>\n<meta property=\"article:modified_time\" content=\"2023-03-27T13:30:06+00:00\" \/>\n<meta name=\"twitter:card\" content=\"summary_large_image\" \/>\n<meta name=\"twitter:label1\" content=\"Gesch\u00e4tzte Lesezeit\" \/>\n\t<meta name=\"twitter:data1\" content=\"3\u00a0Minuten\" \/>\n<script type=\"application\/ld+json\" class=\"yoast-schema-graph\">{\"@context\":\"https:\/\/schema.org\",\"@graph\":[{\"@type\":\"WebPage\",\"@id\":\"https:\/\/dev.visitrimini.com\/de\/urlaub-in-rimini\/\",\"url\":\"https:\/\/dev.visitrimini.com\/de\/urlaub-in-rimini\/\",\"name\":\"Urlaub am Meer in Rimini and der Adria - Visit Rimini\",\"isPartOf\":{\"@id\":\"https:\/\/dev.visitrimini.com\/#website\"},\"datePublished\":\"2023-03-17T16:12:55+00:00\",\"dateModified\":\"2023-03-27T13:30:06+00:00\",\"description\":\"Urlaub in Rimini an der Adria ist Meer, gutes Essen, Kultur, Natu, Sport und viel Spa\u00df! W\u00e4hlen Sie Ihren Urlaub am Meer in Italien in Rimini!\",\"breadcrumb\":{\"@id\":\"https:\/\/dev.visitrimini.com\/de\/urlaub-in-rimini\/#breadcrumb\"},\"inLanguage\":\"de\",\"potentialAction\":[{\"@type\":\"ReadAction\",\"target\":[\"https:\/\/dev.visitrimini.com\/de\/urlaub-in-rimini\/\"]}]},{\"@type\":\"BreadcrumbList\",\"@id\":\"https:\/\/dev.visitrimini.com\/de\/urlaub-in-rimini\/#breadcrumb\",\"itemListElement\":[{\"@type\":\"ListItem\",\"position\":1,\"name\":\"Home\",\"item\":\"https:\/\/dev.visitrimini.com\/de\/\"},{\"@type\":\"ListItem\",\"position\":2,\"name\":\"Urlaub in Rimini\"}]},{\"@type\":\"WebSite\",\"@id\":\"https:\/\/dev.visitrimini.com\/#website\",\"url\":\"https:\/\/dev.visitrimini.com\/\",\"name\":\"Visit Rimini\",\"description\":\"Un nuovo sito targato WordPress\",\"potentialAction\":[{\"@type\":\"SearchAction\",\"target\":{\"@type\":\"EntryPoint\",\"urlTemplate\":\"https:\/\/dev.visitrimini.com\/?s={search_term_string}\"},\"query-input\":\"required name=search_term_string\"}],\"inLanguage\":\"de\"}]}<\/script>\n<!-- \/ Yoast SEO plugin. -->","yoast_head_json":{"title":"Urlaub am Meer in Rimini and der Adria - Visit Rimini","description":"Urlaub in Rimini an der Adria ist Meer, gutes Essen, Kultur, Natu, Sport und viel Spa\u00df! W\u00e4hlen Sie Ihren Urlaub am Meer in Italien in Rimini!","robots":{"index":"index","follow":"follow","max-snippet":"max-snippet:-1","max-image-preview":"max-image-preview:large","max-video-preview":"max-video-preview:-1"},"og_locale":"de_DE","og_type":"article","og_title":"Urlaub am Meer in Rimini and der Adria - Visit Rimini","og_description":"Urlaub in Rimini an der Adria ist Meer, gutes Essen, Kultur, Natu, Sport und viel Spa\u00df! W\u00e4hlen Sie Ihren Urlaub am Meer in Italien in Rimini!","og_url":"https:\/\/dev.visitrimini.com\/de\/urlaub-in-rimini\/","og_site_name":"Visit Rimini","article_modified_time":"2023-03-27T13:30:06+00:00","twitter_card":"summary_large_image","twitter_misc":{"Gesch\u00e4tzte Lesezeit":"3\u00a0Minuten"},"schema":{"@context":"https:\/\/schema.org","@graph":[{"@type":"WebPage","@id":"https:\/\/dev.visitrimini.com\/de\/urlaub-in-rimini\/","url":"https:\/\/dev.visitrimini.com\/de\/urlaub-in-rimini\/","name":"Urlaub am Meer in Rimini and der Adria - Visit Rimini","isPartOf":{"@id":"https:\/\/dev.visitrimini.com\/#website"},"datePublished":"2023-03-17T16:12:55+00:00","dateModified":"2023-03-27T13:30:06+00:00","description":"Urlaub in Rimini an der Adria ist Meer, gutes Essen, Kultur, Natu, Sport und viel Spa\u00df! W\u00e4hlen Sie Ihren Urlaub am Meer in Italien in Rimini!","breadcrumb":{"@id":"https:\/\/dev.visitrimini.com\/de\/urlaub-in-rimini\/#breadcrumb"},"inLanguage":"de","potentialAction":[{"@type":"ReadAction","target":["https:\/\/dev.visitrimini.com\/de\/urlaub-in-rimini\/"]}]},{"@type":"BreadcrumbList","@id":"https:\/\/dev.visitrimini.com\/de\/urlaub-in-rimini\/#breadcrumb","itemListElement":[{"@type":"ListItem","position":1,"name":"Home","item":"https:\/\/dev.visitrimini.com\/de\/"},{"@type":"ListItem","position":2,"name":"Urlaub in Rimini"}]},{"@type":"WebSite","@id":"https:\/\/dev.visitrimini.com\/#website","url":"https:\/\/dev.visitrimini.com\/","name":"Visit Rimini","description":"Un nuovo sito targato WordPress","potentialAction":[{"@type":"SearchAction","target":{"@type":"EntryPoint","urlTemplate":"https:\/\/dev.visitrimini.com\/?s={search_term_string}"},"query-input":"required name=search_term_string"}],"inLanguage":"de"}]}},"_links":{"self":[{"href":"https:\/\/dev.visitrimini.com\/de\/wp-json\/wp\/v2\/pages\/18868"}],"collection":[{"href":"https:\/\/dev.visitrimini.com\/de\/wp-json\/wp\/v2\/pages"}],"about":[{"href":"https:\/\/dev.visitrimini.com\/de\/wp-json\/wp\/v2\/types\/page"}],"author":[{"embeddable":true,"href":"https:\/\/dev.visitrimini.com\/de\/wp-json\/wp\/v2\/users\/6"}],"replies":[{"embeddable":true,"href":"https:\/\/dev.visitrimini.com\/de\/wp-json\/wp\/v2\/comments?post=18868"}],"version-history":[{"count":26,"href":"https:\/\/dev.visitrimini.com\/de\/wp-json\/wp\/v2\/pages\/18868\/revisions"}],"predecessor-version":[{"id":19200,"href":"https:\/\/dev.visitrimini.com\/de\/wp-json\/wp\/v2\/pages\/18868\/revisions\/19200"}],"wp:attachment":[{"href":"https:\/\/dev.visitrimini.com\/de\/wp-json\/wp\/v2\/media?parent=18868"}],"curies":[{"name":"wp","href":"https:\/\/api.w.org\/{rel}","templated":true}]}}