{"id":2361,"date":"2021-04-30T17:39:28","date_gmt":"2021-04-30T15:39:28","guid":{"rendered":"https:\/\/dev.visitrimini.com\/?page_id=2361"},"modified":"2021-11-18T09:23:36","modified_gmt":"2021-11-18T08:23:36","slug":"rimini-im-winter","status":"publish","type":"page","link":"https:\/\/dev.visitrimini.com\/de\/rimini-im-winter\/","title":{"rendered":"<strong>Rimini<\/strong>, im Winter"},"content":{"rendered":"","protected":false},"excerpt":{"rendered":"","protected":false},"author":2,"featured_media":0,"parent":0,"menu_order":3,"comment_status":"closed","ping_status":"closed","template":"page-templates\/stagioni.php","meta":{"footnotes":""},"acf":[],"yoast_head":"<!-- This site is optimized with the Yoast SEO plugin v20.13 - https:\/\/yoast.com\/wordpress\/plugins\/seo\/ -->\n<title>Rimini im Winter, viele Aktivit\u00e4ten zwischen Altstadt, Meer und Wellness<\/title>\n<meta name=\"description\" content=\"Finden Sie heraus, was Sie im Winter in Rimini unternehmen k\u00f6nnen! Zwischen Altstadt, Restaurants, Gesch\u00e4ften und Museen, Meer, und Wellness.\" \/>\n<meta name=\"robots\" content=\"index, follow, max-snippet:-1, max-image-preview:large, max-video-preview:-1\" \/>\n<meta property=\"og:locale\" content=\"de_DE\" \/>\n<meta property=\"og:type\" content=\"article\" \/>\n<meta property=\"og:title\" content=\"Rimini im Winter, viele Aktivit\u00e4ten zwischen Altstadt, Meer und Wellness\" \/>\n<meta property=\"og:description\" content=\"Finden Sie heraus, was Sie im Winter in Rimini unternehmen k\u00f6nnen! Zwischen Altstadt, Restaurants, Gesch\u00e4ften und Museen, Meer, und Wellness.\" \/>\n<meta property=\"og:url\" content=\"https:\/\/dev.visitrimini.com\/de\/rimini-im-winter\/\" \/>\n<meta property=\"og:site_name\" content=\"Visit Rimini\" \/>\n<meta property=\"article:modified_time\" content=\"2021-11-18T08:23:36+00:00\" \/>\n<meta name=\"twitter:card\" content=\"summary_large_image\" \/>\n<script type=\"application\/ld+json\" class=\"yoast-schema-graph\">{\"@context\":\"https:\/\/schema.org\",\"@graph\":[{\"@type\":\"WebPage\",\"@id\":\"https:\/\/dev.visitrimini.com\/de\/rimini-im-winter\/\",\"url\":\"https:\/\/dev.visitrimini.com\/de\/rimini-im-winter\/\",\"name\":\"Rimini im Winter, viele Aktivit\u00e4ten zwischen Altstadt, Meer und Wellness\",\"isPartOf\":{\"@id\":\"https:\/\/dev.visitrimini.com\/#website\"},\"datePublished\":\"2021-04-30T15:39:28+00:00\",\"dateModified\":\"2021-11-18T08:23:36+00:00\",\"description\":\"Finden Sie heraus, was Sie im Winter in Rimini unternehmen k\u00f6nnen! Zwischen Altstadt, Restaurants, Gesch\u00e4ften und Museen, Meer, und Wellness.\",\"breadcrumb\":{\"@id\":\"https:\/\/dev.visitrimini.com\/de\/rimini-im-winter\/#breadcrumb\"},\"inLanguage\":\"de\",\"potentialAction\":[{\"@type\":\"ReadAction\",\"target\":[\"https:\/\/dev.visitrimini.com\/de\/rimini-im-winter\/\"]}]},{\"@type\":\"BreadcrumbList\",\"@id\":\"https:\/\/dev.visitrimini.com\/de\/rimini-im-winter\/#breadcrumb\",\"itemListElement\":[{\"@type\":\"ListItem\",\"position\":1,\"name\":\"Home\",\"item\":\"https:\/\/dev.visitrimini.com\/de\/\"},{\"@type\":\"ListItem\",\"position\":2,\"name\":\"Rimini, im Winter\"}]},{\"@type\":\"WebSite\",\"@id\":\"https:\/\/dev.visitrimini.com\/#website\",\"url\":\"https:\/\/dev.visitrimini.com\/\",\"name\":\"Visit Rimini\",\"description\":\"Un nuovo sito targato WordPress\",\"potentialAction\":[{\"@type\":\"SearchAction\",\"target\":{\"@type\":\"EntryPoint\",\"urlTemplate\":\"https:\/\/dev.visitrimini.com\/?s={search_term_string}\"},\"query-input\":\"required name=search_term_string\"}],\"inLanguage\":\"de\"}]}<\/script>\n<!-- \/ Yoast SEO plugin. -->","yoast_head_json":{"title":"Rimini im Winter, viele Aktivit\u00e4ten zwischen Altstadt, Meer und Wellness","description":"Finden Sie heraus, was Sie im Winter in Rimini unternehmen k\u00f6nnen! Zwischen Altstadt, Restaurants, Gesch\u00e4ften und Museen, Meer, und Wellness.","robots":{"index":"index","follow":"follow","max-snippet":"max-snippet:-1","max-image-preview":"max-image-preview:large","max-video-preview":"max-video-preview:-1"},"og_locale":"de_DE","og_type":"article","og_title":"Rimini im Winter, viele Aktivit\u00e4ten zwischen Altstadt, Meer und Wellness","og_description":"Finden Sie heraus, was Sie im Winter in Rimini unternehmen k\u00f6nnen! Zwischen Altstadt, Restaurants, Gesch\u00e4ften und Museen, Meer, und Wellness.","og_url":"https:\/\/dev.visitrimini.com\/de\/rimini-im-winter\/","og_site_name":"Visit Rimini","article_modified_time":"2021-11-18T08:23:36+00:00","twitter_card":"summary_large_image","schema":{"@context":"https:\/\/schema.org","@graph":[{"@type":"WebPage","@id":"https:\/\/dev.visitrimini.com\/de\/rimini-im-winter\/","url":"https:\/\/dev.visitrimini.com\/de\/rimini-im-winter\/","name":"Rimini im Winter, viele Aktivit\u00e4ten zwischen Altstadt, Meer und Wellness","isPartOf":{"@id":"https:\/\/dev.visitrimini.com\/#website"},"datePublished":"2021-04-30T15:39:28+00:00","dateModified":"2021-11-18T08:23:36+00:00","description":"Finden Sie heraus, was Sie im Winter in Rimini unternehmen k\u00f6nnen! Zwischen Altstadt, Restaurants, Gesch\u00e4ften und Museen, Meer, und Wellness.","breadcrumb":{"@id":"https:\/\/dev.visitrimini.com\/de\/rimini-im-winter\/#breadcrumb"},"inLanguage":"de","potentialAction":[{"@type":"ReadAction","target":["https:\/\/dev.visitrimini.com\/de\/rimini-im-winter\/"]}]},{"@type":"BreadcrumbList","@id":"https:\/\/dev.visitrimini.com\/de\/rimini-im-winter\/#breadcrumb","itemListElement":[{"@type":"ListItem","position":1,"name":"Home","item":"https:\/\/dev.visitrimini.com\/de\/"},{"@type":"ListItem","position":2,"name":"Rimini, im Winter"}]},{"@type":"WebSite","@id":"https:\/\/dev.visitrimini.com\/#website","url":"https:\/\/dev.visitrimini.com\/","name":"Visit Rimini","description":"Un nuovo sito targato WordPress","potentialAction":[{"@type":"SearchAction","target":{"@type":"EntryPoint","urlTemplate":"https:\/\/dev.visitrimini.com\/?s={search_term_string}"},"query-input":"required name=search_term_string"}],"inLanguage":"de"}]}},"_links":{"self":[{"href":"https:\/\/dev.visitrimini.com\/de\/wp-json\/wp\/v2\/pages\/2361"}],"collection":[{"href":"https:\/\/dev.visitrimini.com\/de\/wp-json\/wp\/v2\/pages"}],"about":[{"href":"https:\/\/dev.visitrimini.com\/de\/wp-json\/wp\/v2\/types\/page"}],"author":[{"embeddable":true,"href":"https:\/\/dev.visitrimini.com\/de\/wp-json\/wp\/v2\/users\/2"}],"replies":[{"embeddable":true,"href":"https:\/\/dev.visitrimini.com\/de\/wp-json\/wp\/v2\/comments?post=2361"}],"version-history":[{"count":3,"href":"https:\/\/dev.visitrimini.com\/de\/wp-json\/wp\/v2\/pages\/2361\/revisions"}],"predecessor-version":[{"id":2555,"href":"https:\/\/dev.visitrimini.com\/de\/wp-json\/wp\/v2\/pages\/2361\/revisions\/2555"}],"wp:attachment":[{"href":"https:\/\/dev.visitrimini.com\/de\/wp-json\/wp\/v2\/media?parent=2361"}],"curies":[{"name":"wp","href":"https:\/\/api.w.org\/{rel}","templated":true}]}}