{"id":2382,"date":"2021-04-30T17:17:08","date_gmt":"2021-04-30T15:17:08","guid":{"rendered":"https:\/\/dev.visitrimini.com\/?page_id=2382"},"modified":"2022-02-25T09:36:51","modified_gmt":"2022-02-25T08:36:51","slug":"rimini-im-herbst","status":"publish","type":"page","link":"https:\/\/dev.visitrimini.com\/de\/rimini-im-herbst\/","title":{"rendered":"<strong>Rimini<\/strong>, im Herbst"},"content":{"rendered":"","protected":false},"excerpt":{"rendered":"","protected":false},"author":2,"featured_media":0,"parent":0,"menu_order":3,"comment_status":"closed","ping_status":"closed","template":"page-templates\/stagioni.php","meta":{"footnotes":""},"acf":[],"yoast_head":"<!-- This site is optimized with the Yoast SEO plugin v20.13 - https:\/\/yoast.com\/wordpress\/plugins\/seo\/ -->\n<title>Rimini in den Herbstmonaten belebt durch die Festivalsaison<\/title>\n<meta name=\"description\" content=\"Rimini im Herbst zu sehen: eine Kultursaison zwischen Radfahren und Wein, \u00d6l, Honig, Kastanien, Tr\u00fcffeln und K\u00e4se\" \/>\n<meta name=\"robots\" content=\"index, follow, max-snippet:-1, max-image-preview:large, max-video-preview:-1\" \/>\n<meta property=\"og:locale\" content=\"de_DE\" \/>\n<meta property=\"og:type\" content=\"article\" \/>\n<meta property=\"og:title\" content=\"Rimini in den Herbstmonaten belebt durch die Festivalsaison\" \/>\n<meta property=\"og:description\" content=\"Rimini im Herbst zu sehen: eine Kultursaison zwischen Radfahren und Wein, \u00d6l, Honig, Kastanien, Tr\u00fcffeln und K\u00e4se\" \/>\n<meta property=\"og:url\" content=\"https:\/\/dev.visitrimini.com\/rimini-l-autunno\/\" \/>\n<meta property=\"og:site_name\" content=\"Visit Rimini\" \/>\n<meta property=\"article:modified_time\" content=\"2022-02-25T08:36:51+00:00\" \/>\n<meta name=\"twitter:card\" content=\"summary_large_image\" \/>\n<script type=\"application\/ld+json\" class=\"yoast-schema-graph\">{\"@context\":\"https:\/\/schema.org\",\"@graph\":[{\"@type\":\"WebPage\",\"@id\":\"https:\/\/dev.visitrimini.com\/rimini-l-autunno\/\",\"url\":\"https:\/\/dev.visitrimini.com\/rimini-l-autunno\/\",\"name\":\"Rimini in den Herbstmonaten belebt durch die Festivalsaison\",\"isPartOf\":{\"@id\":\"https:\/\/dev.visitrimini.com\/#website\"},\"datePublished\":\"2021-04-30T15:17:08+00:00\",\"dateModified\":\"2022-02-25T08:36:51+00:00\",\"description\":\"Rimini im Herbst zu sehen: eine Kultursaison zwischen Radfahren und Wein, \u00d6l, Honig, Kastanien, Tr\u00fcffeln und K\u00e4se\",\"breadcrumb\":{\"@id\":\"https:\/\/dev.visitrimini.com\/rimini-l-autunno\/#breadcrumb\"},\"inLanguage\":\"de\",\"potentialAction\":[{\"@type\":\"ReadAction\",\"target\":[\"https:\/\/dev.visitrimini.com\/rimini-l-autunno\/\"]}]},{\"@type\":\"BreadcrumbList\",\"@id\":\"https:\/\/dev.visitrimini.com\/rimini-l-autunno\/#breadcrumb\",\"itemListElement\":[{\"@type\":\"ListItem\",\"position\":1,\"name\":\"Home\",\"item\":\"https:\/\/dev.visitrimini.com\/de\/\"},{\"@type\":\"ListItem\",\"position\":2,\"name\":\"Rimini, im Herbst\"}]},{\"@type\":\"WebSite\",\"@id\":\"https:\/\/dev.visitrimini.com\/#website\",\"url\":\"https:\/\/dev.visitrimini.com\/\",\"name\":\"Visit Rimini\",\"description\":\"Un nuovo sito targato WordPress\",\"potentialAction\":[{\"@type\":\"SearchAction\",\"target\":{\"@type\":\"EntryPoint\",\"urlTemplate\":\"https:\/\/dev.visitrimini.com\/?s={search_term_string}\"},\"query-input\":\"required name=search_term_string\"}],\"inLanguage\":\"de\"}]}<\/script>\n<!-- \/ Yoast SEO plugin. -->","yoast_head_json":{"title":"Rimini in den Herbstmonaten belebt durch die Festivalsaison","description":"Rimini im Herbst zu sehen: eine Kultursaison zwischen Radfahren und Wein, \u00d6l, Honig, Kastanien, Tr\u00fcffeln und K\u00e4se","robots":{"index":"index","follow":"follow","max-snippet":"max-snippet:-1","max-image-preview":"max-image-preview:large","max-video-preview":"max-video-preview:-1"},"og_locale":"de_DE","og_type":"article","og_title":"Rimini in den Herbstmonaten belebt durch die Festivalsaison","og_description":"Rimini im Herbst zu sehen: eine Kultursaison zwischen Radfahren und Wein, \u00d6l, Honig, Kastanien, Tr\u00fcffeln und K\u00e4se","og_url":"https:\/\/dev.visitrimini.com\/rimini-l-autunno\/","og_site_name":"Visit Rimini","article_modified_time":"2022-02-25T08:36:51+00:00","twitter_card":"summary_large_image","schema":{"@context":"https:\/\/schema.org","@graph":[{"@type":"WebPage","@id":"https:\/\/dev.visitrimini.com\/rimini-l-autunno\/","url":"https:\/\/dev.visitrimini.com\/rimini-l-autunno\/","name":"Rimini in den Herbstmonaten belebt durch die Festivalsaison","isPartOf":{"@id":"https:\/\/dev.visitrimini.com\/#website"},"datePublished":"2021-04-30T15:17:08+00:00","dateModified":"2022-02-25T08:36:51+00:00","description":"Rimini im Herbst zu sehen: eine Kultursaison zwischen Radfahren und Wein, \u00d6l, Honig, Kastanien, Tr\u00fcffeln und K\u00e4se","breadcrumb":{"@id":"https:\/\/dev.visitrimini.com\/rimini-l-autunno\/#breadcrumb"},"inLanguage":"de","potentialAction":[{"@type":"ReadAction","target":["https:\/\/dev.visitrimini.com\/rimini-l-autunno\/"]}]},{"@type":"BreadcrumbList","@id":"https:\/\/dev.visitrimini.com\/rimini-l-autunno\/#breadcrumb","itemListElement":[{"@type":"ListItem","position":1,"name":"Home","item":"https:\/\/dev.visitrimini.com\/de\/"},{"@type":"ListItem","position":2,"name":"Rimini, im Herbst"}]},{"@type":"WebSite","@id":"https:\/\/dev.visitrimini.com\/#website","url":"https:\/\/dev.visitrimini.com\/","name":"Visit Rimini","description":"Un nuovo sito targato WordPress","potentialAction":[{"@type":"SearchAction","target":{"@type":"EntryPoint","urlTemplate":"https:\/\/dev.visitrimini.com\/?s={search_term_string}"},"query-input":"required name=search_term_string"}],"inLanguage":"de"}]}},"_links":{"self":[{"href":"https:\/\/dev.visitrimini.com\/de\/wp-json\/wp\/v2\/pages\/2382"}],"collection":[{"href":"https:\/\/dev.visitrimini.com\/de\/wp-json\/wp\/v2\/pages"}],"about":[{"href":"https:\/\/dev.visitrimini.com\/de\/wp-json\/wp\/v2\/types\/page"}],"author":[{"embeddable":true,"href":"https:\/\/dev.visitrimini.com\/de\/wp-json\/wp\/v2\/users\/2"}],"replies":[{"embeddable":true,"href":"https:\/\/dev.visitrimini.com\/de\/wp-json\/wp\/v2\/comments?post=2382"}],"version-history":[{"count":6,"href":"https:\/\/dev.visitrimini.com\/de\/wp-json\/wp\/v2\/pages\/2382\/revisions"}],"predecessor-version":[{"id":3185,"href":"https:\/\/dev.visitrimini.com\/de\/wp-json\/wp\/v2\/pages\/2382\/revisions\/3185"}],"wp:attachment":[{"href":"https:\/\/dev.visitrimini.com\/de\/wp-json\/wp\/v2\/media?parent=2382"}],"curies":[{"name":"wp","href":"https:\/\/api.w.org\/{rel}","templated":true}]}}