{"id":3134,"date":"2021-04-19T10:43:15","date_gmt":"2021-04-19T08:43:15","guid":{"rendered":"https:\/\/dev.visitrimini.com\/ricerca-globale\/"},"modified":"2022-04-04T08:57:03","modified_gmt":"2022-04-04T06:57:03","slug":"suchen-finden-rimini","status":"publish","type":"page","link":"https:\/\/dev.visitrimini.com\/de\/suchen-finden-rimini\/","title":{"rendered":"Suchen, finden, Rimini"},"content":{"rendered":"","protected":false},"excerpt":{"rendered":"","protected":false},"author":1,"featured_media":975,"parent":0,"menu_order":0,"comment_status":"closed","ping_status":"closed","template":"page-templates\/ricerca-globale.php","meta":{"footnotes":""},"acf":[],"yoast_head":"<!-- This site is optimized with the Yoast SEO plugin v20.13 - https:\/\/yoast.com\/wordpress\/plugins\/seo\/ -->\n<title>Suchen, finden, Rimini - Visit Rimini<\/title>\n<meta name=\"description\" content=\"Die Suchmaschine, um ein Hotel zu buchen und Aktivit\u00e4ten in Rimini w\u00e4hrend Ihres Urlaubs auszuw\u00e4hlen.\" \/>\n<meta name=\"robots\" content=\"index, follow, max-snippet:-1, max-image-preview:large, max-video-preview:-1\" \/>\n<meta property=\"og:locale\" content=\"de_DE\" \/>\n<meta property=\"og:type\" content=\"article\" \/>\n<meta property=\"og:title\" content=\"Suchen, finden, Rimini - Visit Rimini\" \/>\n<meta property=\"og:description\" content=\"Die Suchmaschine, um ein Hotel zu buchen und Aktivit\u00e4ten in Rimini w\u00e4hrend Ihres Urlaubs auszuw\u00e4hlen.\" \/>\n<meta property=\"og:url\" content=\"https:\/\/dev.visitrimini.com\/ricerca-globale\/\" \/>\n<meta property=\"og:site_name\" content=\"Visit Rimini\" \/>\n<meta property=\"article:modified_time\" content=\"2022-04-04T06:57:03+00:00\" \/>\n<meta property=\"og:image\" content=\"https:\/\/dev.visitrimini.com\/wp-content\/uploads\/2021\/04\/rimini-bella.jpg\" \/>\n\t<meta property=\"og:image:width\" content=\"600\" \/>\n\t<meta property=\"og:image:height\" content=\"342\" \/>\n\t<meta property=\"og:image:type\" content=\"image\/jpeg\" \/>\n<meta name=\"twitter:card\" content=\"summary_large_image\" \/>\n<script type=\"application\/ld+json\" class=\"yoast-schema-graph\">{\"@context\":\"https:\/\/schema.org\",\"@graph\":[{\"@type\":\"WebPage\",\"@id\":\"https:\/\/dev.visitrimini.com\/ricerca-globale\/\",\"url\":\"https:\/\/dev.visitrimini.com\/ricerca-globale\/\",\"name\":\"Suchen, finden, Rimini - Visit Rimini\",\"isPartOf\":{\"@id\":\"https:\/\/dev.visitrimini.com\/#website\"},\"datePublished\":\"2021-04-19T08:43:15+00:00\",\"dateModified\":\"2022-04-04T06:57:03+00:00\",\"description\":\"Die Suchmaschine, um ein Hotel zu buchen und Aktivit\u00e4ten in Rimini w\u00e4hrend Ihres Urlaubs auszuw\u00e4hlen.\",\"breadcrumb\":{\"@id\":\"https:\/\/dev.visitrimini.com\/ricerca-globale\/#breadcrumb\"},\"inLanguage\":\"de\",\"potentialAction\":[{\"@type\":\"ReadAction\",\"target\":[\"https:\/\/dev.visitrimini.com\/ricerca-globale\/\"]}]},{\"@type\":\"BreadcrumbList\",\"@id\":\"https:\/\/dev.visitrimini.com\/ricerca-globale\/#breadcrumb\",\"itemListElement\":[{\"@type\":\"ListItem\",\"position\":1,\"name\":\"Home\",\"item\":\"https:\/\/dev.visitrimini.com\/de\/\"},{\"@type\":\"ListItem\",\"position\":2,\"name\":\"Suchen, finden, Rimini\"}]},{\"@type\":\"WebSite\",\"@id\":\"https:\/\/dev.visitrimini.com\/#website\",\"url\":\"https:\/\/dev.visitrimini.com\/\",\"name\":\"Visit Rimini\",\"description\":\"Un nuovo sito targato WordPress\",\"potentialAction\":[{\"@type\":\"SearchAction\",\"target\":{\"@type\":\"EntryPoint\",\"urlTemplate\":\"https:\/\/dev.visitrimini.com\/?s={search_term_string}\"},\"query-input\":\"required name=search_term_string\"}],\"inLanguage\":\"de\"}]}<\/script>\n<!-- \/ Yoast SEO plugin. -->","yoast_head_json":{"title":"Suchen, finden, Rimini - Visit Rimini","description":"Die Suchmaschine, um ein Hotel zu buchen und Aktivit\u00e4ten in Rimini w\u00e4hrend Ihres Urlaubs auszuw\u00e4hlen.","robots":{"index":"index","follow":"follow","max-snippet":"max-snippet:-1","max-image-preview":"max-image-preview:large","max-video-preview":"max-video-preview:-1"},"og_locale":"de_DE","og_type":"article","og_title":"Suchen, finden, Rimini - Visit Rimini","og_description":"Die Suchmaschine, um ein Hotel zu buchen und Aktivit\u00e4ten in Rimini w\u00e4hrend Ihres Urlaubs auszuw\u00e4hlen.","og_url":"https:\/\/dev.visitrimini.com\/ricerca-globale\/","og_site_name":"Visit Rimini","article_modified_time":"2022-04-04T06:57:03+00:00","og_image":[{"width":600,"height":342,"url":"https:\/\/dev.visitrimini.com\/wp-content\/uploads\/2021\/04\/rimini-bella.jpg","type":"image\/jpeg"}],"twitter_card":"summary_large_image","schema":{"@context":"https:\/\/schema.org","@graph":[{"@type":"WebPage","@id":"https:\/\/dev.visitrimini.com\/ricerca-globale\/","url":"https:\/\/dev.visitrimini.com\/ricerca-globale\/","name":"Suchen, finden, Rimini - Visit Rimini","isPartOf":{"@id":"https:\/\/dev.visitrimini.com\/#website"},"datePublished":"2021-04-19T08:43:15+00:00","dateModified":"2022-04-04T06:57:03+00:00","description":"Die Suchmaschine, um ein Hotel zu buchen und Aktivit\u00e4ten in Rimini w\u00e4hrend Ihres Urlaubs auszuw\u00e4hlen.","breadcrumb":{"@id":"https:\/\/dev.visitrimini.com\/ricerca-globale\/#breadcrumb"},"inLanguage":"de","potentialAction":[{"@type":"ReadAction","target":["https:\/\/dev.visitrimini.com\/ricerca-globale\/"]}]},{"@type":"BreadcrumbList","@id":"https:\/\/dev.visitrimini.com\/ricerca-globale\/#breadcrumb","itemListElement":[{"@type":"ListItem","position":1,"name":"Home","item":"https:\/\/dev.visitrimini.com\/de\/"},{"@type":"ListItem","position":2,"name":"Suchen, finden, Rimini"}]},{"@type":"WebSite","@id":"https:\/\/dev.visitrimini.com\/#website","url":"https:\/\/dev.visitrimini.com\/","name":"Visit Rimini","description":"Un nuovo sito targato WordPress","potentialAction":[{"@type":"SearchAction","target":{"@type":"EntryPoint","urlTemplate":"https:\/\/dev.visitrimini.com\/?s={search_term_string}"},"query-input":"required name=search_term_string"}],"inLanguage":"de"}]}},"_links":{"self":[{"href":"https:\/\/dev.visitrimini.com\/de\/wp-json\/wp\/v2\/pages\/3134"}],"collection":[{"href":"https:\/\/dev.visitrimini.com\/de\/wp-json\/wp\/v2\/pages"}],"about":[{"href":"https:\/\/dev.visitrimini.com\/de\/wp-json\/wp\/v2\/types\/page"}],"author":[{"embeddable":true,"href":"https:\/\/dev.visitrimini.com\/de\/wp-json\/wp\/v2\/users\/1"}],"replies":[{"embeddable":true,"href":"https:\/\/dev.visitrimini.com\/de\/wp-json\/wp\/v2\/comments?post=3134"}],"version-history":[{"count":2,"href":"https:\/\/dev.visitrimini.com\/de\/wp-json\/wp\/v2\/pages\/3134\/revisions"}],"predecessor-version":[{"id":3137,"href":"https:\/\/dev.visitrimini.com\/de\/wp-json\/wp\/v2\/pages\/3134\/revisions\/3137"}],"wp:featuredmedia":[{"embeddable":true,"href":"https:\/\/dev.visitrimini.com\/de\/wp-json\/wp\/v2\/media\/975"}],"wp:attachment":[{"href":"https:\/\/dev.visitrimini.com\/de\/wp-json\/wp\/v2\/media?parent=3134"}],"curies":[{"name":"wp","href":"https:\/\/api.w.org\/{rel}","templated":true}]}}