{"id":4253,"date":"2021-05-20T16:41:00","date_gmt":"2021-05-20T14:41:00","guid":{"rendered":"https:\/\/dev.visitrimini.com\/perche-prenotare-una-vacanza-su-visitrimini\/"},"modified":"2022-02-16T14:52:46","modified_gmt":"2022-02-16T13:52:46","slug":"warum-einen-urlaub-auf-visitrimini-buchen","status":"publish","type":"page","link":"https:\/\/dev.visitrimini.com\/de\/warum-einen-urlaub-auf-visitrimini-buchen\/","title":{"rendered":"Buchen Sie ein Hotel und Ihren Urlaub in Rimini bei uns, viele Vorteile f\u00fcr Sie!"},"content":{"rendered":"","protected":false},"excerpt":{"rendered":"","protected":false},"author":3,"featured_media":2765,"parent":0,"menu_order":0,"comment_status":"closed","ping_status":"closed","template":"page-templates\/landing-pacchetti.php","meta":{"footnotes":""},"acf":[],"yoast_head":"<!-- This site is optimized with the Yoast SEO plugin v20.13 - https:\/\/yoast.com\/wordpress\/plugins\/seo\/ -->\n<title>Organisieren Sie Ihren Urlaub in Rimini, buchen Sie Ihr Hotel auf VisitRimini.com<\/title>\n<meta name=\"description\" content=\"Buchen Sie die besten Hotels f\u00fcr Ihren Urlaub in Rimini mit VisitRimini.com, ein ma\u00dfgeschneiderter Urlaub f\u00fcr Sie!\" \/>\n<meta name=\"robots\" content=\"index, follow, max-snippet:-1, max-image-preview:large, max-video-preview:-1\" \/>\n<meta property=\"og:locale\" content=\"de_DE\" \/>\n<meta property=\"og:type\" content=\"article\" \/>\n<meta property=\"og:title\" content=\"Organisieren Sie Ihren Urlaub in Rimini, buchen Sie Ihr Hotel auf VisitRimini.com\" \/>\n<meta property=\"og:description\" content=\"Buchen Sie die besten Hotels f\u00fcr Ihren Urlaub in Rimini mit VisitRimini.com, ein ma\u00dfgeschneiderter Urlaub f\u00fcr Sie!\" \/>\n<meta property=\"og:url\" content=\"https:\/\/dev.visitrimini.com\/de\/warum-einen-urlaub-auf-visitrimini-buchen\/\" \/>\n<meta property=\"og:site_name\" content=\"Visit Rimini\" \/>\n<meta property=\"article:modified_time\" content=\"2022-02-16T13:52:46+00:00\" \/>\n<meta property=\"og:image\" content=\"https:\/\/dev.visitrimini.com\/wp-content\/uploads\/2021\/05\/z-LARGA-1.jpg\" \/>\n\t<meta property=\"og:image:width\" content=\"2000\" \/>\n\t<meta property=\"og:image:height\" content=\"800\" \/>\n\t<meta property=\"og:image:type\" content=\"image\/jpeg\" \/>\n<meta name=\"twitter:card\" content=\"summary_large_image\" \/>\n<script type=\"application\/ld+json\" class=\"yoast-schema-graph\">{\"@context\":\"https:\/\/schema.org\",\"@graph\":[{\"@type\":\"WebPage\",\"@id\":\"https:\/\/dev.visitrimini.com\/de\/warum-einen-urlaub-auf-visitrimini-buchen\/\",\"url\":\"https:\/\/dev.visitrimini.com\/de\/warum-einen-urlaub-auf-visitrimini-buchen\/\",\"name\":\"Organisieren Sie Ihren Urlaub in Rimini, buchen Sie Ihr Hotel auf VisitRimini.com\",\"isPartOf\":{\"@id\":\"https:\/\/dev.visitrimini.com\/#website\"},\"datePublished\":\"2021-05-20T14:41:00+00:00\",\"dateModified\":\"2022-02-16T13:52:46+00:00\",\"description\":\"Buchen Sie die besten Hotels f\u00fcr Ihren Urlaub in Rimini mit VisitRimini.com, ein ma\u00dfgeschneiderter Urlaub f\u00fcr Sie!\",\"breadcrumb\":{\"@id\":\"https:\/\/dev.visitrimini.com\/de\/warum-einen-urlaub-auf-visitrimini-buchen\/#breadcrumb\"},\"inLanguage\":\"de\",\"potentialAction\":[{\"@type\":\"ReadAction\",\"target\":[\"https:\/\/dev.visitrimini.com\/de\/warum-einen-urlaub-auf-visitrimini-buchen\/\"]}]},{\"@type\":\"BreadcrumbList\",\"@id\":\"https:\/\/dev.visitrimini.com\/de\/warum-einen-urlaub-auf-visitrimini-buchen\/#breadcrumb\",\"itemListElement\":[{\"@type\":\"ListItem\",\"position\":1,\"name\":\"Home\",\"item\":\"https:\/\/dev.visitrimini.com\/de\/\"},{\"@type\":\"ListItem\",\"position\":2,\"name\":\"Buchen Sie ein Hotel und Ihren Urlaub in Rimini bei uns, viele Vorteile f\u00fcr Sie!\"}]},{\"@type\":\"WebSite\",\"@id\":\"https:\/\/dev.visitrimini.com\/#website\",\"url\":\"https:\/\/dev.visitrimini.com\/\",\"name\":\"Visit Rimini\",\"description\":\"Un nuovo sito targato WordPress\",\"potentialAction\":[{\"@type\":\"SearchAction\",\"target\":{\"@type\":\"EntryPoint\",\"urlTemplate\":\"https:\/\/dev.visitrimini.com\/?s={search_term_string}\"},\"query-input\":\"required name=search_term_string\"}],\"inLanguage\":\"de\"}]}<\/script>\n<!-- \/ Yoast SEO plugin. -->","yoast_head_json":{"title":"Organisieren Sie Ihren Urlaub in Rimini, buchen Sie Ihr Hotel auf VisitRimini.com","description":"Buchen Sie die besten Hotels f\u00fcr Ihren Urlaub in Rimini mit VisitRimini.com, ein ma\u00dfgeschneiderter Urlaub f\u00fcr Sie!","robots":{"index":"index","follow":"follow","max-snippet":"max-snippet:-1","max-image-preview":"max-image-preview:large","max-video-preview":"max-video-preview:-1"},"og_locale":"de_DE","og_type":"article","og_title":"Organisieren Sie Ihren Urlaub in Rimini, buchen Sie Ihr Hotel auf VisitRimini.com","og_description":"Buchen Sie die besten Hotels f\u00fcr Ihren Urlaub in Rimini mit VisitRimini.com, ein ma\u00dfgeschneiderter Urlaub f\u00fcr Sie!","og_url":"https:\/\/dev.visitrimini.com\/de\/warum-einen-urlaub-auf-visitrimini-buchen\/","og_site_name":"Visit Rimini","article_modified_time":"2022-02-16T13:52:46+00:00","og_image":[{"width":2000,"height":800,"url":"https:\/\/dev.visitrimini.com\/wp-content\/uploads\/2021\/05\/z-LARGA-1.jpg","type":"image\/jpeg"}],"twitter_card":"summary_large_image","schema":{"@context":"https:\/\/schema.org","@graph":[{"@type":"WebPage","@id":"https:\/\/dev.visitrimini.com\/de\/warum-einen-urlaub-auf-visitrimini-buchen\/","url":"https:\/\/dev.visitrimini.com\/de\/warum-einen-urlaub-auf-visitrimini-buchen\/","name":"Organisieren Sie Ihren Urlaub in Rimini, buchen Sie Ihr Hotel auf VisitRimini.com","isPartOf":{"@id":"https:\/\/dev.visitrimini.com\/#website"},"datePublished":"2021-05-20T14:41:00+00:00","dateModified":"2022-02-16T13:52:46+00:00","description":"Buchen Sie die besten Hotels f\u00fcr Ihren Urlaub in Rimini mit VisitRimini.com, ein ma\u00dfgeschneiderter Urlaub f\u00fcr Sie!","breadcrumb":{"@id":"https:\/\/dev.visitrimini.com\/de\/warum-einen-urlaub-auf-visitrimini-buchen\/#breadcrumb"},"inLanguage":"de","potentialAction":[{"@type":"ReadAction","target":["https:\/\/dev.visitrimini.com\/de\/warum-einen-urlaub-auf-visitrimini-buchen\/"]}]},{"@type":"BreadcrumbList","@id":"https:\/\/dev.visitrimini.com\/de\/warum-einen-urlaub-auf-visitrimini-buchen\/#breadcrumb","itemListElement":[{"@type":"ListItem","position":1,"name":"Home","item":"https:\/\/dev.visitrimini.com\/de\/"},{"@type":"ListItem","position":2,"name":"Buchen Sie ein Hotel und Ihren Urlaub in Rimini bei uns, viele Vorteile f\u00fcr Sie!"}]},{"@type":"WebSite","@id":"https:\/\/dev.visitrimini.com\/#website","url":"https:\/\/dev.visitrimini.com\/","name":"Visit Rimini","description":"Un nuovo sito targato WordPress","potentialAction":[{"@type":"SearchAction","target":{"@type":"EntryPoint","urlTemplate":"https:\/\/dev.visitrimini.com\/?s={search_term_string}"},"query-input":"required name=search_term_string"}],"inLanguage":"de"}]}},"_links":{"self":[{"href":"https:\/\/dev.visitrimini.com\/de\/wp-json\/wp\/v2\/pages\/4253"}],"collection":[{"href":"https:\/\/dev.visitrimini.com\/de\/wp-json\/wp\/v2\/pages"}],"about":[{"href":"https:\/\/dev.visitrimini.com\/de\/wp-json\/wp\/v2\/types\/page"}],"author":[{"embeddable":true,"href":"https:\/\/dev.visitrimini.com\/de\/wp-json\/wp\/v2\/users\/3"}],"replies":[{"embeddable":true,"href":"https:\/\/dev.visitrimini.com\/de\/wp-json\/wp\/v2\/comments?post=4253"}],"version-history":[{"count":9,"href":"https:\/\/dev.visitrimini.com\/de\/wp-json\/wp\/v2\/pages\/4253\/revisions"}],"predecessor-version":[{"id":11910,"href":"https:\/\/dev.visitrimini.com\/de\/wp-json\/wp\/v2\/pages\/4253\/revisions\/11910"}],"wp:featuredmedia":[{"embeddable":true,"href":"https:\/\/dev.visitrimini.com\/de\/wp-json\/wp\/v2\/media\/2765"}],"wp:attachment":[{"href":"https:\/\/dev.visitrimini.com\/de\/wp-json\/wp\/v2\/media?parent=4253"}],"curies":[{"name":"wp","href":"https:\/\/api.w.org\/{rel}","templated":true}]}}