{"id":5599,"date":"2021-07-05T09:38:32","date_gmt":"2021-07-05T07:38:32","guid":{"rendered":"https:\/\/dev.visitrimini.com\/?page_id=5599"},"modified":"2021-07-05T09:38:32","modified_gmt":"2021-07-05T07:38:32","slug":"rimini-bike-district","status":"publish","type":"page","link":"https:\/\/dev.visitrimini.com\/de\/rimini-bike-district\/","title":{"rendered":"Rimini, Bike District"},"content":{"rendered":"<h3><strong>Rimini bietet allen ihren Fahrradreisenden besondere Sorgfalt und Aufmerksamkeit!<\/strong><\/h3>\n<p>Machen Sie es sich auf Ihrem Fahrrad bequem und \u00fcbernachten Sie in den <strong>Bike-Hotels von Rimini<\/strong>, den Experten im Bereich des sportlichen Radurlaubs, die alle notwendigen Dienstleistungen f\u00fcr Radfahrer aus der ganzen Welt bieten.<\/p>\n<p>Entdecken Sie in aller Ruhe die 130 km Radwege von Rimini und erkunden Sie dann unser Gebiet, das Sie zwischen Ebenen, H\u00fcgeln und unserem Apennin verzaubern wei\u00df.<\/p>\n<p><img decoding=\"async\" loading=\"lazy\" class=\"alignleft wp-image-1780 size-medium\" src=\"https:\/\/dev.visitrimini.com\/wp-content\/uploads\/2021\/04\/z-bikepark2-300x300.jpg\" alt=\"\" width=\"300\" height=\"300\" srcset=\"https:\/\/dev.visitrimini.com\/wp-content\/uploads\/2021\/04\/z-bikepark2-300x300.jpg 300w, https:\/\/dev.visitrimini.com\/wp-content\/uploads\/2021\/04\/z-bikepark2-150x150.jpg 150w, https:\/\/dev.visitrimini.com\/wp-content\/uploads\/2021\/04\/z-bikepark2.jpg 600w\" sizes=\"(max-width: 300px) 100vw, 300px\" \/><\/p>\n<p>&nbsp;<\/p>\n<p>Aber wenn Sie Ihr Fahrrad nicht mitnehmen m\u00f6chten, finden Sie, mitten im Stadtzentrum, <strong>den Rimini Bike Park<\/strong> mit allen Mietservices, Abstellm\u00f6glichkeiten und einer spezialisierten Fahrradwerkstatt. In strategischer Lage, in der N\u00e4he des Bahnhofs, ist der Bike Park 7 Tage die Woche ganzt\u00e4gig ge\u00f6ffnet.<\/p>\n<p>Das Team von VisitRimini hat die besten Anbieter in der Umgebung f\u00fcr Sie ausgew\u00e4hlt! So k\u00f6nnen Sie zwischen <strong>Rennr\u00e4dern<\/strong>, <strong>Mountainbikes<\/strong>, <strong>E-Bikes<\/strong> und <strong>normalen Fahrr\u00e4dern<\/strong> w\u00e4hlen und das bevorzugte Model mieten.<\/p>\n<p>&nbsp;<\/p>\n<p>Vergessen Sie nicht, dass Sie <strong>hier<\/strong> auch die notwendige Ausr\u00fcstung und zahlreiche detaillierte Gpx-Papierkarten zum Download finden.<\/p>\n<p><strong>Oder buchen Sie eine Tour mit unseren spezialisierten F\u00fchrern f\u00fcr Amateur- und Profirouten.<\/strong><\/p>\n<p>Wir empfehlen Ihnen, auf den Radwegen zu radeln, die die Stadt, die Parks und die gesamte Uferpromenade durchqueren. H\u00f6ren aber Sie nicht auf, fahren Sie weiter in die Berge des Hinterlandes, \u00fcber Fl\u00fcsse und H\u00fcgel, mittelalterliche D\u00f6rfer und St\u00e4dte, D\u00fcfte und Geschm\u00e4cker, Traditionen und Kultur.<\/p>\n<p>&#8230; Und wenn Sie kein Radprofi mit langen Strecken sind, kommen Sie und versuchen Sie, ein komfortables Fahrrad zu fahren und all die Sch\u00f6nheiten der Stadt und ihr unendliches Meer zu bewundern, das nie zu enden scheint.<\/p>\n<p><em>Schlie\u00dflich, wenn Sie ein echter Fan der Fahrradwelt sind, sollten Sie sich dieses Datum in Ihrem Kalender notieren, denn Sie k\u00f6nnen es nicht verpassen: Jedes Jahr im September findet das erste und einzige italienische Festival, das der Welt des Radsports gewidmet ist, nur in Rimini statt:<\/em><\/p>\n<p style=\"text-align: center;\"><strong>ITALIAN BIKE FESTIVAL &#8211; ITALIENISCHES FAHRRADFESTIVAL<\/strong><\/p>\n<p><strong>Verpassen Sie nicht die Gelegenheit, sich \u00fcber die Neuigkeiten der zwei R\u00e4der zu informieren.<\/strong><\/p>\n<p>&nbsp;<\/p>\n<p><img decoding=\"async\" loading=\"lazy\" class=\"alignnone size-full wp-image-5513\" src=\"https:\/\/dev.visitrimini.com\/wp-content\/uploads\/2021\/06\/foto1.png\" alt=\"\" width=\"1000\" height=\"1000\" srcset=\"https:\/\/dev.visitrimini.com\/wp-content\/uploads\/2021\/06\/foto1.png 1000w, https:\/\/dev.visitrimini.com\/wp-content\/uploads\/2021\/06\/foto1-300x300.png 300w, https:\/\/dev.visitrimini.com\/wp-content\/uploads\/2021\/06\/foto1-150x150.png 150w, https:\/\/dev.visitrimini.com\/wp-content\/uploads\/2021\/06\/foto1-768x768.png 768w\" sizes=\"(max-width: 1000px) 100vw, 1000px\" \/><\/p>\n","protected":false},"excerpt":{"rendered":"<p>Rimini bietet allen ihren Fahrradreisenden besondere Sorgfalt und Aufmerksamkeit! Machen Sie es sich auf Ihrem Fahrrad bequem und \u00fcbernachten Sie<\/p>\n","protected":false},"author":3,"featured_media":1917,"parent":0,"menu_order":0,"comment_status":"closed","ping_status":"closed","template":"page-templates\/landing-booking.php","meta":{"footnotes":""},"acf":[],"yoast_head":"<!-- This site is optimized with the Yoast SEO plugin v20.13 - https:\/\/yoast.com\/wordpress\/plugins\/seo\/ -->\n<title>Rimini, Bike District - Visit Rimini<\/title>\n<meta name=\"robots\" content=\"index, follow, max-snippet:-1, max-image-preview:large, max-video-preview:-1\" \/>\n<meta property=\"og:locale\" content=\"de_DE\" \/>\n<meta property=\"og:type\" content=\"article\" \/>\n<meta property=\"og:title\" content=\"Rimini, Bike District - Visit Rimini\" \/>\n<meta property=\"og:description\" content=\"Rimini bietet allen ihren Fahrradreisenden besondere Sorgfalt und Aufmerksamkeit! Machen Sie es sich auf Ihrem Fahrrad bequem und \u00fcbernachten Sie\" \/>\n<meta property=\"og:url\" content=\"https:\/\/dev.visitrimini.com\/?page_id=5430\" \/>\n<meta property=\"og:site_name\" content=\"Visit Rimini\" \/>\n<meta property=\"og:image\" content=\"https:\/\/dev.visitrimini.com\/wp-content\/uploads\/2021\/04\/bike-visitrimini-scaled.jpg\" \/>\n\t<meta property=\"og:image:width\" content=\"2560\" \/>\n\t<meta property=\"og:image:height\" content=\"1707\" \/>\n\t<meta property=\"og:image:type\" content=\"image\/jpeg\" \/>\n<meta name=\"twitter:card\" content=\"summary_large_image\" \/>\n<meta name=\"twitter:label1\" content=\"Gesch\u00e4tzte Lesezeit\" \/>\n\t<meta name=\"twitter:data1\" content=\"2\u00a0Minuten\" \/>\n<script type=\"application\/ld+json\" class=\"yoast-schema-graph\">{\"@context\":\"https:\/\/schema.org\",\"@graph\":[{\"@type\":\"WebPage\",\"@id\":\"https:\/\/dev.visitrimini.com\/?page_id=5430\",\"url\":\"https:\/\/dev.visitrimini.com\/?page_id=5430\",\"name\":\"Rimini, Bike District - Visit Rimini\",\"isPartOf\":{\"@id\":\"https:\/\/dev.visitrimini.com\/#website\"},\"datePublished\":\"2021-07-05T07:38:32+00:00\",\"dateModified\":\"2021-07-05T07:38:32+00:00\",\"breadcrumb\":{\"@id\":\"https:\/\/dev.visitrimini.com\/?page_id=5430#breadcrumb\"},\"inLanguage\":\"de\",\"potentialAction\":[{\"@type\":\"ReadAction\",\"target\":[\"https:\/\/dev.visitrimini.com\/?page_id=5430\"]}]},{\"@type\":\"BreadcrumbList\",\"@id\":\"https:\/\/dev.visitrimini.com\/?page_id=5430#breadcrumb\",\"itemListElement\":[{\"@type\":\"ListItem\",\"position\":1,\"name\":\"Home\",\"item\":\"https:\/\/dev.visitrimini.com\/de\/\"},{\"@type\":\"ListItem\",\"position\":2,\"name\":\"Rimini, Bike District\"}]},{\"@type\":\"WebSite\",\"@id\":\"https:\/\/dev.visitrimini.com\/#website\",\"url\":\"https:\/\/dev.visitrimini.com\/\",\"name\":\"Visit Rimini\",\"description\":\"Un nuovo sito targato WordPress\",\"potentialAction\":[{\"@type\":\"SearchAction\",\"target\":{\"@type\":\"EntryPoint\",\"urlTemplate\":\"https:\/\/dev.visitrimini.com\/?s={search_term_string}\"},\"query-input\":\"required name=search_term_string\"}],\"inLanguage\":\"de\"}]}<\/script>\n<!-- \/ Yoast SEO plugin. -->","yoast_head_json":{"title":"Rimini, Bike District - Visit Rimini","robots":{"index":"index","follow":"follow","max-snippet":"max-snippet:-1","max-image-preview":"max-image-preview:large","max-video-preview":"max-video-preview:-1"},"og_locale":"de_DE","og_type":"article","og_title":"Rimini, Bike District - Visit Rimini","og_description":"Rimini bietet allen ihren Fahrradreisenden besondere Sorgfalt und Aufmerksamkeit! Machen Sie es sich auf Ihrem Fahrrad bequem und \u00fcbernachten Sie","og_url":"https:\/\/dev.visitrimini.com\/?page_id=5430","og_site_name":"Visit Rimini","og_image":[{"width":2560,"height":1707,"url":"https:\/\/dev.visitrimini.com\/wp-content\/uploads\/2021\/04\/bike-visitrimini-scaled.jpg","type":"image\/jpeg"}],"twitter_card":"summary_large_image","twitter_misc":{"Gesch\u00e4tzte Lesezeit":"2\u00a0Minuten"},"schema":{"@context":"https:\/\/schema.org","@graph":[{"@type":"WebPage","@id":"https:\/\/dev.visitrimini.com\/?page_id=5430","url":"https:\/\/dev.visitrimini.com\/?page_id=5430","name":"Rimini, Bike District - Visit Rimini","isPartOf":{"@id":"https:\/\/dev.visitrimini.com\/#website"},"datePublished":"2021-07-05T07:38:32+00:00","dateModified":"2021-07-05T07:38:32+00:00","breadcrumb":{"@id":"https:\/\/dev.visitrimini.com\/?page_id=5430#breadcrumb"},"inLanguage":"de","potentialAction":[{"@type":"ReadAction","target":["https:\/\/dev.visitrimini.com\/?page_id=5430"]}]},{"@type":"BreadcrumbList","@id":"https:\/\/dev.visitrimini.com\/?page_id=5430#breadcrumb","itemListElement":[{"@type":"ListItem","position":1,"name":"Home","item":"https:\/\/dev.visitrimini.com\/de\/"},{"@type":"ListItem","position":2,"name":"Rimini, Bike District"}]},{"@type":"WebSite","@id":"https:\/\/dev.visitrimini.com\/#website","url":"https:\/\/dev.visitrimini.com\/","name":"Visit Rimini","description":"Un nuovo sito targato WordPress","potentialAction":[{"@type":"SearchAction","target":{"@type":"EntryPoint","urlTemplate":"https:\/\/dev.visitrimini.com\/?s={search_term_string}"},"query-input":"required name=search_term_string"}],"inLanguage":"de"}]}},"_links":{"self":[{"href":"https:\/\/dev.visitrimini.com\/de\/wp-json\/wp\/v2\/pages\/5599"}],"collection":[{"href":"https:\/\/dev.visitrimini.com\/de\/wp-json\/wp\/v2\/pages"}],"about":[{"href":"https:\/\/dev.visitrimini.com\/de\/wp-json\/wp\/v2\/types\/page"}],"author":[{"embeddable":true,"href":"https:\/\/dev.visitrimini.com\/de\/wp-json\/wp\/v2\/users\/3"}],"replies":[{"embeddable":true,"href":"https:\/\/dev.visitrimini.com\/de\/wp-json\/wp\/v2\/comments?post=5599"}],"version-history":[{"count":1,"href":"https:\/\/dev.visitrimini.com\/de\/wp-json\/wp\/v2\/pages\/5599\/revisions"}],"predecessor-version":[{"id":5600,"href":"https:\/\/dev.visitrimini.com\/de\/wp-json\/wp\/v2\/pages\/5599\/revisions\/5600"}],"wp:featuredmedia":[{"embeddable":true,"href":"https:\/\/dev.visitrimini.com\/de\/wp-json\/wp\/v2\/media\/1917"}],"wp:attachment":[{"href":"https:\/\/dev.visitrimini.com\/de\/wp-json\/wp\/v2\/media?parent=5599"}],"curies":[{"name":"wp","href":"https:\/\/api.w.org\/{rel}","templated":true}]}}