{"id":8107,"date":"2021-08-13T12:28:08","date_gmt":"2021-08-13T10:28:08","guid":{"rendered":"https:\/\/dev.visitrimini.com\/?page_id=8107"},"modified":"2021-08-13T12:31:47","modified_gmt":"2021-08-13T10:31:47","slug":"route-fellinis","status":"publish","type":"page","link":"https:\/\/dev.visitrimini.com\/de\/riminiist-fellini\/route-fellinis\/","title":{"rendered":"Route Fellinis"},"content":{"rendered":"<p>Denn in Rimini wurde Federico Fellini am 20. Januar 1920 geboren.Der gro\u00dfe Federico, der gro\u00dfe Regisseur, den alle wegen seines \u00a0\u00a0\u00a0\u00a0\u00a0\u00a0\u00a0 klugen, am\u00fcsierten, traum\u00e4hnlichen&#8230; mit einem Wort fellinianischen Blicks (wie er selbst von sich im ber\u00fchmten Ausspruch \u201eIch h\u00e4tte nie gedacht, ein Adjektiv zu werden\u201c behauptete) auf die Dinge, auf die Menschen und auf die Welt liebten.<\/p>\n<p>Federico hat in Rimini seine gesamte Kindheit und Jugend verbracht und auch wenn er sehr bald nach Rom \u00fcbersiedelt ist, sollte diese Stadt und ihre Menschen f\u00fcr immer jenen Blick auf die Dinge und auf die so besondere Welt pr\u00e4gen.So verdankt \u201eAmarcord\u201c, einer seiner beliebtesten und mit den meisten Preisen ausgezeichneten Filme &#8211; auch dank der Zusammenarbeit mit Tonino Guerra &#8211; seinen Titel nicht nur einem typischen Rimineser Dialektausdruck (a\u2019m\u2019arcord bedeutet \u201eMi ricordo\u201c &#8211; ich erinnere mich), sondern ist auch nichts anderes als die wunderbare nostalgische Nachbildung einer verlorenen Zeit, einer Welt der Kindheit, die mit ihren einzigartigen Pers\u00f6nlichkeiten an der Grenze zwischen Realit\u00e4t und Absurdit\u00e4t, ihrer wahren Vitalit\u00e4t, ihren tragischen und gleichzeitig komischen Widerspr\u00fcchen verschwunden ist.<\/p>\n<p><img decoding=\"async\" loading=\"lazy\" class=\"alignnone wp-image-7934 size-full\" src=\"https:\/\/dev.visitrimini.com\/wp-content\/uploads\/2021\/08\/murale-Fellini-scaled.jpg\" alt=\"Murale personaggi Felliniani\" width=\"2560\" height=\"1706\" srcset=\"https:\/\/dev.visitrimini.com\/wp-content\/uploads\/2021\/08\/murale-Fellini-scaled.jpg 2560w, https:\/\/dev.visitrimini.com\/wp-content\/uploads\/2021\/08\/murale-Fellini-300x200.jpg 300w, https:\/\/dev.visitrimini.com\/wp-content\/uploads\/2021\/08\/murale-Fellini-1024x683.jpg 1024w, https:\/\/dev.visitrimini.com\/wp-content\/uploads\/2021\/08\/murale-Fellini-768x512.jpg 768w, https:\/\/dev.visitrimini.com\/wp-content\/uploads\/2021\/08\/murale-Fellini-1536x1024.jpg 1536w, https:\/\/dev.visitrimini.com\/wp-content\/uploads\/2021\/08\/murale-Fellini-2048x1365.jpg 2048w\" sizes=\"(max-width: 2560px) 100vw, 2560px\" \/><\/p>\n<p>Es steckt also so viel von Fellini in Rimini, dass eine eigene Tour im Zeichen des gro\u00dfen Regisseurs ein absolutes Muss ist&#8230; und nur, um ein paar Routen vorzuschlagen, kann man sicherlich beim Fulgor, einem legend\u00e4rem und fellinianischen Ort par excellence beginnen, und sei es auch nur, weil es der Ort ist, an dem Federico als kleiner Junge das erste Mal auf das gro\u00dfe Kino traf und sich f\u00fcr immer verliebte. Das Fulgor &#8211; der ber\u00fchmteste Kinosaal der Welt &#8211; steht noch dort, wo Federico es kennengelernt hat, am Corso D&#8217;Augsusto 162, g\u00e4nzlich restauriert und in seinem Inneren eindr\u00fccklich vom mehrfach ausgezeichneten Szenenbildner Dante Ferretti neu interpretiert.<\/p>\n<p>Ein weiterer fellinianischer Ort schlechthin ist sicherlich <strong>das Grand Hotel in Rimini<\/strong>: ein wundersch\u00f6nes Luxushotel in unmittelbarer N\u00e4he zum Meer im Belle \u00c9poque-Stil, seit 1984 nationales Monument und Metapher f\u00fcr die \u201everbotenen Begierden\u201c des jungen Federico.Der Eintritt in den wundervollen Garten ist kostenlos: eine Entspannungspause ist also ein Muss.<\/p>\n<p><img decoding=\"async\" loading=\"lazy\" class=\"alignnone wp-image-7950 size-full\" src=\"https:\/\/dev.visitrimini.com\/wp-content\/uploads\/2021\/08\/Grand-Hotel-di-Rimini.jpg\" alt=\"Grand Hotel di Rimini\" width=\"2500\" height=\"1888\" srcset=\"https:\/\/dev.visitrimini.com\/wp-content\/uploads\/2021\/08\/Grand-Hotel-di-Rimini.jpg 2500w, https:\/\/dev.visitrimini.com\/wp-content\/uploads\/2021\/08\/Grand-Hotel-di-Rimini-300x227.jpg 300w, https:\/\/dev.visitrimini.com\/wp-content\/uploads\/2021\/08\/Grand-Hotel-di-Rimini-1024x773.jpg 1024w, https:\/\/dev.visitrimini.com\/wp-content\/uploads\/2021\/08\/Grand-Hotel-di-Rimini-768x580.jpg 768w, https:\/\/dev.visitrimini.com\/wp-content\/uploads\/2021\/08\/Grand-Hotel-di-Rimini-1536x1160.jpg 1536w, https:\/\/dev.visitrimini.com\/wp-content\/uploads\/2021\/08\/Grand-Hotel-di-Rimini-2048x1547.jpg 2048w\" sizes=\"(max-width: 2500px) 100vw, 2500px\" \/><\/p>\n<p>Vielleicht aber kann man \u00fcberall in der Stadt den besonders authentischen Fellini sp\u00fcren: Bei einem Spaziergang an der \u201ePalata\u201c (d.h. der Mole, dem langen Steg aus Beton, der am letzten Abschnitt des Porto Canale die Stadt direkt in die Adria tauchen zu scheint) kommen die Vitelloni (M\u00fc\u00dfigg\u00e4nger), Scureza, der verr\u00fcckte Motorradfahrer von Amarcord, oder auch das Ger\u00e4usch der kleinen Boote, die auslaufen, um auf das Passagierschiff Rex zu treffen, wieder ins Ged\u00e4chtnis.Oder bei der Fontana della Pigna, an der wunderbaren Piazza Cavour, wo zahlreiche ber\u00fchmte Sequenzen von Amarcord von den Schneeb\u00e4llen auf Gradisca, bis hin zum Zauber des Pfaus oder den \u201eManine\u201c (Pappelbl\u00fcten) der zarten und komischen Poesie des Verr\u00fccktesten des Borgo.<\/p>\n<p>Nicht zu vergessen <strong>der alte Borgo San Giuliano<\/strong>, wo der Dialekt noch durch die verwinkelten Gassen hallt und die kleinen H\u00e4user sich mit Murales herausputzen, die vom gro\u00dfen Regisseur inspiriert sind.Oh ja&#8230; es steckt viel Fellini in Rimini&#8230; und es wird noch mehr: So stehen die Bauarbeiten f\u00fcr das Fellini-Museum kurz vor der Fertigstellung.Ein einzigartiges Werk: ein experimentelles, multimediales und \u00fcber die Stadt verteiltes Kinomuseum, das in K\u00fcrze fertig wird.<\/p>\n","protected":false},"excerpt":{"rendered":"<p>Denn in Rimini wurde Federico Fellini am 20. Januar 1920 geboren.Der gro\u00dfe Federico, der gro\u00dfe Regisseur, den alle wegen seines<\/p>\n","protected":false},"author":3,"featured_media":7937,"parent":1454,"menu_order":2,"comment_status":"closed","ping_status":"closed","template":"page-templates\/singola-categoria.php","meta":{"footnotes":""},"acf":[],"yoast_head":"<!-- This site is optimized with the Yoast SEO plugin v20.13 - https:\/\/yoast.com\/wordpress\/plugins\/seo\/ -->\n<title>Route Fellinis - Visit Rimini<\/title>\n<meta name=\"robots\" content=\"index, follow, max-snippet:-1, max-image-preview:large, max-video-preview:-1\" \/>\n<meta property=\"og:locale\" content=\"de_DE\" \/>\n<meta property=\"og:type\" content=\"article\" \/>\n<meta property=\"og:title\" content=\"Route Fellinis - Visit Rimini\" \/>\n<meta property=\"og:description\" content=\"Denn in Rimini wurde Federico Fellini am 20. Januar 1920 geboren.Der gro\u00dfe Federico, der gro\u00dfe Regisseur, den alle wegen seines\" \/>\n<meta property=\"og:url\" content=\"https:\/\/dev.visitrimini.com\/de\/riminiist-fellini\/route-fellinis\/\" \/>\n<meta property=\"og:site_name\" content=\"Visit Rimini\" \/>\n<meta property=\"article:modified_time\" content=\"2021-08-13T10:31:47+00:00\" \/>\n<meta property=\"og:image\" content=\"https:\/\/dev.visitrimini.com\/wp-content\/uploads\/2021\/08\/murale-Fellini-scaled.jpg\" \/>\n\t<meta property=\"og:image:width\" content=\"2560\" \/>\n\t<meta property=\"og:image:height\" content=\"1706\" \/>\n\t<meta property=\"og:image:type\" content=\"image\/jpeg\" \/>\n<meta name=\"twitter:card\" content=\"summary_large_image\" \/>\n<meta name=\"twitter:label1\" content=\"Gesch\u00e4tzte Lesezeit\" \/>\n\t<meta name=\"twitter:data1\" content=\"3\u00a0Minuten\" \/>\n<script type=\"application\/ld+json\" class=\"yoast-schema-graph\">{\"@context\":\"https:\/\/schema.org\",\"@graph\":[{\"@type\":\"WebPage\",\"@id\":\"https:\/\/dev.visitrimini.com\/de\/riminiist-fellini\/route-fellinis\/\",\"url\":\"https:\/\/dev.visitrimini.com\/de\/riminiist-fellini\/route-fellinis\/\",\"name\":\"Route Fellinis - Visit Rimini\",\"isPartOf\":{\"@id\":\"https:\/\/dev.visitrimini.com\/#website\"},\"datePublished\":\"2021-08-13T10:28:08+00:00\",\"dateModified\":\"2021-08-13T10:31:47+00:00\",\"breadcrumb\":{\"@id\":\"https:\/\/dev.visitrimini.com\/de\/riminiist-fellini\/route-fellinis\/#breadcrumb\"},\"inLanguage\":\"de\",\"potentialAction\":[{\"@type\":\"ReadAction\",\"target\":[\"https:\/\/dev.visitrimini.com\/de\/riminiist-fellini\/route-fellinis\/\"]}]},{\"@type\":\"BreadcrumbList\",\"@id\":\"https:\/\/dev.visitrimini.com\/de\/riminiist-fellini\/route-fellinis\/#breadcrumb\",\"itemListElement\":[{\"@type\":\"ListItem\",\"position\":1,\"name\":\"Home\",\"item\":\"https:\/\/dev.visitrimini.com\/de\/\"},{\"@type\":\"ListItem\",\"position\":2,\"name\":\"Rimini ist&#8230; FELLINI\",\"item\":\"https:\/\/dev.visitrimini.com\/de\/riminiist-fellini\/\"},{\"@type\":\"ListItem\",\"position\":3,\"name\":\"Route Fellinis\"}]},{\"@type\":\"WebSite\",\"@id\":\"https:\/\/dev.visitrimini.com\/#website\",\"url\":\"https:\/\/dev.visitrimini.com\/\",\"name\":\"Visit Rimini\",\"description\":\"Un nuovo sito targato WordPress\",\"potentialAction\":[{\"@type\":\"SearchAction\",\"target\":{\"@type\":\"EntryPoint\",\"urlTemplate\":\"https:\/\/dev.visitrimini.com\/?s={search_term_string}\"},\"query-input\":\"required name=search_term_string\"}],\"inLanguage\":\"de\"}]}<\/script>\n<!-- \/ Yoast SEO plugin. -->","yoast_head_json":{"title":"Route Fellinis - Visit Rimini","robots":{"index":"index","follow":"follow","max-snippet":"max-snippet:-1","max-image-preview":"max-image-preview:large","max-video-preview":"max-video-preview:-1"},"og_locale":"de_DE","og_type":"article","og_title":"Route Fellinis - Visit Rimini","og_description":"Denn in Rimini wurde Federico Fellini am 20. Januar 1920 geboren.Der gro\u00dfe Federico, der gro\u00dfe Regisseur, den alle wegen seines","og_url":"https:\/\/dev.visitrimini.com\/de\/riminiist-fellini\/route-fellinis\/","og_site_name":"Visit Rimini","article_modified_time":"2021-08-13T10:31:47+00:00","og_image":[{"width":2560,"height":1706,"url":"https:\/\/dev.visitrimini.com\/wp-content\/uploads\/2021\/08\/murale-Fellini-scaled.jpg","type":"image\/jpeg"}],"twitter_card":"summary_large_image","twitter_misc":{"Gesch\u00e4tzte Lesezeit":"3\u00a0Minuten"},"schema":{"@context":"https:\/\/schema.org","@graph":[{"@type":"WebPage","@id":"https:\/\/dev.visitrimini.com\/de\/riminiist-fellini\/route-fellinis\/","url":"https:\/\/dev.visitrimini.com\/de\/riminiist-fellini\/route-fellinis\/","name":"Route Fellinis - Visit Rimini","isPartOf":{"@id":"https:\/\/dev.visitrimini.com\/#website"},"datePublished":"2021-08-13T10:28:08+00:00","dateModified":"2021-08-13T10:31:47+00:00","breadcrumb":{"@id":"https:\/\/dev.visitrimini.com\/de\/riminiist-fellini\/route-fellinis\/#breadcrumb"},"inLanguage":"de","potentialAction":[{"@type":"ReadAction","target":["https:\/\/dev.visitrimini.com\/de\/riminiist-fellini\/route-fellinis\/"]}]},{"@type":"BreadcrumbList","@id":"https:\/\/dev.visitrimini.com\/de\/riminiist-fellini\/route-fellinis\/#breadcrumb","itemListElement":[{"@type":"ListItem","position":1,"name":"Home","item":"https:\/\/dev.visitrimini.com\/de\/"},{"@type":"ListItem","position":2,"name":"Rimini ist&#8230; FELLINI","item":"https:\/\/dev.visitrimini.com\/de\/riminiist-fellini\/"},{"@type":"ListItem","position":3,"name":"Route Fellinis"}]},{"@type":"WebSite","@id":"https:\/\/dev.visitrimini.com\/#website","url":"https:\/\/dev.visitrimini.com\/","name":"Visit Rimini","description":"Un nuovo sito targato WordPress","potentialAction":[{"@type":"SearchAction","target":{"@type":"EntryPoint","urlTemplate":"https:\/\/dev.visitrimini.com\/?s={search_term_string}"},"query-input":"required name=search_term_string"}],"inLanguage":"de"}]}},"_links":{"self":[{"href":"https:\/\/dev.visitrimini.com\/de\/wp-json\/wp\/v2\/pages\/8107"}],"collection":[{"href":"https:\/\/dev.visitrimini.com\/de\/wp-json\/wp\/v2\/pages"}],"about":[{"href":"https:\/\/dev.visitrimini.com\/de\/wp-json\/wp\/v2\/types\/page"}],"author":[{"embeddable":true,"href":"https:\/\/dev.visitrimini.com\/de\/wp-json\/wp\/v2\/users\/3"}],"replies":[{"embeddable":true,"href":"https:\/\/dev.visitrimini.com\/de\/wp-json\/wp\/v2\/comments?post=8107"}],"version-history":[{"count":4,"href":"https:\/\/dev.visitrimini.com\/de\/wp-json\/wp\/v2\/pages\/8107\/revisions"}],"predecessor-version":[{"id":8115,"href":"https:\/\/dev.visitrimini.com\/de\/wp-json\/wp\/v2\/pages\/8107\/revisions\/8115"}],"up":[{"embeddable":true,"href":"https:\/\/dev.visitrimini.com\/de\/wp-json\/wp\/v2\/pages\/1454"}],"wp:featuredmedia":[{"embeddable":true,"href":"https:\/\/dev.visitrimini.com\/de\/wp-json\/wp\/v2\/media\/7937"}],"wp:attachment":[{"href":"https:\/\/dev.visitrimini.com\/de\/wp-json\/wp\/v2\/media?parent=8107"}],"curies":[{"name":"wp","href":"https:\/\/api.w.org\/{rel}","templated":true}]}}