{"id":8150,"date":"2021-08-15T14:20:58","date_gmt":"2021-08-15T12:20:58","guid":{"rendered":"https:\/\/dev.visitrimini.com\/riminiist-fellini\/rimini-fellini-museum\/"},"modified":"2021-08-18T09:57:29","modified_gmt":"2021-08-18T07:57:29","slug":"rimini-fellini-museum","status":"publish","type":"page","link":"https:\/\/dev.visitrimini.com\/de\/riminiist-fellini\/rimini-fellini-museum\/","title":{"rendered":"Rimini, <strong> das Fellini-Museum<\/strong>"},"content":{"rendered":"<p><strong>In Rimini<\/strong> wurde <strong>das Fellini-Museum<\/strong> zu Ehren von Fellinis vision\u00e4rem Geist, seinen Filmen und der Interaktion zwischen den verschiedenen K\u00fcnsten gegr\u00fcndet, in einem st\u00e4ndigen Dialog zwischen Innovation und Tradition. Das Schloss Sismondo, der Fulgor-Palast und der Malatesta-Platz sind die drei beteiligten Standorte. Ein neu gestaltetes, umfangreiches Museumszentrum und das gr\u00f6\u00dfte Museumsprojekt der Welt, das dem Genie Federico Fellinis gewidmet ist.<\/p>\n<p>Das Fellini-Museum erstreckt sich \u00fcber <strong>drei wichtige Orte<\/strong> in der Altstadt von Rimini und verbindet verschiedene Realit\u00e4ten mit dem gemeinsamen Ziel, das Fachwissen und den kreativen Funken des gro\u00dfen italienischen Filmregisseurs zu vermitteln. Die drei Achsen sind wie folgt: <strong>Schloss Sismondo<\/strong>, die Malatesta-Festung aus dem 15. Jahrhundert, zu deren Planung Filippo Brunelleschi beigetragen hat; der Fulgor-Palast, ein Geb\u00e4ude aus dem 18. Jahrhundert, in dessen Erdgeschoss <strong>das Fulgor<\/strong> untergebracht ist, das legend\u00e4re Kino, das in Amarcord dargestellt wurde und nun mit Kulissen des dreifachen Oscar-Preistr\u00e4gers Dante Ferretti renoviert wurde. Und schlie\u00dflich <strong>der<\/strong> <strong>Malatesta-Platz<\/strong>, eine gro\u00dfe st\u00e4dtische Fl\u00e4che mit Gr\u00fcnfl\u00e4chen, Auff\u00fchrungsarenen, k\u00fcnstlerischen Dekorationen, einem riesigen Wasserschleier, der an den alten Burggraben erinnert, und einer gro\u00dfen runden Parkbank, die eine Hymne auf das Leben, die Solidarit\u00e4t und die Sehnsucht nach Zusammensein sein soll, wie im Finale von 8\u00bd.<\/p>\n<p><img decoding=\"async\" loading=\"lazy\" class=\"alignnone wp-image-7824 size-full\" src=\"https:\/\/dev.visitrimini.com\/wp-content\/uploads\/2021\/08\/Fellini-Museum-Giulietta-Masina.jpg\" alt=\"Fellini Museum Giulietta Masina\" width=\"2048\" height=\"1365\" \/><\/p>\n<p>Das Fellini-Museum hat nicht die Absicht, das Kino des Regisseurs aus Rimini als Werk an sich, als Gedenkst\u00e4tte oder als Hommage an sein Andenken darzustellen, sondern vielmehr das kulturelle Erbe eines der bedeutendsten Regisseure der Filmgeschichte, der 1920 in Rimini geboren wurde, zu w\u00fcrdigen. Es vereint auch mehrere Orte im Herzen der Stadt zu einer konzeptionellen und r\u00e4umlichen Einheit und schafft so einen zusammengesetzten Pfad von beteiligenden Erz\u00e4hlungen, die den Besucher zum Protagonisten einer immersiven Erfahrung machen, in einem kontinuierlichen &#8222;Dialog&#8220; zwischen Innen- und Au\u00dfenr\u00e4umen, in dem Kreativit\u00e4t und Vorstellungskraft Rimini und Reise der Stadt in die Gegenwart und Zukunft positiv beeinflussen k\u00f6nnen, als Schl\u00fcssel zum Zugang zur Welt von &#8222;alles ist imaginiert&#8220;.<\/p>\n<p><img decoding=\"async\" loading=\"lazy\" class=\"alignnone wp-image-7859 size-full\" src=\"https:\/\/dev.visitrimini.com\/wp-content\/uploads\/2021\/08\/Fellini-Museum-Anita-Ekberg.jpg\" alt=\"Fellini Museum Anita Ekberg\" width=\"2048\" height=\"1365\" \/><\/p>\n<p>&nbsp;<\/p>\n","protected":false},"excerpt":{"rendered":"<p>In Rimini wurde das Fellini-Museum zu Ehren von Fellinis vision\u00e4rem Geist, seinen Filmen und der Interaktion zwischen den verschiedenen K\u00fcnsten<\/p>\n","protected":false},"author":6,"featured_media":7831,"parent":1454,"menu_order":1,"comment_status":"closed","ping_status":"closed","template":"page-templates\/singola-categoria.php","meta":{"footnotes":""},"acf":[],"yoast_head":"<!-- This site is optimized with the Yoast SEO plugin v20.13 - https:\/\/yoast.com\/wordpress\/plugins\/seo\/ -->\n<title>Rimini,  das Fellini-Museum - Visit Rimini<\/title>\n<meta name=\"description\" content=\"Il nuovo Fellini Museum a Rimini esalta l&#039;eredit\u00e0 culturale di Federico Fellini, il famoso regista nato a Rimini\" \/>\n<meta name=\"robots\" content=\"index, follow, max-snippet:-1, max-image-preview:large, max-video-preview:-1\" \/>\n<meta property=\"og:locale\" content=\"de_DE\" \/>\n<meta property=\"og:type\" content=\"article\" \/>\n<meta property=\"og:title\" content=\"Rimini,  das Fellini-Museum - Visit Rimini\" \/>\n<meta property=\"og:description\" content=\"Il nuovo Fellini Museum a Rimini esalta l&#039;eredit\u00e0 culturale di Federico Fellini, il famoso regista nato a Rimini\" \/>\n<meta property=\"og:url\" content=\"https:\/\/dev.visitrimini.com\/rimini-e-fellini\/rimini-fellini-museum\/\" \/>\n<meta property=\"og:site_name\" content=\"Visit Rimini\" \/>\n<meta property=\"article:modified_time\" content=\"2021-08-18T07:57:29+00:00\" \/>\n<meta property=\"og:image\" content=\"https:\/\/dev.visitrimini.com\/wp-content\/uploads\/2021\/08\/Fellini-Museum-La-Dolce-Vita-scaled.jpg\" \/>\n\t<meta property=\"og:image:width\" content=\"2560\" \/>\n\t<meta property=\"og:image:height\" content=\"1920\" \/>\n\t<meta property=\"og:image:type\" content=\"image\/jpeg\" \/>\n<meta name=\"twitter:card\" content=\"summary_large_image\" \/>\n<meta name=\"twitter:label1\" content=\"Gesch\u00e4tzte Lesezeit\" \/>\n\t<meta name=\"twitter:data1\" content=\"2\u00a0Minuten\" \/>\n<script type=\"application\/ld+json\" class=\"yoast-schema-graph\">{\"@context\":\"https:\/\/schema.org\",\"@graph\":[{\"@type\":\"WebPage\",\"@id\":\"https:\/\/dev.visitrimini.com\/rimini-e-fellini\/rimini-fellini-museum\/\",\"url\":\"https:\/\/dev.visitrimini.com\/rimini-e-fellini\/rimini-fellini-museum\/\",\"name\":\"Rimini, das Fellini-Museum - Visit Rimini\",\"isPartOf\":{\"@id\":\"https:\/\/dev.visitrimini.com\/#website\"},\"datePublished\":\"2021-08-15T12:20:58+00:00\",\"dateModified\":\"2021-08-18T07:57:29+00:00\",\"description\":\"Il nuovo Fellini Museum a Rimini esalta l'eredit\u00e0 culturale di Federico Fellini, il famoso regista nato a Rimini\",\"breadcrumb\":{\"@id\":\"https:\/\/dev.visitrimini.com\/rimini-e-fellini\/rimini-fellini-museum\/#breadcrumb\"},\"inLanguage\":\"de\",\"potentialAction\":[{\"@type\":\"ReadAction\",\"target\":[\"https:\/\/dev.visitrimini.com\/rimini-e-fellini\/rimini-fellini-museum\/\"]}]},{\"@type\":\"BreadcrumbList\",\"@id\":\"https:\/\/dev.visitrimini.com\/rimini-e-fellini\/rimini-fellini-museum\/#breadcrumb\",\"itemListElement\":[{\"@type\":\"ListItem\",\"position\":1,\"name\":\"Home\",\"item\":\"https:\/\/dev.visitrimini.com\/de\/\"},{\"@type\":\"ListItem\",\"position\":2,\"name\":\"Rimini ist&#8230; FELLINI\",\"item\":\"https:\/\/dev.visitrimini.com\/de\/riminiist-fellini\/\"},{\"@type\":\"ListItem\",\"position\":3,\"name\":\"Rimini, das Fellini-Museum\"}]},{\"@type\":\"WebSite\",\"@id\":\"https:\/\/dev.visitrimini.com\/#website\",\"url\":\"https:\/\/dev.visitrimini.com\/\",\"name\":\"Visit Rimini\",\"description\":\"Un nuovo sito targato WordPress\",\"potentialAction\":[{\"@type\":\"SearchAction\",\"target\":{\"@type\":\"EntryPoint\",\"urlTemplate\":\"https:\/\/dev.visitrimini.com\/?s={search_term_string}\"},\"query-input\":\"required name=search_term_string\"}],\"inLanguage\":\"de\"}]}<\/script>\n<!-- \/ Yoast SEO plugin. -->","yoast_head_json":{"title":"Rimini,  das Fellini-Museum - Visit Rimini","description":"Il nuovo Fellini Museum a Rimini esalta l'eredit\u00e0 culturale di Federico Fellini, il famoso regista nato a Rimini","robots":{"index":"index","follow":"follow","max-snippet":"max-snippet:-1","max-image-preview":"max-image-preview:large","max-video-preview":"max-video-preview:-1"},"og_locale":"de_DE","og_type":"article","og_title":"Rimini,  das Fellini-Museum - Visit Rimini","og_description":"Il nuovo Fellini Museum a Rimini esalta l'eredit\u00e0 culturale di Federico Fellini, il famoso regista nato a Rimini","og_url":"https:\/\/dev.visitrimini.com\/rimini-e-fellini\/rimini-fellini-museum\/","og_site_name":"Visit Rimini","article_modified_time":"2021-08-18T07:57:29+00:00","og_image":[{"width":2560,"height":1920,"url":"https:\/\/dev.visitrimini.com\/wp-content\/uploads\/2021\/08\/Fellini-Museum-La-Dolce-Vita-scaled.jpg","type":"image\/jpeg"}],"twitter_card":"summary_large_image","twitter_misc":{"Gesch\u00e4tzte Lesezeit":"2\u00a0Minuten"},"schema":{"@context":"https:\/\/schema.org","@graph":[{"@type":"WebPage","@id":"https:\/\/dev.visitrimini.com\/rimini-e-fellini\/rimini-fellini-museum\/","url":"https:\/\/dev.visitrimini.com\/rimini-e-fellini\/rimini-fellini-museum\/","name":"Rimini, das Fellini-Museum - Visit Rimini","isPartOf":{"@id":"https:\/\/dev.visitrimini.com\/#website"},"datePublished":"2021-08-15T12:20:58+00:00","dateModified":"2021-08-18T07:57:29+00:00","description":"Il nuovo Fellini Museum a Rimini esalta l'eredit\u00e0 culturale di Federico Fellini, il famoso regista nato a Rimini","breadcrumb":{"@id":"https:\/\/dev.visitrimini.com\/rimini-e-fellini\/rimini-fellini-museum\/#breadcrumb"},"inLanguage":"de","potentialAction":[{"@type":"ReadAction","target":["https:\/\/dev.visitrimini.com\/rimini-e-fellini\/rimini-fellini-museum\/"]}]},{"@type":"BreadcrumbList","@id":"https:\/\/dev.visitrimini.com\/rimini-e-fellini\/rimini-fellini-museum\/#breadcrumb","itemListElement":[{"@type":"ListItem","position":1,"name":"Home","item":"https:\/\/dev.visitrimini.com\/de\/"},{"@type":"ListItem","position":2,"name":"Rimini ist&#8230; FELLINI","item":"https:\/\/dev.visitrimini.com\/de\/riminiist-fellini\/"},{"@type":"ListItem","position":3,"name":"Rimini, das Fellini-Museum"}]},{"@type":"WebSite","@id":"https:\/\/dev.visitrimini.com\/#website","url":"https:\/\/dev.visitrimini.com\/","name":"Visit Rimini","description":"Un nuovo sito targato WordPress","potentialAction":[{"@type":"SearchAction","target":{"@type":"EntryPoint","urlTemplate":"https:\/\/dev.visitrimini.com\/?s={search_term_string}"},"query-input":"required name=search_term_string"}],"inLanguage":"de"}]}},"_links":{"self":[{"href":"https:\/\/dev.visitrimini.com\/de\/wp-json\/wp\/v2\/pages\/8150"}],"collection":[{"href":"https:\/\/dev.visitrimini.com\/de\/wp-json\/wp\/v2\/pages"}],"about":[{"href":"https:\/\/dev.visitrimini.com\/de\/wp-json\/wp\/v2\/types\/page"}],"author":[{"embeddable":true,"href":"https:\/\/dev.visitrimini.com\/de\/wp-json\/wp\/v2\/users\/6"}],"replies":[{"embeddable":true,"href":"https:\/\/dev.visitrimini.com\/de\/wp-json\/wp\/v2\/comments?post=8150"}],"version-history":[{"count":3,"href":"https:\/\/dev.visitrimini.com\/de\/wp-json\/wp\/v2\/pages\/8150\/revisions"}],"predecessor-version":[{"id":8177,"href":"https:\/\/dev.visitrimini.com\/de\/wp-json\/wp\/v2\/pages\/8150\/revisions\/8177"}],"up":[{"embeddable":true,"href":"https:\/\/dev.visitrimini.com\/de\/wp-json\/wp\/v2\/pages\/1454"}],"wp:featuredmedia":[{"embeddable":true,"href":"https:\/\/dev.visitrimini.com\/de\/wp-json\/wp\/v2\/media\/7831"}],"wp:attachment":[{"href":"https:\/\/dev.visitrimini.com\/de\/wp-json\/wp\/v2\/media?parent=8150"}],"curies":[{"name":"wp","href":"https:\/\/api.w.org\/{rel}","templated":true}]}}