{"id":8153,"date":"2021-08-10T13:03:03","date_gmt":"2021-08-10T11:03:03","guid":{"rendered":"https:\/\/dev.visitrimini.com\/riminiist-fellini\/il-cinema-fulgor\/"},"modified":"2021-08-14T12:49:45","modified_gmt":"2021-08-14T10:49:45","slug":"il-cinema-fulgor","status":"publish","type":"page","link":"https:\/\/dev.visitrimini.com\/de\/riminiist-fellini\/il-cinema-fulgor\/","title":{"rendered":"<strong>Das Fulgor<\/strong> Kino"},"content":{"rendered":"<p>Das Fulgor, das Kino der Tr\u00e4ume von Federico Fellini. Ein ikonischer und inspirierender Ort im Herzen der Altstadt, der durch die Erz\u00e4hlung der Reisen des legend\u00e4ren Regisseurs zu neuem Leben erweckt wurde. In einer Zeit, in der Federicos jugendliche Fantasie gl\u00fchend und empfindlich war, sah er hier seine ersten Filme. Hier begann er, die Bedeutung der siebten Kunst zu begreifen, die ihn zum Erfolg f\u00fchren sollte.<\/p>\n<p><img decoding=\"async\" loading=\"lazy\" class=\"alignnone wp-image-1551 size-full\" src=\"https:\/\/dev.visitrimini.com\/wp-content\/uploads\/2021\/04\/FULGOR-facciata\u00a9Comune-di-RiminiI.jpg\" alt=\"Cinema Fulgor\" width=\"1280\" height=\"854\" srcset=\"https:\/\/dev.visitrimini.com\/wp-content\/uploads\/2021\/04\/FULGOR-facciata\u00a9Comune-di-RiminiI.jpg 1280w, https:\/\/dev.visitrimini.com\/wp-content\/uploads\/2021\/04\/FULGOR-facciata\u00a9Comune-di-RiminiI-300x200.jpg 300w, https:\/\/dev.visitrimini.com\/wp-content\/uploads\/2021\/04\/FULGOR-facciata\u00a9Comune-di-RiminiI-1024x683.jpg 1024w, https:\/\/dev.visitrimini.com\/wp-content\/uploads\/2021\/04\/FULGOR-facciata\u00a9Comune-di-RiminiI-768x512.jpg 768w\" sizes=\"(max-width: 1280px) 100vw, 1280px\" \/><\/p>\n<p>Durch den Platz der Tr\u00e4ume ist der Fulgor heute ein integraler Bestandteil des <strong>Fellini-Museums<\/strong> und stellt eine ideale und physische Beziehung zum Schloss Sismondo her.<\/p>\n<p><strong>Das Fulgor-Kino ist Teil des kulturellen Erbes Fellinis<\/strong>: <strong>das Foyer<\/strong> und <strong>die beiden Vorf\u00fchrs\u00e4le &#8222;Giulietta&#8220; und &#8222;Federico&#8220; im Erdgeschoss erinnern an das Hollywood-Ambiente der 1930er Jahre<\/strong>, das der Maestro verehrte.<\/p>\n<p>An die Verbindung von Fellini und Rimini erinnert eines der ikonischen Denkm\u00e4ler, die seinen pers\u00f6nlichen und kreativen Weg nachzeichnen. Die Stadt ist in den jugendlichen Karikaturen ber\u00fchmter Schauspieler pr\u00e4sent, die der Leiter des Fulgor-Kinos in Auftrag gegeben und als Werbeattraktion ausgestellt hat. <strong>Rimini<\/strong> ist in <strong><em>Amarcord, I Vitelloni (Die M\u00fc\u00dfigg\u00e4nger), Die Stimme des Mondes, 8 1\u20442 und vielen anderen zu sehen<\/em><\/strong>. Nicht nur in den Zeichnungen von Mark Aurel, sondern auch in auf Papier hinterlassenen Motiven, Bildern und Interviews.<\/p>\n<p><img decoding=\"async\" loading=\"lazy\" class=\"alignnone wp-image-1533 size-full\" src=\"https:\/\/dev.visitrimini.com\/wp-content\/uploads\/2021\/04\/FULGOR-Sala\u00a9Comune-di-RiminiI.jpg\" alt=\"Cinema Fulgor\" width=\"1280\" height=\"853\" srcset=\"https:\/\/dev.visitrimini.com\/wp-content\/uploads\/2021\/04\/FULGOR-Sala\u00a9Comune-di-RiminiI.jpg 1280w, https:\/\/dev.visitrimini.com\/wp-content\/uploads\/2021\/04\/FULGOR-Sala\u00a9Comune-di-RiminiI-300x200.jpg 300w, https:\/\/dev.visitrimini.com\/wp-content\/uploads\/2021\/04\/FULGOR-Sala\u00a9Comune-di-RiminiI-1024x682.jpg 1024w, https:\/\/dev.visitrimini.com\/wp-content\/uploads\/2021\/04\/FULGOR-Sala\u00a9Comune-di-RiminiI-768x512.jpg 768w\" sizes=\"(max-width: 1280px) 100vw, 1280px\" \/><\/p>\n<p>Inzwischen ist das Fulgor seiner Mission treu geblieben: Es ist immer noch ein Kino, in dem der Zuschauer zum Protagonisten wird, in einem Leben, das mit dem des Kinos verbunden ist. Und, wie so oft, wiederholt sich die Geschichte&#8230;<\/p>\n","protected":false},"excerpt":{"rendered":"<p>Das Fulgor, das Kino der Tr\u00e4ume von Federico Fellini. Ein ikonischer und inspirierender Ort im Herzen der Altstadt, der durch<\/p>\n","protected":false},"author":6,"featured_media":1554,"parent":1454,"menu_order":3,"comment_status":"closed","ping_status":"closed","template":"page-templates\/singola-categoria.php","meta":{"footnotes":""},"acf":[],"yoast_head":"<!-- This site is optimized with the Yoast SEO plugin v20.13 - https:\/\/yoast.com\/wordpress\/plugins\/seo\/ -->\n<title>Das Fulgor Kino - Visit Rimini<\/title>\n<meta name=\"robots\" content=\"index, follow, max-snippet:-1, max-image-preview:large, max-video-preview:-1\" \/>\n<meta property=\"og:locale\" content=\"de_DE\" \/>\n<meta property=\"og:type\" content=\"article\" \/>\n<meta property=\"og:title\" content=\"Das Fulgor Kino - Visit Rimini\" \/>\n<meta property=\"og:description\" content=\"Das Fulgor, das Kino der Tr\u00e4ume von Federico Fellini. Ein ikonischer und inspirierender Ort im Herzen der Altstadt, der durch\" \/>\n<meta property=\"og:url\" content=\"https:\/\/dev.visitrimini.com\/rimini-e-fellini\/il-cinema-fulgor\/\" \/>\n<meta property=\"og:site_name\" content=\"Visit Rimini\" \/>\n<meta property=\"article:modified_time\" content=\"2021-08-14T10:49:45+00:00\" \/>\n<meta property=\"og:image\" content=\"https:\/\/dev.visitrimini.com\/wp-content\/uploads\/2021\/04\/FULGOR-facciata\u00a9Comune-di-RiminiI.jpg\" \/>\n\t<meta property=\"og:image:width\" content=\"1280\" \/>\n\t<meta property=\"og:image:height\" content=\"854\" \/>\n\t<meta property=\"og:image:type\" content=\"image\/jpeg\" \/>\n<meta name=\"twitter:card\" content=\"summary_large_image\" \/>\n<meta name=\"twitter:label1\" content=\"Gesch\u00e4tzte Lesezeit\" \/>\n\t<meta name=\"twitter:data1\" content=\"2\u00a0Minuten\" \/>\n<script type=\"application\/ld+json\" class=\"yoast-schema-graph\">{\"@context\":\"https:\/\/schema.org\",\"@graph\":[{\"@type\":\"WebPage\",\"@id\":\"https:\/\/dev.visitrimini.com\/rimini-e-fellini\/il-cinema-fulgor\/\",\"url\":\"https:\/\/dev.visitrimini.com\/rimini-e-fellini\/il-cinema-fulgor\/\",\"name\":\"Das Fulgor Kino - Visit Rimini\",\"isPartOf\":{\"@id\":\"https:\/\/dev.visitrimini.com\/#website\"},\"datePublished\":\"2021-08-10T11:03:03+00:00\",\"dateModified\":\"2021-08-14T10:49:45+00:00\",\"breadcrumb\":{\"@id\":\"https:\/\/dev.visitrimini.com\/rimini-e-fellini\/il-cinema-fulgor\/#breadcrumb\"},\"inLanguage\":\"de\",\"potentialAction\":[{\"@type\":\"ReadAction\",\"target\":[\"https:\/\/dev.visitrimini.com\/rimini-e-fellini\/il-cinema-fulgor\/\"]}]},{\"@type\":\"BreadcrumbList\",\"@id\":\"https:\/\/dev.visitrimini.com\/rimini-e-fellini\/il-cinema-fulgor\/#breadcrumb\",\"itemListElement\":[{\"@type\":\"ListItem\",\"position\":1,\"name\":\"Home\",\"item\":\"https:\/\/dev.visitrimini.com\/de\/\"},{\"@type\":\"ListItem\",\"position\":2,\"name\":\"Rimini ist&#8230; FELLINI\",\"item\":\"https:\/\/dev.visitrimini.com\/de\/riminiist-fellini\/\"},{\"@type\":\"ListItem\",\"position\":3,\"name\":\"Das Fulgor Kino\"}]},{\"@type\":\"WebSite\",\"@id\":\"https:\/\/dev.visitrimini.com\/#website\",\"url\":\"https:\/\/dev.visitrimini.com\/\",\"name\":\"Visit Rimini\",\"description\":\"Un nuovo sito targato WordPress\",\"potentialAction\":[{\"@type\":\"SearchAction\",\"target\":{\"@type\":\"EntryPoint\",\"urlTemplate\":\"https:\/\/dev.visitrimini.com\/?s={search_term_string}\"},\"query-input\":\"required name=search_term_string\"}],\"inLanguage\":\"de\"}]}<\/script>\n<!-- \/ Yoast SEO plugin. -->","yoast_head_json":{"title":"Das Fulgor Kino - Visit Rimini","robots":{"index":"index","follow":"follow","max-snippet":"max-snippet:-1","max-image-preview":"max-image-preview:large","max-video-preview":"max-video-preview:-1"},"og_locale":"de_DE","og_type":"article","og_title":"Das Fulgor Kino - Visit Rimini","og_description":"Das Fulgor, das Kino der Tr\u00e4ume von Federico Fellini. Ein ikonischer und inspirierender Ort im Herzen der Altstadt, der durch","og_url":"https:\/\/dev.visitrimini.com\/rimini-e-fellini\/il-cinema-fulgor\/","og_site_name":"Visit Rimini","article_modified_time":"2021-08-14T10:49:45+00:00","og_image":[{"width":1280,"height":854,"url":"https:\/\/dev.visitrimini.com\/wp-content\/uploads\/2021\/04\/FULGOR-facciata\u00a9Comune-di-RiminiI.jpg","type":"image\/jpeg"}],"twitter_card":"summary_large_image","twitter_misc":{"Gesch\u00e4tzte Lesezeit":"2\u00a0Minuten"},"schema":{"@context":"https:\/\/schema.org","@graph":[{"@type":"WebPage","@id":"https:\/\/dev.visitrimini.com\/rimini-e-fellini\/il-cinema-fulgor\/","url":"https:\/\/dev.visitrimini.com\/rimini-e-fellini\/il-cinema-fulgor\/","name":"Das Fulgor Kino - Visit Rimini","isPartOf":{"@id":"https:\/\/dev.visitrimini.com\/#website"},"datePublished":"2021-08-10T11:03:03+00:00","dateModified":"2021-08-14T10:49:45+00:00","breadcrumb":{"@id":"https:\/\/dev.visitrimini.com\/rimini-e-fellini\/il-cinema-fulgor\/#breadcrumb"},"inLanguage":"de","potentialAction":[{"@type":"ReadAction","target":["https:\/\/dev.visitrimini.com\/rimini-e-fellini\/il-cinema-fulgor\/"]}]},{"@type":"BreadcrumbList","@id":"https:\/\/dev.visitrimini.com\/rimini-e-fellini\/il-cinema-fulgor\/#breadcrumb","itemListElement":[{"@type":"ListItem","position":1,"name":"Home","item":"https:\/\/dev.visitrimini.com\/de\/"},{"@type":"ListItem","position":2,"name":"Rimini ist&#8230; FELLINI","item":"https:\/\/dev.visitrimini.com\/de\/riminiist-fellini\/"},{"@type":"ListItem","position":3,"name":"Das Fulgor Kino"}]},{"@type":"WebSite","@id":"https:\/\/dev.visitrimini.com\/#website","url":"https:\/\/dev.visitrimini.com\/","name":"Visit Rimini","description":"Un nuovo sito targato WordPress","potentialAction":[{"@type":"SearchAction","target":{"@type":"EntryPoint","urlTemplate":"https:\/\/dev.visitrimini.com\/?s={search_term_string}"},"query-input":"required name=search_term_string"}],"inLanguage":"de"}]}},"_links":{"self":[{"href":"https:\/\/dev.visitrimini.com\/de\/wp-json\/wp\/v2\/pages\/8153"}],"collection":[{"href":"https:\/\/dev.visitrimini.com\/de\/wp-json\/wp\/v2\/pages"}],"about":[{"href":"https:\/\/dev.visitrimini.com\/de\/wp-json\/wp\/v2\/types\/page"}],"author":[{"embeddable":true,"href":"https:\/\/dev.visitrimini.com\/de\/wp-json\/wp\/v2\/users\/6"}],"replies":[{"embeddable":true,"href":"https:\/\/dev.visitrimini.com\/de\/wp-json\/wp\/v2\/comments?post=8153"}],"version-history":[{"count":4,"href":"https:\/\/dev.visitrimini.com\/de\/wp-json\/wp\/v2\/pages\/8153\/revisions"}],"predecessor-version":[{"id":8184,"href":"https:\/\/dev.visitrimini.com\/de\/wp-json\/wp\/v2\/pages\/8153\/revisions\/8184"}],"up":[{"embeddable":true,"href":"https:\/\/dev.visitrimini.com\/de\/wp-json\/wp\/v2\/pages\/1454"}],"wp:featuredmedia":[{"embeddable":true,"href":"https:\/\/dev.visitrimini.com\/de\/wp-json\/wp\/v2\/media\/1554"}],"wp:attachment":[{"href":"https:\/\/dev.visitrimini.com\/de\/wp-json\/wp\/v2\/media?parent=8153"}],"curies":[{"name":"wp","href":"https:\/\/api.w.org\/{rel}","templated":true}]}}