{"id":8223,"date":"2021-08-12T13:46:41","date_gmt":"2021-08-12T11:46:41","guid":{"rendered":"https:\/\/dev.visitrimini.com\/riminiist-fellini\/fellini-e-rimini\/"},"modified":"2021-08-18T09:29:42","modified_gmt":"2021-08-18T07:29:42","slug":"fellini-e-rimini","status":"publish","type":"page","link":"https:\/\/dev.visitrimini.com\/de\/riminiist-fellini\/fellini-e-rimini\/","title":{"rendered":"<strong>Fellini<\/strong> und Rimini"},"content":{"rendered":"<p><strong>&#8222;Rimini ist eine Dimension der Erinnerung&#8220;. <\/strong>Diese Worte, die den kreativen Impuls einer Erinnerung ausdr\u00fccken, die mit Tr\u00e4umen und Realit\u00e4ten koexistiert, definieren die Beziehung des Regisseurs zu seiner Stadt.<\/p>\n<p>Federico Fellini wurde einen Monat, nachdem seine Familie nach Rimini gezogen war, geboren. Er wurde in Marina Centro, in der Dardanelli-Stra\u00dfe, geboren und lebte dort bis zu seinem dritten Lebensjahr, als seine Familie ins Stadtzentrum umzog. Sein Haus lag in der N\u00e4he des Boulevards Principe Amedeo, der heute zum <strong>Federico Fellini-Platz<\/strong> f\u00fchrt, wo der <strong>Kursaal<\/strong>, eine 1873 er\u00f6ffnete und nach dem Zweiten Weltkrieg abgerissene Badeanstalt, als stilvolles Zentrum der Sommerfeste von Rimini galt. Als Fellini und seine Freunde j\u00fcnger waren, gingen sie dorthin, um die sch\u00f6nen Leute zu treffen, die den Ort besuchten.<\/p>\n<p>Gleich gegen\u00fcber dem Kursaal liegt das <strong>Grand Hotel<\/strong>, ein elegantes Jugendstilgeb\u00e4ude, das 1908 von der Stadt Rimini in Auftrag gegeben wurde, um ber\u00fchmte Leute und reiche G\u00e4ste anzuziehen: Die &#8222;M\u00e4rchenwelt der Reichen und des Luxus&#8220;, ein Jugendtraum, den Fellini in seinem Amarcord ber\u00fchmt gemacht hat, ist hier noch zu sehen.<strong> Fellinia<\/strong>, die Gro\u00dfe Kamera des Skulpturenk\u00fcnstlers Elio Guerra, ist nur wenige Schritte vom Grand Hotel entfernt.<\/p>\n<p>Von hier aus hat <strong>die Stadt Rimini dem Werk des Maestro eine Reihe von Stra\u00dfen gewidmet<\/strong>. In erster Linie seiner Frau, der Schauspielerin Giulietta Masina, und dann den Filmen und Figuren, die er geschaffen hat, um das Erbe des Maestro und die Stadt, in der er lebte, zu ehren.<\/p>\n<p>Nicht weit vom Grand Hotel entfernt befindet sich der Hafen von Rimini, der vom Leuchtturm bis zur <strong>Palata<\/strong> reicht und von den Einwohnern Riminis zu jeder Jahreszeit besucht wird. Die &#8222;Palata&#8220; ist die Anlegestelle, von der aus die Schiffe auslaufen, um den Dampfer Rex zu treffen, und sie wird am Anfang und am Ende von Amarcord und bei den Spazierg\u00e4ngen der Protagonisten in I Vitelloni (Die M\u00fc\u00dfigg\u00e4nger) &#8222;zitiert&#8220;.<\/p>\n<p>Das alte Stadtzentrum war auch eine Inspirationsquelle f\u00fcr Federico Fellini. Die Autos der Mille Miglia in Amarcord rasen am besten auf dem <strong>Corso d&#8217;Augusto<\/strong> vorbei. Der <strong>Cavour-Platz<\/strong> mit dem <strong>Arengo-Palast <\/strong>ist der Schauplatz der faschistischen Feierlichkeiten in Amarcord. Hier befindet sich auch die <strong>Fontana della Pigna<\/strong> (Pinienzapfenbrunnen), die in Amarcord in der Szene des Schneefalls, auf dem der Pfau des Grafen ruht, verewigt wurde.<\/p>\n<p><strong>Der Tre Martiri-Platz<\/strong> taucht auch in Amarcord auf, und zwar in der Szene mit der Segnung der Tiere. Nicht weit entfernt, in der Stra\u00dfe IV Novembre, befand sich die &#8222;<strong>Bottega FeBo<\/strong>&#8222;, ein Kunstgesch\u00e4ft, das zusammen mit dem Maler Demos Bonini aus Rimini er\u00f6ffnet wurde. Fellini fertigte Karikaturen und Portr\u00e4ts f\u00fcr Passanten an und portr\u00e4tierte Filmfiguren f\u00fcr das <strong>Fulgor,<\/strong> das Kino, in dem er als Kind seinen ersten Film sah: Maciste, der R\u00e4cher der Verdammten.<\/p>\n<p>Und dann ist da noch Borgo San Giuliano mit seinen Wandmalereien, die Fellinis Werke und Figuren darstellen: ganz Rimini erinnert an den Maestro!<\/p>\n<p>Heute ruhen Federico Fellini und Giulietta Masina auf dem Monumentalfriedhof von Rimini unter dem &#8222;gro\u00dfen Bug&#8220;, einer Bronzeskulptur von <strong>Arnaldo Pomodoro<\/strong>.<\/p>\n<p><img decoding=\"async\" loading=\"lazy\" class=\"aligncenter wp-image-8050 size-full\" src=\"https:\/\/dev.visitrimini.com\/wp-content\/uploads\/2021\/08\/fellini.jpg\" alt=\"Felini al Grand Hotel\" width=\"1412\" height=\"1055\" srcset=\"https:\/\/dev.visitrimini.com\/wp-content\/uploads\/2021\/08\/fellini.jpg 1412w, https:\/\/dev.visitrimini.com\/wp-content\/uploads\/2021\/08\/fellini-300x224.jpg 300w, https:\/\/dev.visitrimini.com\/wp-content\/uploads\/2021\/08\/fellini-1024x765.jpg 1024w, https:\/\/dev.visitrimini.com\/wp-content\/uploads\/2021\/08\/fellini-768x574.jpg 768w\" sizes=\"(max-width: 1412px) 100vw, 1412px\" \/><\/p>\n","protected":false},"excerpt":{"rendered":"<p>&#8222;Rimini ist eine Dimension der Erinnerung&#8220;. Diese Worte, die den kreativen Impuls einer Erinnerung ausdr\u00fccken, die mit Tr\u00e4umen und Realit\u00e4ten<\/p>\n","protected":false},"author":6,"featured_media":8053,"parent":1454,"menu_order":0,"comment_status":"closed","ping_status":"closed","template":"page-templates\/singola-categoria.php","meta":{"footnotes":""},"acf":[],"yoast_head":"<!-- This site is optimized with the Yoast SEO plugin v20.13 - https:\/\/yoast.com\/wordpress\/plugins\/seo\/ -->\n<title>Fellini und Rimini - Visit Rimini<\/title>\n<meta name=\"description\" content=\"&quot;Rimini \u00e8 una dimensione della memoria&quot;. Il rapporto tra il Regista e la sua citt\u00e0 natale \u00e8 racchiuso in queste sue parole\" \/>\n<meta name=\"robots\" content=\"index, follow, max-snippet:-1, max-image-preview:large, max-video-preview:-1\" \/>\n<meta property=\"og:locale\" content=\"de_DE\" \/>\n<meta property=\"og:type\" content=\"article\" \/>\n<meta property=\"og:title\" content=\"Fellini und Rimini - Visit Rimini\" \/>\n<meta property=\"og:description\" content=\"&quot;Rimini \u00e8 una dimensione della memoria&quot;. Il rapporto tra il Regista e la sua citt\u00e0 natale \u00e8 racchiuso in queste sue parole\" \/>\n<meta property=\"og:url\" content=\"https:\/\/dev.visitrimini.com\/de\/riminiist-fellini\/fellini-e-rimini\/\" \/>\n<meta property=\"og:site_name\" content=\"Visit Rimini\" \/>\n<meta property=\"article:modified_time\" content=\"2021-08-18T07:29:42+00:00\" \/>\n<meta property=\"og:image\" content=\"https:\/\/dev.visitrimini.com\/wp-content\/uploads\/2021\/08\/fellini.jpg\" \/>\n\t<meta property=\"og:image:width\" content=\"1412\" \/>\n\t<meta property=\"og:image:height\" content=\"1055\" \/>\n\t<meta property=\"og:image:type\" content=\"image\/jpeg\" \/>\n<meta name=\"twitter:card\" content=\"summary_large_image\" \/>\n<meta name=\"twitter:label1\" content=\"Gesch\u00e4tzte Lesezeit\" \/>\n\t<meta name=\"twitter:data1\" content=\"3\u00a0Minuten\" \/>\n<script type=\"application\/ld+json\" class=\"yoast-schema-graph\">{\"@context\":\"https:\/\/schema.org\",\"@graph\":[{\"@type\":\"WebPage\",\"@id\":\"https:\/\/dev.visitrimini.com\/de\/riminiist-fellini\/fellini-e-rimini\/\",\"url\":\"https:\/\/dev.visitrimini.com\/de\/riminiist-fellini\/fellini-e-rimini\/\",\"name\":\"Fellini und Rimini - Visit Rimini\",\"isPartOf\":{\"@id\":\"https:\/\/dev.visitrimini.com\/#website\"},\"datePublished\":\"2021-08-12T11:46:41+00:00\",\"dateModified\":\"2021-08-18T07:29:42+00:00\",\"description\":\"\\\"Rimini \u00e8 una dimensione della memoria\\\". Il rapporto tra il Regista e la sua citt\u00e0 natale \u00e8 racchiuso in queste sue parole\",\"breadcrumb\":{\"@id\":\"https:\/\/dev.visitrimini.com\/de\/riminiist-fellini\/fellini-e-rimini\/#breadcrumb\"},\"inLanguage\":\"de\",\"potentialAction\":[{\"@type\":\"ReadAction\",\"target\":[\"https:\/\/dev.visitrimini.com\/de\/riminiist-fellini\/fellini-e-rimini\/\"]}]},{\"@type\":\"BreadcrumbList\",\"@id\":\"https:\/\/dev.visitrimini.com\/de\/riminiist-fellini\/fellini-e-rimini\/#breadcrumb\",\"itemListElement\":[{\"@type\":\"ListItem\",\"position\":1,\"name\":\"Home\",\"item\":\"https:\/\/dev.visitrimini.com\/de\/\"},{\"@type\":\"ListItem\",\"position\":2,\"name\":\"Rimini ist&#8230; FELLINI\",\"item\":\"https:\/\/dev.visitrimini.com\/de\/riminiist-fellini\/\"},{\"@type\":\"ListItem\",\"position\":3,\"name\":\"Fellini und Rimini\"}]},{\"@type\":\"WebSite\",\"@id\":\"https:\/\/dev.visitrimini.com\/#website\",\"url\":\"https:\/\/dev.visitrimini.com\/\",\"name\":\"Visit Rimini\",\"description\":\"Un nuovo sito targato WordPress\",\"potentialAction\":[{\"@type\":\"SearchAction\",\"target\":{\"@type\":\"EntryPoint\",\"urlTemplate\":\"https:\/\/dev.visitrimini.com\/?s={search_term_string}\"},\"query-input\":\"required name=search_term_string\"}],\"inLanguage\":\"de\"}]}<\/script>\n<!-- \/ Yoast SEO plugin. -->","yoast_head_json":{"title":"Fellini und Rimini - Visit Rimini","description":"\"Rimini \u00e8 una dimensione della memoria\". Il rapporto tra il Regista e la sua citt\u00e0 natale \u00e8 racchiuso in queste sue parole","robots":{"index":"index","follow":"follow","max-snippet":"max-snippet:-1","max-image-preview":"max-image-preview:large","max-video-preview":"max-video-preview:-1"},"og_locale":"de_DE","og_type":"article","og_title":"Fellini und Rimini - Visit Rimini","og_description":"\"Rimini \u00e8 una dimensione della memoria\". Il rapporto tra il Regista e la sua citt\u00e0 natale \u00e8 racchiuso in queste sue parole","og_url":"https:\/\/dev.visitrimini.com\/de\/riminiist-fellini\/fellini-e-rimini\/","og_site_name":"Visit Rimini","article_modified_time":"2021-08-18T07:29:42+00:00","og_image":[{"width":1412,"height":1055,"url":"https:\/\/dev.visitrimini.com\/wp-content\/uploads\/2021\/08\/fellini.jpg","type":"image\/jpeg"}],"twitter_card":"summary_large_image","twitter_misc":{"Gesch\u00e4tzte Lesezeit":"3\u00a0Minuten"},"schema":{"@context":"https:\/\/schema.org","@graph":[{"@type":"WebPage","@id":"https:\/\/dev.visitrimini.com\/de\/riminiist-fellini\/fellini-e-rimini\/","url":"https:\/\/dev.visitrimini.com\/de\/riminiist-fellini\/fellini-e-rimini\/","name":"Fellini und Rimini - Visit Rimini","isPartOf":{"@id":"https:\/\/dev.visitrimini.com\/#website"},"datePublished":"2021-08-12T11:46:41+00:00","dateModified":"2021-08-18T07:29:42+00:00","description":"\"Rimini \u00e8 una dimensione della memoria\". Il rapporto tra il Regista e la sua citt\u00e0 natale \u00e8 racchiuso in queste sue parole","breadcrumb":{"@id":"https:\/\/dev.visitrimini.com\/de\/riminiist-fellini\/fellini-e-rimini\/#breadcrumb"},"inLanguage":"de","potentialAction":[{"@type":"ReadAction","target":["https:\/\/dev.visitrimini.com\/de\/riminiist-fellini\/fellini-e-rimini\/"]}]},{"@type":"BreadcrumbList","@id":"https:\/\/dev.visitrimini.com\/de\/riminiist-fellini\/fellini-e-rimini\/#breadcrumb","itemListElement":[{"@type":"ListItem","position":1,"name":"Home","item":"https:\/\/dev.visitrimini.com\/de\/"},{"@type":"ListItem","position":2,"name":"Rimini ist&#8230; FELLINI","item":"https:\/\/dev.visitrimini.com\/de\/riminiist-fellini\/"},{"@type":"ListItem","position":3,"name":"Fellini und Rimini"}]},{"@type":"WebSite","@id":"https:\/\/dev.visitrimini.com\/#website","url":"https:\/\/dev.visitrimini.com\/","name":"Visit Rimini","description":"Un nuovo sito targato WordPress","potentialAction":[{"@type":"SearchAction","target":{"@type":"EntryPoint","urlTemplate":"https:\/\/dev.visitrimini.com\/?s={search_term_string}"},"query-input":"required name=search_term_string"}],"inLanguage":"de"}]}},"_links":{"self":[{"href":"https:\/\/dev.visitrimini.com\/de\/wp-json\/wp\/v2\/pages\/8223"}],"collection":[{"href":"https:\/\/dev.visitrimini.com\/de\/wp-json\/wp\/v2\/pages"}],"about":[{"href":"https:\/\/dev.visitrimini.com\/de\/wp-json\/wp\/v2\/types\/page"}],"author":[{"embeddable":true,"href":"https:\/\/dev.visitrimini.com\/de\/wp-json\/wp\/v2\/users\/6"}],"replies":[{"embeddable":true,"href":"https:\/\/dev.visitrimini.com\/de\/wp-json\/wp\/v2\/comments?post=8223"}],"version-history":[{"count":2,"href":"https:\/\/dev.visitrimini.com\/de\/wp-json\/wp\/v2\/pages\/8223\/revisions"}],"predecessor-version":[{"id":8225,"href":"https:\/\/dev.visitrimini.com\/de\/wp-json\/wp\/v2\/pages\/8223\/revisions\/8225"}],"up":[{"embeddable":true,"href":"https:\/\/dev.visitrimini.com\/de\/wp-json\/wp\/v2\/pages\/1454"}],"wp:featuredmedia":[{"embeddable":true,"href":"https:\/\/dev.visitrimini.com\/de\/wp-json\/wp\/v2\/media\/8053"}],"wp:attachment":[{"href":"https:\/\/dev.visitrimini.com\/de\/wp-json\/wp\/v2\/media?parent=8223"}],"curies":[{"name":"wp","href":"https:\/\/api.w.org\/{rel}","templated":true}]}}