{"id":10303,"date":"2022-01-26T14:01:53","date_gmt":"2022-01-26T13:01:53","guid":{"rendered":"https:\/\/dev.visitrimini.com\/?page_id=10303"},"modified":"2022-01-27T17:16:02","modified_gmt":"2022-01-27T16:16:02","slug":"dream-locations-for-your-wedding-in-rimini","status":"publish","type":"page","link":"https:\/\/dev.visitrimini.com\/en\/rimini-wedding-destination\/dream-locations-for-your-wedding-in-rimini\/","title":{"rendered":"<strong>Dream locations<\/strong> for your wedding in Rimini"},"content":{"rendered":"","protected":false},"excerpt":{"rendered":"","protected":false},"author":2,"featured_media":10377,"parent":10289,"menu_order":0,"comment_status":"closed","ping_status":"closed","template":"page-templates\/singola-categoria.php","meta":{"footnotes":""},"acf":[],"yoast_head":"<!-- This site is optimized with the Yoast SEO plugin v20.13 - https:\/\/yoast.com\/wordpress\/plugins\/seo\/ -->\n<title>Dream locations for your wedding in Rimini - Visit Rimini<\/title>\n<meta name=\"description\" content=\"Rimini \u00e8 la citt\u00e0 ideale per il tuo giorno pi\u00f9 bello. Scopri tutte le location da sogno per il tuo matrimonio a Rimini.\" \/>\n<meta name=\"robots\" content=\"index, follow, max-snippet:-1, max-image-preview:large, max-video-preview:-1\" \/>\n<meta property=\"og:locale\" content=\"en_US\" \/>\n<meta property=\"og:type\" content=\"article\" \/>\n<meta property=\"og:title\" content=\"Dream locations for your wedding in Rimini - Visit Rimini\" \/>\n<meta property=\"og:description\" content=\"Rimini \u00e8 la citt\u00e0 ideale per il tuo giorno pi\u00f9 bello. Scopri tutte le location da sogno per il tuo matrimonio a Rimini.\" \/>\n<meta property=\"og:url\" content=\"https:\/\/dev.visitrimini.com\/en\/rimini-wedding-destination\/dream-locations-for-your-wedding-in-rimini\/\" \/>\n<meta property=\"og:site_name\" content=\"Visit Rimini\" \/>\n<meta property=\"article:modified_time\" content=\"2022-01-27T16:16:02+00:00\" \/>\n<meta property=\"og:image\" content=\"https:\/\/dev.visitrimini.com\/wp-content\/uploads\/2021\/12\/internopoletti.jpg\" \/>\n\t<meta property=\"og:image:width\" content=\"2000\" \/>\n\t<meta property=\"og:image:height\" content=\"800\" \/>\n\t<meta property=\"og:image:type\" content=\"image\/jpeg\" \/>\n<meta name=\"twitter:card\" content=\"summary_large_image\" \/>\n<script type=\"application\/ld+json\" class=\"yoast-schema-graph\">{\"@context\":\"https:\/\/schema.org\",\"@graph\":[{\"@type\":\"WebPage\",\"@id\":\"https:\/\/dev.visitrimini.com\/en\/rimini-wedding-destination\/dream-locations-for-your-wedding-in-rimini\/\",\"url\":\"https:\/\/dev.visitrimini.com\/en\/rimini-wedding-destination\/dream-locations-for-your-wedding-in-rimini\/\",\"name\":\"Dream locations for your wedding in Rimini - Visit Rimini\",\"isPartOf\":{\"@id\":\"https:\/\/dev.visitrimini.com\/#website\"},\"datePublished\":\"2022-01-26T13:01:53+00:00\",\"dateModified\":\"2022-01-27T16:16:02+00:00\",\"description\":\"Rimini \u00e8 la citt\u00e0 ideale per il tuo giorno pi\u00f9 bello. Scopri tutte le location da sogno per il tuo matrimonio a Rimini.\",\"breadcrumb\":{\"@id\":\"https:\/\/dev.visitrimini.com\/en\/rimini-wedding-destination\/dream-locations-for-your-wedding-in-rimini\/#breadcrumb\"},\"inLanguage\":\"en-US\",\"potentialAction\":[{\"@type\":\"ReadAction\",\"target\":[\"https:\/\/dev.visitrimini.com\/en\/rimini-wedding-destination\/dream-locations-for-your-wedding-in-rimini\/\"]}]},{\"@type\":\"BreadcrumbList\",\"@id\":\"https:\/\/dev.visitrimini.com\/en\/rimini-wedding-destination\/dream-locations-for-your-wedding-in-rimini\/#breadcrumb\",\"itemListElement\":[{\"@type\":\"ListItem\",\"position\":1,\"name\":\"Home\",\"item\":\"https:\/\/dev.visitrimini.com\/en\/\"},{\"@type\":\"ListItem\",\"position\":2,\"name\":\"Rimini Wedding Destination\",\"item\":\"https:\/\/dev.visitrimini.com\/en\/rimini-wedding-destination\/\"},{\"@type\":\"ListItem\",\"position\":3,\"name\":\"Dream locations for your wedding in Rimini\"}]},{\"@type\":\"WebSite\",\"@id\":\"https:\/\/dev.visitrimini.com\/#website\",\"url\":\"https:\/\/dev.visitrimini.com\/\",\"name\":\"Visit Rimini\",\"description\":\"Un nuovo sito targato WordPress\",\"potentialAction\":[{\"@type\":\"SearchAction\",\"target\":{\"@type\":\"EntryPoint\",\"urlTemplate\":\"https:\/\/dev.visitrimini.com\/?s={search_term_string}\"},\"query-input\":\"required name=search_term_string\"}],\"inLanguage\":\"en-US\"}]}<\/script>\n<!-- \/ Yoast SEO plugin. -->","yoast_head_json":{"title":"Dream locations for your wedding in Rimini - Visit Rimini","description":"Rimini \u00e8 la citt\u00e0 ideale per il tuo giorno pi\u00f9 bello. Scopri tutte le location da sogno per il tuo matrimonio a Rimini.","robots":{"index":"index","follow":"follow","max-snippet":"max-snippet:-1","max-image-preview":"max-image-preview:large","max-video-preview":"max-video-preview:-1"},"og_locale":"en_US","og_type":"article","og_title":"Dream locations for your wedding in Rimini - Visit Rimini","og_description":"Rimini \u00e8 la citt\u00e0 ideale per il tuo giorno pi\u00f9 bello. Scopri tutte le location da sogno per il tuo matrimonio a Rimini.","og_url":"https:\/\/dev.visitrimini.com\/en\/rimini-wedding-destination\/dream-locations-for-your-wedding-in-rimini\/","og_site_name":"Visit Rimini","article_modified_time":"2022-01-27T16:16:02+00:00","og_image":[{"width":2000,"height":800,"url":"https:\/\/dev.visitrimini.com\/wp-content\/uploads\/2021\/12\/internopoletti.jpg","type":"image\/jpeg"}],"twitter_card":"summary_large_image","schema":{"@context":"https:\/\/schema.org","@graph":[{"@type":"WebPage","@id":"https:\/\/dev.visitrimini.com\/en\/rimini-wedding-destination\/dream-locations-for-your-wedding-in-rimini\/","url":"https:\/\/dev.visitrimini.com\/en\/rimini-wedding-destination\/dream-locations-for-your-wedding-in-rimini\/","name":"Dream locations for your wedding in Rimini - Visit Rimini","isPartOf":{"@id":"https:\/\/dev.visitrimini.com\/#website"},"datePublished":"2022-01-26T13:01:53+00:00","dateModified":"2022-01-27T16:16:02+00:00","description":"Rimini \u00e8 la citt\u00e0 ideale per il tuo giorno pi\u00f9 bello. Scopri tutte le location da sogno per il tuo matrimonio a Rimini.","breadcrumb":{"@id":"https:\/\/dev.visitrimini.com\/en\/rimini-wedding-destination\/dream-locations-for-your-wedding-in-rimini\/#breadcrumb"},"inLanguage":"en-US","potentialAction":[{"@type":"ReadAction","target":["https:\/\/dev.visitrimini.com\/en\/rimini-wedding-destination\/dream-locations-for-your-wedding-in-rimini\/"]}]},{"@type":"BreadcrumbList","@id":"https:\/\/dev.visitrimini.com\/en\/rimini-wedding-destination\/dream-locations-for-your-wedding-in-rimini\/#breadcrumb","itemListElement":[{"@type":"ListItem","position":1,"name":"Home","item":"https:\/\/dev.visitrimini.com\/en\/"},{"@type":"ListItem","position":2,"name":"Rimini Wedding Destination","item":"https:\/\/dev.visitrimini.com\/en\/rimini-wedding-destination\/"},{"@type":"ListItem","position":3,"name":"Dream locations for your wedding in Rimini"}]},{"@type":"WebSite","@id":"https:\/\/dev.visitrimini.com\/#website","url":"https:\/\/dev.visitrimini.com\/","name":"Visit Rimini","description":"Un nuovo sito targato WordPress","potentialAction":[{"@type":"SearchAction","target":{"@type":"EntryPoint","urlTemplate":"https:\/\/dev.visitrimini.com\/?s={search_term_string}"},"query-input":"required name=search_term_string"}],"inLanguage":"en-US"}]}},"_links":{"self":[{"href":"https:\/\/dev.visitrimini.com\/en\/wp-json\/wp\/v2\/pages\/10303"}],"collection":[{"href":"https:\/\/dev.visitrimini.com\/en\/wp-json\/wp\/v2\/pages"}],"about":[{"href":"https:\/\/dev.visitrimini.com\/en\/wp-json\/wp\/v2\/types\/page"}],"author":[{"embeddable":true,"href":"https:\/\/dev.visitrimini.com\/en\/wp-json\/wp\/v2\/users\/2"}],"replies":[{"embeddable":true,"href":"https:\/\/dev.visitrimini.com\/en\/wp-json\/wp\/v2\/comments?post=10303"}],"version-history":[{"count":5,"href":"https:\/\/dev.visitrimini.com\/en\/wp-json\/wp\/v2\/pages\/10303\/revisions"}],"predecessor-version":[{"id":11480,"href":"https:\/\/dev.visitrimini.com\/en\/wp-json\/wp\/v2\/pages\/10303\/revisions\/11480"}],"up":[{"embeddable":true,"href":"https:\/\/dev.visitrimini.com\/en\/wp-json\/wp\/v2\/pages\/10289"}],"wp:featuredmedia":[{"embeddable":true,"href":"https:\/\/dev.visitrimini.com\/en\/wp-json\/wp\/v2\/media\/10377"}],"wp:attachment":[{"href":"https:\/\/dev.visitrimini.com\/en\/wp-json\/wp\/v2\/media?parent=10303"}],"curies":[{"name":"wp","href":"https:\/\/api.w.org\/{rel}","templated":true}]}}