{"id":8216,"date":"2021-08-14T13:46:41","date_gmt":"2021-08-14T11:46:41","guid":{"rendered":"https:\/\/dev.visitrimini.com\/rimini-is-fellini\/fellini-e-rimini\/"},"modified":"2021-08-18T09:44:01","modified_gmt":"2021-08-18T07:44:01","slug":"fellini-e-rimini","status":"publish","type":"page","link":"https:\/\/dev.visitrimini.com\/en\/rimini-is-fellini\/fellini-e-rimini\/","title":{"rendered":"<strong>Fellini<\/strong> and Rimini"},"content":{"rendered":"<p><strong>Fellini and Rimini<\/strong><\/p>\n<p><strong>&#8220;Rimini is a memory dimension.&#8221; <\/strong>These words, which express the creative urge of a memory that coexists with dreams and realities, define the director&#8217;s relationship with his city.<\/p>\n<p>Federico Fellini was born one month after his family had moved to Rimini. He was born in Marina Centro, in Dardanelli Street, and lived there until he was three years old, when his family moved to the city centre. His\u00a0house was close to Principe Amedeo Boulevard, which currently leads to<strong> Federico Fellini Square<\/strong>, where the <strong>Kursaal<\/strong>, a bathing facility that opened in 1873 and was demolished after the second world\u00a0war, was considered the stylish heart of Rimini&#8217;s summer festivities. When Fellini and his friends were younger, they went there to meet the gorgeous people who attended the place.<\/p>\n<p>Just opposite the\u00a0Kursaal, the <strong>Grand Hotel<\/strong>, an elegant Art Nouveau building commissioned by the Municipality of Rimini in 1908 to attract famous people and wealthy guests: &#8220;The fairytale world of the rich and luxurious,&#8221; a youth dream made famous by Fellini in his Amarcord, can still be seen. <strong>Fellinia<\/strong>, the Great Camera built by sculptor Elio Guerra,\u00a0is just a few steps\u00a0from the Grand Hotel.<\/p>\n<p>And it is from here that the city of <strong>Rimini has dedicated a number of streets to the Maestro&#8217;s work<\/strong>. First and foremost, to his wife, actress Giulietta Masina, and then to the films and characters he created, honouring the Maestro&#8217;s heritage and the city in which he lived.<\/p>\n<p>The Rimini dock, which runs from the lighthouse to the <strong>Palata<\/strong> and is visited by Rimini residents in all seasons, is not far from the Grand Hotel. The &#8220;palata&#8221; is the pier from which the ships sail to meet the steamer Rex, and it is &#8220;cited&#8221; at the beginning and conclusion of Amarcord and\u00a0in the walks of the protagonists in I Vitelloni.<\/p>\n<p>The old town centre was also a source of inspiration for Federico Fellini. The vehicles of the Mille Miglia in Amarcord ideally speed by on <strong>Corso d&#8217;Augusto<\/strong>. <strong>Cavour Square<\/strong>, with its <strong>Arengo Palace<\/strong>, is the setting for the Fascist celebrations in Amarcord. This is also the site of the <strong>Fontana della Pigna<\/strong> (Fountain of the Pine-Cone), immortalised in Amarcord in the scene of the snowfall, on which the Count&#8217;s peacock rests.<\/p>\n<p><strong>Tre Martiri Square<\/strong> also appears in Amarcord, in the scene of the blessing of the animals. Not far away, in IV Novembre Street, was the &#8220;<strong>Bottega FeBo<\/strong>&#8220;, an artistic shop opened together with the Rimini painter Demos Bonini. Fellini made caricatures and portraits for passers-by and portrayed film characters for the <strong>Fulgor<\/strong>, the cinema where he watched his first film as a child: The Witch&#8217;s Curse.<\/p>\n<p>And then there is Borgo San Giuliano, with its murals depicting Fellini&#8217;s works and characters: the whole of Rimini reminds of the Maestro!<\/p>\n<p>Now Federico Fellini and Giulietta Masina rest in Rimini&#8217;s Monumental Cemetery under the &#8220;big bow&#8221;, a bronze sculpture by <strong>Arnaldo Pomodoro.<\/strong><\/p>\n<p><img decoding=\"async\" loading=\"lazy\" class=\"aligncenter wp-image-8050 size-full\" src=\"https:\/\/dev.visitrimini.com\/wp-content\/uploads\/2021\/08\/fellini.jpg\" alt=\"Felini al Grand Hotel\" width=\"1412\" height=\"1055\" srcset=\"https:\/\/dev.visitrimini.com\/wp-content\/uploads\/2021\/08\/fellini.jpg 1412w, https:\/\/dev.visitrimini.com\/wp-content\/uploads\/2021\/08\/fellini-300x224.jpg 300w, https:\/\/dev.visitrimini.com\/wp-content\/uploads\/2021\/08\/fellini-1024x765.jpg 1024w, https:\/\/dev.visitrimini.com\/wp-content\/uploads\/2021\/08\/fellini-768x574.jpg 768w\" sizes=\"(max-width: 1412px) 100vw, 1412px\" \/><\/p>\n","protected":false},"excerpt":{"rendered":"<p>Fellini and Rimini &#8220;Rimini is a memory dimension.&#8221; These words, which express the creative urge of a memory that coexists<\/p>\n","protected":false},"author":6,"featured_media":8051,"parent":1089,"menu_order":0,"comment_status":"closed","ping_status":"closed","template":"page-templates\/singola-categoria.php","meta":{"footnotes":""},"acf":[],"yoast_head":"<!-- This site is optimized with the Yoast SEO plugin v20.13 - https:\/\/yoast.com\/wordpress\/plugins\/seo\/ -->\n<title>Fellini and Rimini - Visit Rimini<\/title>\n<meta name=\"description\" content=\"&quot;Rimini \u00e8 una dimensione della memoria&quot;. Il rapporto tra il Regista e la sua citt\u00e0 natale \u00e8 racchiuso in queste sue parole\" \/>\n<meta name=\"robots\" content=\"index, follow, max-snippet:-1, max-image-preview:large, max-video-preview:-1\" \/>\n<meta property=\"og:locale\" content=\"en_US\" \/>\n<meta property=\"og:type\" content=\"article\" \/>\n<meta property=\"og:title\" content=\"Fellini and Rimini - Visit Rimini\" \/>\n<meta property=\"og:description\" content=\"&quot;Rimini \u00e8 una dimensione della memoria&quot;. Il rapporto tra il Regista e la sua citt\u00e0 natale \u00e8 racchiuso in queste sue parole\" \/>\n<meta property=\"og:url\" content=\"https:\/\/dev.visitrimini.com\/en\/rimini-is-fellini\/fellini-e-rimini\/\" \/>\n<meta property=\"og:site_name\" content=\"Visit Rimini\" \/>\n<meta property=\"article:modified_time\" content=\"2021-08-18T07:44:01+00:00\" \/>\n<meta property=\"og:image\" content=\"https:\/\/dev.visitrimini.com\/wp-content\/uploads\/2021\/08\/fellini.jpg\" \/>\n\t<meta property=\"og:image:width\" content=\"1412\" \/>\n\t<meta property=\"og:image:height\" content=\"1055\" \/>\n\t<meta property=\"og:image:type\" content=\"image\/jpeg\" \/>\n<meta name=\"twitter:card\" content=\"summary_large_image\" \/>\n<meta name=\"twitter:label1\" content=\"Est. reading time\" \/>\n\t<meta name=\"twitter:data1\" content=\"3 minutes\" \/>\n<script type=\"application\/ld+json\" class=\"yoast-schema-graph\">{\"@context\":\"https:\/\/schema.org\",\"@graph\":[{\"@type\":\"WebPage\",\"@id\":\"https:\/\/dev.visitrimini.com\/en\/rimini-is-fellini\/fellini-e-rimini\/\",\"url\":\"https:\/\/dev.visitrimini.com\/en\/rimini-is-fellini\/fellini-e-rimini\/\",\"name\":\"Fellini and Rimini - Visit Rimini\",\"isPartOf\":{\"@id\":\"https:\/\/dev.visitrimini.com\/#website\"},\"datePublished\":\"2021-08-14T11:46:41+00:00\",\"dateModified\":\"2021-08-18T07:44:01+00:00\",\"description\":\"\\\"Rimini \u00e8 una dimensione della memoria\\\". Il rapporto tra il Regista e la sua citt\u00e0 natale \u00e8 racchiuso in queste sue parole\",\"breadcrumb\":{\"@id\":\"https:\/\/dev.visitrimini.com\/en\/rimini-is-fellini\/fellini-e-rimini\/#breadcrumb\"},\"inLanguage\":\"en-US\",\"potentialAction\":[{\"@type\":\"ReadAction\",\"target\":[\"https:\/\/dev.visitrimini.com\/en\/rimini-is-fellini\/fellini-e-rimini\/\"]}]},{\"@type\":\"BreadcrumbList\",\"@id\":\"https:\/\/dev.visitrimini.com\/en\/rimini-is-fellini\/fellini-e-rimini\/#breadcrumb\",\"itemListElement\":[{\"@type\":\"ListItem\",\"position\":1,\"name\":\"Home\",\"item\":\"https:\/\/dev.visitrimini.com\/en\/\"},{\"@type\":\"ListItem\",\"position\":2,\"name\":\"Rimini is&#8230; FELLINI\",\"item\":\"https:\/\/dev.visitrimini.com\/en\/rimini-is-fellini\/\"},{\"@type\":\"ListItem\",\"position\":3,\"name\":\"Fellini and Rimini\"}]},{\"@type\":\"WebSite\",\"@id\":\"https:\/\/dev.visitrimini.com\/#website\",\"url\":\"https:\/\/dev.visitrimini.com\/\",\"name\":\"Visit Rimini\",\"description\":\"Un nuovo sito targato WordPress\",\"potentialAction\":[{\"@type\":\"SearchAction\",\"target\":{\"@type\":\"EntryPoint\",\"urlTemplate\":\"https:\/\/dev.visitrimini.com\/?s={search_term_string}\"},\"query-input\":\"required name=search_term_string\"}],\"inLanguage\":\"en-US\"}]}<\/script>\n<!-- \/ Yoast SEO plugin. -->","yoast_head_json":{"title":"Fellini and Rimini - Visit Rimini","description":"\"Rimini \u00e8 una dimensione della memoria\". Il rapporto tra il Regista e la sua citt\u00e0 natale \u00e8 racchiuso in queste sue parole","robots":{"index":"index","follow":"follow","max-snippet":"max-snippet:-1","max-image-preview":"max-image-preview:large","max-video-preview":"max-video-preview:-1"},"og_locale":"en_US","og_type":"article","og_title":"Fellini and Rimini - Visit Rimini","og_description":"\"Rimini \u00e8 una dimensione della memoria\". Il rapporto tra il Regista e la sua citt\u00e0 natale \u00e8 racchiuso in queste sue parole","og_url":"https:\/\/dev.visitrimini.com\/en\/rimini-is-fellini\/fellini-e-rimini\/","og_site_name":"Visit Rimini","article_modified_time":"2021-08-18T07:44:01+00:00","og_image":[{"width":1412,"height":1055,"url":"https:\/\/dev.visitrimini.com\/wp-content\/uploads\/2021\/08\/fellini.jpg","type":"image\/jpeg"}],"twitter_card":"summary_large_image","twitter_misc":{"Est. reading time":"3 minutes"},"schema":{"@context":"https:\/\/schema.org","@graph":[{"@type":"WebPage","@id":"https:\/\/dev.visitrimini.com\/en\/rimini-is-fellini\/fellini-e-rimini\/","url":"https:\/\/dev.visitrimini.com\/en\/rimini-is-fellini\/fellini-e-rimini\/","name":"Fellini and Rimini - Visit Rimini","isPartOf":{"@id":"https:\/\/dev.visitrimini.com\/#website"},"datePublished":"2021-08-14T11:46:41+00:00","dateModified":"2021-08-18T07:44:01+00:00","description":"\"Rimini \u00e8 una dimensione della memoria\". Il rapporto tra il Regista e la sua citt\u00e0 natale \u00e8 racchiuso in queste sue parole","breadcrumb":{"@id":"https:\/\/dev.visitrimini.com\/en\/rimini-is-fellini\/fellini-e-rimini\/#breadcrumb"},"inLanguage":"en-US","potentialAction":[{"@type":"ReadAction","target":["https:\/\/dev.visitrimini.com\/en\/rimini-is-fellini\/fellini-e-rimini\/"]}]},{"@type":"BreadcrumbList","@id":"https:\/\/dev.visitrimini.com\/en\/rimini-is-fellini\/fellini-e-rimini\/#breadcrumb","itemListElement":[{"@type":"ListItem","position":1,"name":"Home","item":"https:\/\/dev.visitrimini.com\/en\/"},{"@type":"ListItem","position":2,"name":"Rimini is&#8230; FELLINI","item":"https:\/\/dev.visitrimini.com\/en\/rimini-is-fellini\/"},{"@type":"ListItem","position":3,"name":"Fellini and Rimini"}]},{"@type":"WebSite","@id":"https:\/\/dev.visitrimini.com\/#website","url":"https:\/\/dev.visitrimini.com\/","name":"Visit Rimini","description":"Un nuovo sito targato WordPress","potentialAction":[{"@type":"SearchAction","target":{"@type":"EntryPoint","urlTemplate":"https:\/\/dev.visitrimini.com\/?s={search_term_string}"},"query-input":"required name=search_term_string"}],"inLanguage":"en-US"}]}},"_links":{"self":[{"href":"https:\/\/dev.visitrimini.com\/en\/wp-json\/wp\/v2\/pages\/8216"}],"collection":[{"href":"https:\/\/dev.visitrimini.com\/en\/wp-json\/wp\/v2\/pages"}],"about":[{"href":"https:\/\/dev.visitrimini.com\/en\/wp-json\/wp\/v2\/types\/page"}],"author":[{"embeddable":true,"href":"https:\/\/dev.visitrimini.com\/en\/wp-json\/wp\/v2\/users\/6"}],"replies":[{"embeddable":true,"href":"https:\/\/dev.visitrimini.com\/en\/wp-json\/wp\/v2\/comments?post=8216"}],"version-history":[{"count":2,"href":"https:\/\/dev.visitrimini.com\/en\/wp-json\/wp\/v2\/pages\/8216\/revisions"}],"predecessor-version":[{"id":8218,"href":"https:\/\/dev.visitrimini.com\/en\/wp-json\/wp\/v2\/pages\/8216\/revisions\/8218"}],"up":[{"embeddable":true,"href":"https:\/\/dev.visitrimini.com\/en\/wp-json\/wp\/v2\/pages\/1089"}],"wp:featuredmedia":[{"embeddable":true,"href":"https:\/\/dev.visitrimini.com\/en\/wp-json\/wp\/v2\/media\/8051"}],"wp:attachment":[{"href":"https:\/\/dev.visitrimini.com\/en\/wp-json\/wp\/v2\/media?parent=8216"}],"curies":[{"name":"wp","href":"https:\/\/api.w.org\/{rel}","templated":true}]}}