{"id":10310,"date":"2022-02-04T11:42:29","date_gmt":"2022-02-04T10:42:29","guid":{"rendered":"https:\/\/dev.visitrimini.com\/?page_id=10310"},"modified":"2022-02-04T11:42:29","modified_gmt":"2022-02-04T10:42:29","slug":"votre-mariage-a-rimini-laissez-vous-inspirer","status":"publish","type":"page","link":"https:\/\/dev.visitrimini.com\/fr\/rimini-wedding-destination\/votre-mariage-a-rimini-laissez-vous-inspirer\/","title":{"rendered":"<strong>Votre mariage \u00e0 Rimini<\/strong> : laissez-vous inspirer !"},"content":{"rendered":"","protected":false},"excerpt":{"rendered":"","protected":false},"author":2,"featured_media":10329,"parent":10290,"menu_order":2,"comment_status":"closed","ping_status":"closed","template":"page-templates\/singola-categoria.php","meta":{"footnotes":""},"acf":[],"yoast_head":"<!-- This site is optimized with the Yoast SEO plugin v20.13 - https:\/\/yoast.com\/wordpress\/plugins\/seo\/ -->\n<title>Votre mariage \u00e0 Rimini : laissez-vous inspirer ! - Visit Rimini<\/title>\n<meta name=\"description\" content=\"Rimini est la ville id\u00e9ale pour votre plus beau jour. Laissez-vous inspirer pour rendre votre mariage \u00e0 Rimini inoubliable.\" \/>\n<meta name=\"robots\" content=\"index, follow, max-snippet:-1, max-image-preview:large, max-video-preview:-1\" \/>\n<meta property=\"og:locale\" content=\"fr_FR\" \/>\n<meta property=\"og:type\" content=\"article\" \/>\n<meta property=\"og:title\" content=\"Votre mariage \u00e0 Rimini : laissez-vous inspirer ! - Visit Rimini\" \/>\n<meta property=\"og:description\" content=\"Rimini est la ville id\u00e9ale pour votre plus beau jour. Laissez-vous inspirer pour rendre votre mariage \u00e0 Rimini inoubliable.\" \/>\n<meta property=\"og:url\" content=\"https:\/\/dev.visitrimini.com\/fr\/rimini-wedding-destination\/votre-mariage-a-rimini-laissez-vous-inspirer\/\" \/>\n<meta property=\"og:site_name\" content=\"Visit Rimini\" \/>\n<meta property=\"og:image\" content=\"https:\/\/dev.visitrimini.com\/wp-content\/uploads\/2021\/12\/sposi-borgo.jpg\" \/>\n\t<meta property=\"og:image:width\" content=\"2000\" \/>\n\t<meta property=\"og:image:height\" content=\"800\" \/>\n\t<meta property=\"og:image:type\" content=\"image\/jpeg\" \/>\n<meta name=\"twitter:card\" content=\"summary_large_image\" \/>\n<script type=\"application\/ld+json\" class=\"yoast-schema-graph\">{\"@context\":\"https:\/\/schema.org\",\"@graph\":[{\"@type\":\"WebPage\",\"@id\":\"https:\/\/dev.visitrimini.com\/fr\/rimini-wedding-destination\/votre-mariage-a-rimini-laissez-vous-inspirer\/\",\"url\":\"https:\/\/dev.visitrimini.com\/fr\/rimini-wedding-destination\/votre-mariage-a-rimini-laissez-vous-inspirer\/\",\"name\":\"Votre mariage \u00e0 Rimini : laissez-vous inspirer ! - Visit Rimini\",\"isPartOf\":{\"@id\":\"https:\/\/dev.visitrimini.com\/#website\"},\"datePublished\":\"2022-02-04T10:42:29+00:00\",\"dateModified\":\"2022-02-04T10:42:29+00:00\",\"description\":\"Rimini est la ville id\u00e9ale pour votre plus beau jour. Laissez-vous inspirer pour rendre votre mariage \u00e0 Rimini inoubliable.\",\"breadcrumb\":{\"@id\":\"https:\/\/dev.visitrimini.com\/fr\/rimini-wedding-destination\/votre-mariage-a-rimini-laissez-vous-inspirer\/#breadcrumb\"},\"inLanguage\":\"fr-FR\",\"potentialAction\":[{\"@type\":\"ReadAction\",\"target\":[\"https:\/\/dev.visitrimini.com\/fr\/rimini-wedding-destination\/votre-mariage-a-rimini-laissez-vous-inspirer\/\"]}]},{\"@type\":\"BreadcrumbList\",\"@id\":\"https:\/\/dev.visitrimini.com\/fr\/rimini-wedding-destination\/votre-mariage-a-rimini-laissez-vous-inspirer\/#breadcrumb\",\"itemListElement\":[{\"@type\":\"ListItem\",\"position\":1,\"name\":\"Home\",\"item\":\"https:\/\/dev.visitrimini.com\/fr\/\"},{\"@type\":\"ListItem\",\"position\":2,\"name\":\"Rimini Wedding Destination\",\"item\":\"https:\/\/dev.visitrimini.com\/fr\/rimini-wedding-destination\/\"},{\"@type\":\"ListItem\",\"position\":3,\"name\":\"Votre mariage \u00e0 Rimini : laissez-vous inspirer !\"}]},{\"@type\":\"WebSite\",\"@id\":\"https:\/\/dev.visitrimini.com\/#website\",\"url\":\"https:\/\/dev.visitrimini.com\/\",\"name\":\"Visit Rimini\",\"description\":\"Un nuovo sito targato WordPress\",\"potentialAction\":[{\"@type\":\"SearchAction\",\"target\":{\"@type\":\"EntryPoint\",\"urlTemplate\":\"https:\/\/dev.visitrimini.com\/?s={search_term_string}\"},\"query-input\":\"required name=search_term_string\"}],\"inLanguage\":\"fr-FR\"}]}<\/script>\n<!-- \/ Yoast SEO plugin. -->","yoast_head_json":{"title":"Votre mariage \u00e0 Rimini : laissez-vous inspirer ! - Visit Rimini","description":"Rimini est la ville id\u00e9ale pour votre plus beau jour. Laissez-vous inspirer pour rendre votre mariage \u00e0 Rimini inoubliable.","robots":{"index":"index","follow":"follow","max-snippet":"max-snippet:-1","max-image-preview":"max-image-preview:large","max-video-preview":"max-video-preview:-1"},"og_locale":"fr_FR","og_type":"article","og_title":"Votre mariage \u00e0 Rimini : laissez-vous inspirer ! - Visit Rimini","og_description":"Rimini est la ville id\u00e9ale pour votre plus beau jour. Laissez-vous inspirer pour rendre votre mariage \u00e0 Rimini inoubliable.","og_url":"https:\/\/dev.visitrimini.com\/fr\/rimini-wedding-destination\/votre-mariage-a-rimini-laissez-vous-inspirer\/","og_site_name":"Visit Rimini","og_image":[{"width":2000,"height":800,"url":"https:\/\/dev.visitrimini.com\/wp-content\/uploads\/2021\/12\/sposi-borgo.jpg","type":"image\/jpeg"}],"twitter_card":"summary_large_image","schema":{"@context":"https:\/\/schema.org","@graph":[{"@type":"WebPage","@id":"https:\/\/dev.visitrimini.com\/fr\/rimini-wedding-destination\/votre-mariage-a-rimini-laissez-vous-inspirer\/","url":"https:\/\/dev.visitrimini.com\/fr\/rimini-wedding-destination\/votre-mariage-a-rimini-laissez-vous-inspirer\/","name":"Votre mariage \u00e0 Rimini : laissez-vous inspirer ! - Visit Rimini","isPartOf":{"@id":"https:\/\/dev.visitrimini.com\/#website"},"datePublished":"2022-02-04T10:42:29+00:00","dateModified":"2022-02-04T10:42:29+00:00","description":"Rimini est la ville id\u00e9ale pour votre plus beau jour. Laissez-vous inspirer pour rendre votre mariage \u00e0 Rimini inoubliable.","breadcrumb":{"@id":"https:\/\/dev.visitrimini.com\/fr\/rimini-wedding-destination\/votre-mariage-a-rimini-laissez-vous-inspirer\/#breadcrumb"},"inLanguage":"fr-FR","potentialAction":[{"@type":"ReadAction","target":["https:\/\/dev.visitrimini.com\/fr\/rimini-wedding-destination\/votre-mariage-a-rimini-laissez-vous-inspirer\/"]}]},{"@type":"BreadcrumbList","@id":"https:\/\/dev.visitrimini.com\/fr\/rimini-wedding-destination\/votre-mariage-a-rimini-laissez-vous-inspirer\/#breadcrumb","itemListElement":[{"@type":"ListItem","position":1,"name":"Home","item":"https:\/\/dev.visitrimini.com\/fr\/"},{"@type":"ListItem","position":2,"name":"Rimini Wedding Destination","item":"https:\/\/dev.visitrimini.com\/fr\/rimini-wedding-destination\/"},{"@type":"ListItem","position":3,"name":"Votre mariage \u00e0 Rimini : laissez-vous inspirer !"}]},{"@type":"WebSite","@id":"https:\/\/dev.visitrimini.com\/#website","url":"https:\/\/dev.visitrimini.com\/","name":"Visit Rimini","description":"Un nuovo sito targato WordPress","potentialAction":[{"@type":"SearchAction","target":{"@type":"EntryPoint","urlTemplate":"https:\/\/dev.visitrimini.com\/?s={search_term_string}"},"query-input":"required name=search_term_string"}],"inLanguage":"fr-FR"}]}},"_links":{"self":[{"href":"https:\/\/dev.visitrimini.com\/fr\/wp-json\/wp\/v2\/pages\/10310"}],"collection":[{"href":"https:\/\/dev.visitrimini.com\/fr\/wp-json\/wp\/v2\/pages"}],"about":[{"href":"https:\/\/dev.visitrimini.com\/fr\/wp-json\/wp\/v2\/types\/page"}],"author":[{"embeddable":true,"href":"https:\/\/dev.visitrimini.com\/fr\/wp-json\/wp\/v2\/users\/2"}],"replies":[{"embeddable":true,"href":"https:\/\/dev.visitrimini.com\/fr\/wp-json\/wp\/v2\/comments?post=10310"}],"version-history":[{"count":3,"href":"https:\/\/dev.visitrimini.com\/fr\/wp-json\/wp\/v2\/pages\/10310\/revisions"}],"predecessor-version":[{"id":11635,"href":"https:\/\/dev.visitrimini.com\/fr\/wp-json\/wp\/v2\/pages\/10310\/revisions\/11635"}],"up":[{"embeddable":true,"href":"https:\/\/dev.visitrimini.com\/fr\/wp-json\/wp\/v2\/pages\/10290"}],"wp:featuredmedia":[{"embeddable":true,"href":"https:\/\/dev.visitrimini.com\/fr\/wp-json\/wp\/v2\/media\/10329"}],"wp:attachment":[{"href":"https:\/\/dev.visitrimini.com\/fr\/wp-json\/wp\/v2\/media?parent=10310"}],"curies":[{"name":"wp","href":"https:\/\/api.w.org\/{rel}","templated":true}]}}