{"id":19334,"date":"2023-03-17T17:12:55","date_gmt":"2023-03-17T16:12:55","guid":{"rendered":"https:\/\/dev.visitrimini.com\/urlaub-in-rimini\/"},"modified":"2023-03-30T17:55:02","modified_gmt":"2023-03-30T15:55:02","slug":"vacances-a-rimini","status":"publish","type":"page","link":"https:\/\/dev.visitrimini.com\/fr\/vacances-a-rimini\/","title":{"rendered":"<strong>Vacances \u00e0 Rimini<\/strong>"},"content":{"rendered":"<p>Vacances \u00e0 Rimini sur la c\u00f4te Adriatique<\/p>\n<p>C&rsquo;est d\u00e9j\u00e0 l&rsquo;heure de la mer \u00e0 Rimini ! Les jours s&rsquo;allongent, les rayons du soleil se r\u00e9chauffent et le parfum de la mer flotte sur la plage dor\u00e9e au sable fin et doux. Des bancs de poissons bleus s&rsquo;\u00e9battent dans les eaux claires de l&rsquo;Adriatique, tandis que les mouettes planent au-dessus de l&rsquo;eau de leur vol \u00e9l\u00e9gant. La couleur bleue, associ\u00e9e aux espaces ouverts, aux vastes horizons et \u00e0 la pr\u00e9sence de l&rsquo;eau, donne un sentiment de calme et de s\u00e9r\u00e9nit\u00e9. Les plages sont envahies de chaises longues et de parasols, et les restaurants sentent bon les plats traditionnels : p\u00e2tes faites maison, poisson frais, charcuterie et fromages locaux, viande locale, vins et huiles dans un rayon de 0 km. La nouvelle promenade de Rimini, le Parco del mare, offre une occasion unique de se promener dans la v\u00e9g\u00e9tation adriatique loin des voitures, de courir, de faire du v\u00e9lo, de s&rsquo;entra\u00eener dans les salles de sport en plein air ou de jouer avec les enfants. Des terrains de padel, de basket-ball et de beach-volley sont toujours disponibles pour relever des d\u00e9fis entre amis.<\/p>\n<p>&nbsp;<\/p>\n<p>Vacances \u00e0 Rimini sur la c\u00f4te Adriatique. Rimini a une histoire mill\u00e9naire qui remonte \u00e0 l&rsquo;\u00e9poque des anciens Romains. Le Cardo et le Decumanus sont encore aujourd&rsquo;hui les rues centrales de la ville, o\u00f9 se trouvent les principaux monuments : le pont de Tib\u00e8re et l&rsquo;Arc d&rsquo;Auguste. Le temple de Malatesta est donc une \u0153uvre qui t\u00e9moigne de la naissance de la Renaissance italienne. Les r\u00e9centes ouvertures de deux mus\u00e9es contemporains compl\u00e8tent l&rsquo;offre culturelle de la ville : PART, le mus\u00e9e d&rsquo;art contemporain, accueille des \u0153uvres d&rsquo;artistes tels que Damien Hirst, Vanessa Beecroft, Kiki Smith, Ettore Spalletti, Bertozzi&amp;Casoni, Pier Paolo Calzolari, Sandro Chia, Enzo Cucchi, Arnaldo Pomodoro, Michelangelo Pistoletto et Mario Schifano. Et puis il y a le mus\u00e9e Fellini, le seul mus\u00e9e au monde enti\u00e8rement consacr\u00e9 \u00e0 Federico Fellini, le c\u00e9l\u00e8bre r\u00e9alisateur n\u00e9 \u00e0 Rimini. Le Mus\u00e9e Fellini s&rsquo;\u00e9tend sur trois points centraux du centre historique de Rimini : le Castel Sismondo, une forteresse Malatesta du XVe si\u00e8cle, o\u00f9 sont recr\u00e9\u00e9es les atmosph\u00e8res des films de Fellini ; le Palazzo del Fulgor, o\u00f9 l&rsquo;on peut faire un voyage dans l&rsquo;imagination de Fellini gr\u00e2ce \u00e0 une s\u00e9rie d&rsquo;instruments visuels et technologiques ; et enfin la Piazza Malatesta, transform\u00e9e en Piazza dei Sogni, o\u00f9 se d\u00e9roulent en \u00e9t\u00e9 de nombreux \u00e9v\u00e9nements de grande valeur artistique.<\/p>\n<p>Vacances \u00e0 Rimini sur la c\u00f4te Adriatique, il y a de quoi s&rsquo;amuser : les parcs de la Riviera Romagnola attirent chaque ann\u00e9e des millions de visiteurs : Mirabilandia \u00e0 Ravenne, le plus grand parc \u00e0 th\u00e8me d&rsquo;Italie, Italia in Miniatura et Fiabilandia \u00e0 Rimini et Oltremare Park \u00e0 Riccione. Ensuite, il y a les grands parcs aquatiques comme MiraBeach, l&rsquo;Aquapark de Mirabilandia, le mondialement c\u00e9l\u00e8bre Aquafan \u00e0 Riccione et Aquajoss \u00e0 Conselice pr\u00e8s de Ravenne.<\/p>\n<p>Parmi les parcs d&rsquo;attractions de Romagne, il y a aussi des \u00e9tablissements moins connus, mais qui valent la peine d&rsquo;\u00eatre visit\u00e9s pour leur grande valeur p\u00e9dagogique, comme la Casa delle Farfalle (Maison des papillons) \u00e0 Milano Marittima, l&rsquo;Eden Park \u00e0 Torre Pedrera, l&rsquo;aquarium Le Navi \u00e0 Cattolica et le Parco dell&rsquo;Aviazione (Parc de l&rsquo;aviation) \u00e0 Rimini. Des installations de toutes sortes qui font de la Riviera dei Parchi un lieu o\u00f9 toute la famille, du petit enfant \u00e0 l&rsquo;adolescent, peut trouver la forme de divertissement la plus adapt\u00e9e \u00e0 son \u00e2ge.<\/p>\n","protected":false},"excerpt":{"rendered":"<p>Vacances \u00e0 Rimini sur la c\u00f4te Adriatique C&rsquo;est d\u00e9j\u00e0 l&rsquo;heure de la mer \u00e0 Rimini ! Les jours s&rsquo;allongent, les<\/p>\n","protected":false},"author":6,"featured_media":0,"parent":0,"menu_order":0,"comment_status":"closed","ping_status":"closed","template":"page-templates\/new-landing-booking.php","meta":{"footnotes":""},"acf":[],"yoast_head":"<!-- This site is optimized with the Yoast SEO plugin v20.13 - https:\/\/yoast.com\/wordpress\/plugins\/seo\/ -->\n<title>Vacances \u00e0 Rimini sur la c\u00f4te Adriatique - Visit Rimini<\/title>\n<meta name=\"description\" content=\"Des vacances \u00e0 Rimini sur la c\u00f4te Adriatique, c&#039;est la mer, la bonne cuisine, la culture, la nature, le sport et beaucoup de plaisir ! Choisissez vos vacances \u00e0 la mer en Italie \u00e0 Rimini !\" \/>\n<meta name=\"robots\" content=\"index, follow, max-snippet:-1, max-image-preview:large, max-video-preview:-1\" \/>\n<meta property=\"og:locale\" content=\"fr_FR\" \/>\n<meta property=\"og:type\" content=\"article\" \/>\n<meta property=\"og:title\" content=\"Vacances \u00e0 Rimini sur la c\u00f4te Adriatique - Visit Rimini\" \/>\n<meta property=\"og:description\" content=\"Des vacances \u00e0 Rimini sur la c\u00f4te Adriatique, c&#039;est la mer, la bonne cuisine, la culture, la nature, le sport et beaucoup de plaisir ! Choisissez vos vacances \u00e0 la mer en Italie \u00e0 Rimini !\" \/>\n<meta property=\"og:url\" content=\"https:\/\/dev.visitrimini.com\/fr\/vacances-a-rimini\/\" \/>\n<meta property=\"og:site_name\" content=\"Visit Rimini\" \/>\n<meta property=\"article:modified_time\" content=\"2023-03-30T15:55:02+00:00\" \/>\n<meta name=\"twitter:card\" content=\"summary_large_image\" \/>\n<meta name=\"twitter:label1\" content=\"Dur\u00e9e de lecture estim\u00e9e\" \/>\n\t<meta name=\"twitter:data1\" content=\"3 minutes\" \/>\n<script type=\"application\/ld+json\" class=\"yoast-schema-graph\">{\"@context\":\"https:\/\/schema.org\",\"@graph\":[{\"@type\":\"WebPage\",\"@id\":\"https:\/\/dev.visitrimini.com\/fr\/vacances-a-rimini\/\",\"url\":\"https:\/\/dev.visitrimini.com\/fr\/vacances-a-rimini\/\",\"name\":\"Vacances \u00e0 Rimini sur la c\u00f4te Adriatique - Visit Rimini\",\"isPartOf\":{\"@id\":\"https:\/\/dev.visitrimini.com\/#website\"},\"datePublished\":\"2023-03-17T16:12:55+00:00\",\"dateModified\":\"2023-03-30T15:55:02+00:00\",\"description\":\"Des vacances \u00e0 Rimini sur la c\u00f4te Adriatique, c'est la mer, la bonne cuisine, la culture, la nature, le sport et beaucoup de plaisir ! Choisissez vos vacances \u00e0 la mer en Italie \u00e0 Rimini !\",\"breadcrumb\":{\"@id\":\"https:\/\/dev.visitrimini.com\/fr\/vacances-a-rimini\/#breadcrumb\"},\"inLanguage\":\"fr-FR\",\"potentialAction\":[{\"@type\":\"ReadAction\",\"target\":[\"https:\/\/dev.visitrimini.com\/fr\/vacances-a-rimini\/\"]}]},{\"@type\":\"BreadcrumbList\",\"@id\":\"https:\/\/dev.visitrimini.com\/fr\/vacances-a-rimini\/#breadcrumb\",\"itemListElement\":[{\"@type\":\"ListItem\",\"position\":1,\"name\":\"Home\",\"item\":\"https:\/\/dev.visitrimini.com\/fr\/\"},{\"@type\":\"ListItem\",\"position\":2,\"name\":\"Vacances \u00e0 Rimini\"}]},{\"@type\":\"WebSite\",\"@id\":\"https:\/\/dev.visitrimini.com\/#website\",\"url\":\"https:\/\/dev.visitrimini.com\/\",\"name\":\"Visit Rimini\",\"description\":\"Un nuovo sito targato WordPress\",\"potentialAction\":[{\"@type\":\"SearchAction\",\"target\":{\"@type\":\"EntryPoint\",\"urlTemplate\":\"https:\/\/dev.visitrimini.com\/?s={search_term_string}\"},\"query-input\":\"required name=search_term_string\"}],\"inLanguage\":\"fr-FR\"}]}<\/script>\n<!-- \/ Yoast SEO plugin. -->","yoast_head_json":{"title":"Vacances \u00e0 Rimini sur la c\u00f4te Adriatique - Visit Rimini","description":"Des vacances \u00e0 Rimini sur la c\u00f4te Adriatique, c'est la mer, la bonne cuisine, la culture, la nature, le sport et beaucoup de plaisir ! Choisissez vos vacances \u00e0 la mer en Italie \u00e0 Rimini !","robots":{"index":"index","follow":"follow","max-snippet":"max-snippet:-1","max-image-preview":"max-image-preview:large","max-video-preview":"max-video-preview:-1"},"og_locale":"fr_FR","og_type":"article","og_title":"Vacances \u00e0 Rimini sur la c\u00f4te Adriatique - Visit Rimini","og_description":"Des vacances \u00e0 Rimini sur la c\u00f4te Adriatique, c'est la mer, la bonne cuisine, la culture, la nature, le sport et beaucoup de plaisir ! Choisissez vos vacances \u00e0 la mer en Italie \u00e0 Rimini !","og_url":"https:\/\/dev.visitrimini.com\/fr\/vacances-a-rimini\/","og_site_name":"Visit Rimini","article_modified_time":"2023-03-30T15:55:02+00:00","twitter_card":"summary_large_image","twitter_misc":{"Dur\u00e9e de lecture estim\u00e9e":"3 minutes"},"schema":{"@context":"https:\/\/schema.org","@graph":[{"@type":"WebPage","@id":"https:\/\/dev.visitrimini.com\/fr\/vacances-a-rimini\/","url":"https:\/\/dev.visitrimini.com\/fr\/vacances-a-rimini\/","name":"Vacances \u00e0 Rimini sur la c\u00f4te Adriatique - Visit Rimini","isPartOf":{"@id":"https:\/\/dev.visitrimini.com\/#website"},"datePublished":"2023-03-17T16:12:55+00:00","dateModified":"2023-03-30T15:55:02+00:00","description":"Des vacances \u00e0 Rimini sur la c\u00f4te Adriatique, c'est la mer, la bonne cuisine, la culture, la nature, le sport et beaucoup de plaisir ! Choisissez vos vacances \u00e0 la mer en Italie \u00e0 Rimini !","breadcrumb":{"@id":"https:\/\/dev.visitrimini.com\/fr\/vacances-a-rimini\/#breadcrumb"},"inLanguage":"fr-FR","potentialAction":[{"@type":"ReadAction","target":["https:\/\/dev.visitrimini.com\/fr\/vacances-a-rimini\/"]}]},{"@type":"BreadcrumbList","@id":"https:\/\/dev.visitrimini.com\/fr\/vacances-a-rimini\/#breadcrumb","itemListElement":[{"@type":"ListItem","position":1,"name":"Home","item":"https:\/\/dev.visitrimini.com\/fr\/"},{"@type":"ListItem","position":2,"name":"Vacances \u00e0 Rimini"}]},{"@type":"WebSite","@id":"https:\/\/dev.visitrimini.com\/#website","url":"https:\/\/dev.visitrimini.com\/","name":"Visit Rimini","description":"Un nuovo sito targato WordPress","potentialAction":[{"@type":"SearchAction","target":{"@type":"EntryPoint","urlTemplate":"https:\/\/dev.visitrimini.com\/?s={search_term_string}"},"query-input":"required name=search_term_string"}],"inLanguage":"fr-FR"}]}},"_links":{"self":[{"href":"https:\/\/dev.visitrimini.com\/fr\/wp-json\/wp\/v2\/pages\/19334"}],"collection":[{"href":"https:\/\/dev.visitrimini.com\/fr\/wp-json\/wp\/v2\/pages"}],"about":[{"href":"https:\/\/dev.visitrimini.com\/fr\/wp-json\/wp\/v2\/types\/page"}],"author":[{"embeddable":true,"href":"https:\/\/dev.visitrimini.com\/fr\/wp-json\/wp\/v2\/users\/6"}],"replies":[{"embeddable":true,"href":"https:\/\/dev.visitrimini.com\/fr\/wp-json\/wp\/v2\/comments?post=19334"}],"version-history":[{"count":4,"href":"https:\/\/dev.visitrimini.com\/fr\/wp-json\/wp\/v2\/pages\/19334\/revisions"}],"predecessor-version":[{"id":19344,"href":"https:\/\/dev.visitrimini.com\/fr\/wp-json\/wp\/v2\/pages\/19334\/revisions\/19344"}],"wp:attachment":[{"href":"https:\/\/dev.visitrimini.com\/fr\/wp-json\/wp\/v2\/media?parent=19334"}],"curies":[{"name":"wp","href":"https:\/\/api.w.org\/{rel}","templated":true}]}}