{"id":2058,"date":"2021-04-28T09:08:13","date_gmt":"2021-04-28T07:08:13","guid":{"rendered":"https:\/\/dev.visitrimini.com\/?page_id=2058"},"modified":"2021-11-12T14:23:48","modified_gmt":"2021-11-12T13:23:48","slug":"rimini-trois-jours","status":"publish","type":"page","link":"https:\/\/dev.visitrimini.com\/fr\/rimini-trois-jours\/","title":{"rendered":"Rimini, trois jours"},"content":{"rendered":"","protected":false},"excerpt":{"rendered":"","protected":false},"author":2,"featured_media":8974,"parent":0,"menu_order":0,"comment_status":"closed","ping_status":"closed","template":"page-templates\/singola-categoria.php","meta":{"footnotes":""},"acf":[],"yoast_head":"<!-- This site is optimized with the Yoast SEO plugin v20.13 - https:\/\/yoast.com\/wordpress\/plugins\/seo\/ -->\n<title>Trois jours \u00e0 Rimini en tant que Rinimes, d\u00e9couvrez la ville de la Dolce Vita<\/title>\n<meta name=\"description\" content=\"Trois jours de vacances \u00e0 Rimini comme un vrai Rimini entre mer, histoire et typicit\u00e9. Prenez votre v\u00e9lo et visitez le centre et les villages\" \/>\n<meta name=\"robots\" content=\"index, follow, max-snippet:-1, max-image-preview:large, max-video-preview:-1\" \/>\n<meta property=\"og:locale\" content=\"fr_FR\" \/>\n<meta property=\"og:type\" content=\"article\" \/>\n<meta property=\"og:title\" content=\"Trois jours \u00e0 Rimini en tant que Rinimes, d\u00e9couvrez la ville de la Dolce Vita\" \/>\n<meta property=\"og:description\" content=\"Trois jours de vacances \u00e0 Rimini comme un vrai Rimini entre mer, histoire et typicit\u00e9. Prenez votre v\u00e9lo et visitez le centre et les villages\" \/>\n<meta property=\"og:url\" content=\"https:\/\/dev.visitrimini.com\/fr\/rimini-trois-jours\/\" \/>\n<meta property=\"og:site_name\" content=\"Visit Rimini\" \/>\n<meta property=\"article:modified_time\" content=\"2021-11-12T13:23:48+00:00\" \/>\n<meta property=\"og:image\" content=\"https:\/\/dev.visitrimini.com\/wp-content\/uploads\/2021\/10\/Rimini-il-mare-tutto-lanno-scaled.jpg\" \/>\n\t<meta property=\"og:image:width\" content=\"2560\" \/>\n\t<meta property=\"og:image:height\" content=\"1920\" \/>\n\t<meta property=\"og:image:type\" content=\"image\/jpeg\" \/>\n<meta name=\"twitter:card\" content=\"summary_large_image\" \/>\n<script type=\"application\/ld+json\" class=\"yoast-schema-graph\">{\"@context\":\"https:\/\/schema.org\",\"@graph\":[{\"@type\":\"WebPage\",\"@id\":\"https:\/\/dev.visitrimini.com\/fr\/rimini-trois-jours\/\",\"url\":\"https:\/\/dev.visitrimini.com\/fr\/rimini-trois-jours\/\",\"name\":\"Trois jours \u00e0 Rimini en tant que Rinimes, d\u00e9couvrez la ville de la Dolce Vita\",\"isPartOf\":{\"@id\":\"https:\/\/dev.visitrimini.com\/#website\"},\"datePublished\":\"2021-04-28T07:08:13+00:00\",\"dateModified\":\"2021-11-12T13:23:48+00:00\",\"description\":\"Trois jours de vacances \u00e0 Rimini comme un vrai Rimini entre mer, histoire et typicit\u00e9. Prenez votre v\u00e9lo et visitez le centre et les villages\",\"breadcrumb\":{\"@id\":\"https:\/\/dev.visitrimini.com\/fr\/rimini-trois-jours\/#breadcrumb\"},\"inLanguage\":\"fr-FR\",\"potentialAction\":[{\"@type\":\"ReadAction\",\"target\":[\"https:\/\/dev.visitrimini.com\/fr\/rimini-trois-jours\/\"]}]},{\"@type\":\"BreadcrumbList\",\"@id\":\"https:\/\/dev.visitrimini.com\/fr\/rimini-trois-jours\/#breadcrumb\",\"itemListElement\":[{\"@type\":\"ListItem\",\"position\":1,\"name\":\"Home\",\"item\":\"https:\/\/dev.visitrimini.com\/fr\/\"},{\"@type\":\"ListItem\",\"position\":2,\"name\":\"Rimini, trois jours\"}]},{\"@type\":\"WebSite\",\"@id\":\"https:\/\/dev.visitrimini.com\/#website\",\"url\":\"https:\/\/dev.visitrimini.com\/\",\"name\":\"Visit Rimini\",\"description\":\"Un nuovo sito targato WordPress\",\"potentialAction\":[{\"@type\":\"SearchAction\",\"target\":{\"@type\":\"EntryPoint\",\"urlTemplate\":\"https:\/\/dev.visitrimini.com\/?s={search_term_string}\"},\"query-input\":\"required name=search_term_string\"}],\"inLanguage\":\"fr-FR\"}]}<\/script>\n<!-- \/ Yoast SEO plugin. -->","yoast_head_json":{"title":"Trois jours \u00e0 Rimini en tant que Rinimes, d\u00e9couvrez la ville de la Dolce Vita","description":"Trois jours de vacances \u00e0 Rimini comme un vrai Rimini entre mer, histoire et typicit\u00e9. Prenez votre v\u00e9lo et visitez le centre et les villages","robots":{"index":"index","follow":"follow","max-snippet":"max-snippet:-1","max-image-preview":"max-image-preview:large","max-video-preview":"max-video-preview:-1"},"og_locale":"fr_FR","og_type":"article","og_title":"Trois jours \u00e0 Rimini en tant que Rinimes, d\u00e9couvrez la ville de la Dolce Vita","og_description":"Trois jours de vacances \u00e0 Rimini comme un vrai Rimini entre mer, histoire et typicit\u00e9. Prenez votre v\u00e9lo et visitez le centre et les villages","og_url":"https:\/\/dev.visitrimini.com\/fr\/rimini-trois-jours\/","og_site_name":"Visit Rimini","article_modified_time":"2021-11-12T13:23:48+00:00","og_image":[{"width":2560,"height":1920,"url":"https:\/\/dev.visitrimini.com\/wp-content\/uploads\/2021\/10\/Rimini-il-mare-tutto-lanno-scaled.jpg","type":"image\/jpeg"}],"twitter_card":"summary_large_image","schema":{"@context":"https:\/\/schema.org","@graph":[{"@type":"WebPage","@id":"https:\/\/dev.visitrimini.com\/fr\/rimini-trois-jours\/","url":"https:\/\/dev.visitrimini.com\/fr\/rimini-trois-jours\/","name":"Trois jours \u00e0 Rimini en tant que Rinimes, d\u00e9couvrez la ville de la Dolce Vita","isPartOf":{"@id":"https:\/\/dev.visitrimini.com\/#website"},"datePublished":"2021-04-28T07:08:13+00:00","dateModified":"2021-11-12T13:23:48+00:00","description":"Trois jours de vacances \u00e0 Rimini comme un vrai Rimini entre mer, histoire et typicit\u00e9. Prenez votre v\u00e9lo et visitez le centre et les villages","breadcrumb":{"@id":"https:\/\/dev.visitrimini.com\/fr\/rimini-trois-jours\/#breadcrumb"},"inLanguage":"fr-FR","potentialAction":[{"@type":"ReadAction","target":["https:\/\/dev.visitrimini.com\/fr\/rimini-trois-jours\/"]}]},{"@type":"BreadcrumbList","@id":"https:\/\/dev.visitrimini.com\/fr\/rimini-trois-jours\/#breadcrumb","itemListElement":[{"@type":"ListItem","position":1,"name":"Home","item":"https:\/\/dev.visitrimini.com\/fr\/"},{"@type":"ListItem","position":2,"name":"Rimini, trois jours"}]},{"@type":"WebSite","@id":"https:\/\/dev.visitrimini.com\/#website","url":"https:\/\/dev.visitrimini.com\/","name":"Visit Rimini","description":"Un nuovo sito targato WordPress","potentialAction":[{"@type":"SearchAction","target":{"@type":"EntryPoint","urlTemplate":"https:\/\/dev.visitrimini.com\/?s={search_term_string}"},"query-input":"required name=search_term_string"}],"inLanguage":"fr-FR"}]}},"_links":{"self":[{"href":"https:\/\/dev.visitrimini.com\/fr\/wp-json\/wp\/v2\/pages\/2058"}],"collection":[{"href":"https:\/\/dev.visitrimini.com\/fr\/wp-json\/wp\/v2\/pages"}],"about":[{"href":"https:\/\/dev.visitrimini.com\/fr\/wp-json\/wp\/v2\/types\/page"}],"author":[{"embeddable":true,"href":"https:\/\/dev.visitrimini.com\/fr\/wp-json\/wp\/v2\/users\/2"}],"replies":[{"embeddable":true,"href":"https:\/\/dev.visitrimini.com\/fr\/wp-json\/wp\/v2\/comments?post=2058"}],"version-history":[{"count":8,"href":"https:\/\/dev.visitrimini.com\/fr\/wp-json\/wp\/v2\/pages\/2058\/revisions"}],"predecessor-version":[{"id":9432,"href":"https:\/\/dev.visitrimini.com\/fr\/wp-json\/wp\/v2\/pages\/2058\/revisions\/9432"}],"wp:featuredmedia":[{"embeddable":true,"href":"https:\/\/dev.visitrimini.com\/fr\/wp-json\/wp\/v2\/media\/8974"}],"wp:attachment":[{"href":"https:\/\/dev.visitrimini.com\/fr\/wp-json\/wp\/v2\/media?parent=2058"}],"curies":[{"name":"wp","href":"https:\/\/api.w.org\/{rel}","templated":true}]}}