{"id":2339,"date":"2021-04-30T18:13:02","date_gmt":"2021-04-30T16:13:02","guid":{"rendered":"https:\/\/dev.visitrimini.com\/?page_id=2339"},"modified":"2021-11-24T08:34:09","modified_gmt":"2021-11-24T07:34:09","slug":"rimini-au-printemps","status":"publish","type":"page","link":"https:\/\/dev.visitrimini.com\/fr\/rimini-au-printemps\/","title":{"rendered":"<strong>Rimini<\/strong>, au Printemps"},"content":{"rendered":"","protected":false},"excerpt":{"rendered":"","protected":false},"author":2,"featured_media":0,"parent":0,"menu_order":3,"comment_status":"closed","ping_status":"closed","template":"page-templates\/stagioni.php","meta":{"footnotes":""},"acf":[],"yoast_head":"<!-- This site is optimized with the Yoast SEO plugin v20.13 - https:\/\/yoast.com\/wordpress\/plugins\/seo\/ -->\n<title>Vacances \u00e0 Rimini au printemps, la saison pour aller \u00e0 la plage<\/title>\n<meta name=\"description\" content=\"Vacances \u00e0 Rimini au printemps : le soleil se r\u00e9chauffe et vous retournez \u00e0 la plage, vous d\u00e9couvrez les parcs urbains, vous allez \u00e0 v\u00e9lo\" \/>\n<meta name=\"robots\" content=\"index, follow, max-snippet:-1, max-image-preview:large, max-video-preview:-1\" \/>\n<meta property=\"og:locale\" content=\"fr_FR\" \/>\n<meta property=\"og:type\" content=\"article\" \/>\n<meta property=\"og:title\" content=\"Vacances \u00e0 Rimini au printemps, la saison pour aller \u00e0 la plage\" \/>\n<meta property=\"og:description\" content=\"Vacances \u00e0 Rimini au printemps : le soleil se r\u00e9chauffe et vous retournez \u00e0 la plage, vous d\u00e9couvrez les parcs urbains, vous allez \u00e0 v\u00e9lo\" \/>\n<meta property=\"og:url\" content=\"https:\/\/dev.visitrimini.com\/fr\/rimini-au-printemps\/\" \/>\n<meta property=\"og:site_name\" content=\"Visit Rimini\" \/>\n<meta property=\"article:modified_time\" content=\"2021-11-24T07:34:09+00:00\" \/>\n<meta name=\"twitter:card\" content=\"summary_large_image\" \/>\n<script type=\"application\/ld+json\" class=\"yoast-schema-graph\">{\"@context\":\"https:\/\/schema.org\",\"@graph\":[{\"@type\":\"WebPage\",\"@id\":\"https:\/\/dev.visitrimini.com\/fr\/rimini-au-printemps\/\",\"url\":\"https:\/\/dev.visitrimini.com\/fr\/rimini-au-printemps\/\",\"name\":\"Vacances \u00e0 Rimini au printemps, la saison pour aller \u00e0 la plage\",\"isPartOf\":{\"@id\":\"https:\/\/dev.visitrimini.com\/#website\"},\"datePublished\":\"2021-04-30T16:13:02+00:00\",\"dateModified\":\"2021-11-24T07:34:09+00:00\",\"description\":\"Vacances \u00e0 Rimini au printemps : le soleil se r\u00e9chauffe et vous retournez \u00e0 la plage, vous d\u00e9couvrez les parcs urbains, vous allez \u00e0 v\u00e9lo\",\"breadcrumb\":{\"@id\":\"https:\/\/dev.visitrimini.com\/fr\/rimini-au-printemps\/#breadcrumb\"},\"inLanguage\":\"fr-FR\",\"potentialAction\":[{\"@type\":\"ReadAction\",\"target\":[\"https:\/\/dev.visitrimini.com\/fr\/rimini-au-printemps\/\"]}]},{\"@type\":\"BreadcrumbList\",\"@id\":\"https:\/\/dev.visitrimini.com\/fr\/rimini-au-printemps\/#breadcrumb\",\"itemListElement\":[{\"@type\":\"ListItem\",\"position\":1,\"name\":\"Home\",\"item\":\"https:\/\/dev.visitrimini.com\/fr\/\"},{\"@type\":\"ListItem\",\"position\":2,\"name\":\"Rimini, au Printemps\"}]},{\"@type\":\"WebSite\",\"@id\":\"https:\/\/dev.visitrimini.com\/#website\",\"url\":\"https:\/\/dev.visitrimini.com\/\",\"name\":\"Visit Rimini\",\"description\":\"Un nuovo sito targato WordPress\",\"potentialAction\":[{\"@type\":\"SearchAction\",\"target\":{\"@type\":\"EntryPoint\",\"urlTemplate\":\"https:\/\/dev.visitrimini.com\/?s={search_term_string}\"},\"query-input\":\"required name=search_term_string\"}],\"inLanguage\":\"fr-FR\"}]}<\/script>\n<!-- \/ Yoast SEO plugin. -->","yoast_head_json":{"title":"Vacances \u00e0 Rimini au printemps, la saison pour aller \u00e0 la plage","description":"Vacances \u00e0 Rimini au printemps : le soleil se r\u00e9chauffe et vous retournez \u00e0 la plage, vous d\u00e9couvrez les parcs urbains, vous allez \u00e0 v\u00e9lo","robots":{"index":"index","follow":"follow","max-snippet":"max-snippet:-1","max-image-preview":"max-image-preview:large","max-video-preview":"max-video-preview:-1"},"og_locale":"fr_FR","og_type":"article","og_title":"Vacances \u00e0 Rimini au printemps, la saison pour aller \u00e0 la plage","og_description":"Vacances \u00e0 Rimini au printemps : le soleil se r\u00e9chauffe et vous retournez \u00e0 la plage, vous d\u00e9couvrez les parcs urbains, vous allez \u00e0 v\u00e9lo","og_url":"https:\/\/dev.visitrimini.com\/fr\/rimini-au-printemps\/","og_site_name":"Visit Rimini","article_modified_time":"2021-11-24T07:34:09+00:00","twitter_card":"summary_large_image","schema":{"@context":"https:\/\/schema.org","@graph":[{"@type":"WebPage","@id":"https:\/\/dev.visitrimini.com\/fr\/rimini-au-printemps\/","url":"https:\/\/dev.visitrimini.com\/fr\/rimini-au-printemps\/","name":"Vacances \u00e0 Rimini au printemps, la saison pour aller \u00e0 la plage","isPartOf":{"@id":"https:\/\/dev.visitrimini.com\/#website"},"datePublished":"2021-04-30T16:13:02+00:00","dateModified":"2021-11-24T07:34:09+00:00","description":"Vacances \u00e0 Rimini au printemps : le soleil se r\u00e9chauffe et vous retournez \u00e0 la plage, vous d\u00e9couvrez les parcs urbains, vous allez \u00e0 v\u00e9lo","breadcrumb":{"@id":"https:\/\/dev.visitrimini.com\/fr\/rimini-au-printemps\/#breadcrumb"},"inLanguage":"fr-FR","potentialAction":[{"@type":"ReadAction","target":["https:\/\/dev.visitrimini.com\/fr\/rimini-au-printemps\/"]}]},{"@type":"BreadcrumbList","@id":"https:\/\/dev.visitrimini.com\/fr\/rimini-au-printemps\/#breadcrumb","itemListElement":[{"@type":"ListItem","position":1,"name":"Home","item":"https:\/\/dev.visitrimini.com\/fr\/"},{"@type":"ListItem","position":2,"name":"Rimini, au Printemps"}]},{"@type":"WebSite","@id":"https:\/\/dev.visitrimini.com\/#website","url":"https:\/\/dev.visitrimini.com\/","name":"Visit Rimini","description":"Un nuovo sito targato WordPress","potentialAction":[{"@type":"SearchAction","target":{"@type":"EntryPoint","urlTemplate":"https:\/\/dev.visitrimini.com\/?s={search_term_string}"},"query-input":"required name=search_term_string"}],"inLanguage":"fr-FR"}]}},"_links":{"self":[{"href":"https:\/\/dev.visitrimini.com\/fr\/wp-json\/wp\/v2\/pages\/2339"}],"collection":[{"href":"https:\/\/dev.visitrimini.com\/fr\/wp-json\/wp\/v2\/pages"}],"about":[{"href":"https:\/\/dev.visitrimini.com\/fr\/wp-json\/wp\/v2\/types\/page"}],"author":[{"embeddable":true,"href":"https:\/\/dev.visitrimini.com\/fr\/wp-json\/wp\/v2\/users\/2"}],"replies":[{"embeddable":true,"href":"https:\/\/dev.visitrimini.com\/fr\/wp-json\/wp\/v2\/comments?post=2339"}],"version-history":[{"count":5,"href":"https:\/\/dev.visitrimini.com\/fr\/wp-json\/wp\/v2\/pages\/2339\/revisions"}],"predecessor-version":[{"id":3182,"href":"https:\/\/dev.visitrimini.com\/fr\/wp-json\/wp\/v2\/pages\/2339\/revisions\/3182"}],"wp:attachment":[{"href":"https:\/\/dev.visitrimini.com\/fr\/wp-json\/wp\/v2\/media?parent=2339"}],"curies":[{"name":"wp","href":"https:\/\/api.w.org\/{rel}","templated":true}]}}