{"id":5595,"date":"2021-06-30T11:03:12","date_gmt":"2021-06-30T09:03:12","guid":{"rendered":"https:\/\/dev.visitrimini.com\/rimini-bike-district\/"},"modified":"2021-07-05T09:35:50","modified_gmt":"2021-07-05T07:35:50","slug":"rimini-bike-district","status":"publish","type":"page","link":"https:\/\/dev.visitrimini.com\/fr\/rimini-bike-district\/","title":{"rendered":"Rimini, Bike District"},"content":{"rendered":"<h3><strong><em>Rimini donne un soin et une attention particuli\u00e8re \u00e0 tous ses voyageurs \u00e0 v\u00e9lo !<\/em><\/strong><\/h3>\n<p>Installez-vous confortablement sur votre v\u00e9lo et s\u00e9journez dans les <strong>Bike h\u00f4tels de Rimini<\/strong>, les experts du secteur de vacances sportives \u00e0 v\u00e9lo, qui offrent tous les services n\u00e9cessaires aux cyclistes du monde entier.<\/p>\n<p>D\u00e9couvrez en toute tranquillit\u00e9 les 130 km de pistes cyclables de Rimini, puis partez \u00e0 la d\u00e9couverte de notre territoire qui saura vous charmer parmi plaines, collines et nos Apennins.<\/p>\n<p><img decoding=\"async\" loading=\"lazy\" class=\"alignleft wp-image-1780 size-medium\" src=\"https:\/\/dev.visitrimini.com\/wp-content\/uploads\/2021\/04\/z-bikepark2-300x300.jpg\" alt=\"\" width=\"300\" height=\"300\" srcset=\"https:\/\/dev.visitrimini.com\/wp-content\/uploads\/2021\/04\/z-bikepark2-300x300.jpg 300w, https:\/\/dev.visitrimini.com\/wp-content\/uploads\/2021\/04\/z-bikepark2-150x150.jpg 150w, https:\/\/dev.visitrimini.com\/wp-content\/uploads\/2021\/04\/z-bikepark2.jpg 600w\" sizes=\"(max-width: 300px) 100vw, 300px\" \/><\/p>\n<p>&nbsp;<\/p>\n<p>Mais, si vous ne voulez pas apporter votre v\u00e9lo avec vous, vous trouverez le <strong>Rimini Bike Park<\/strong>, en plein centre-ville,\u00a0 avec tous les services de location, un stockage et un atelier de v\u00e9lo sp\u00e9cialis\u00e9. Dans une position strat\u00e9gique, \u00e0 proximit\u00e9 de la gare, le Bike Park est ouvert 7 jours sur 7 en continu.<\/p>\n<p>De plus, comme si cela ne suffisait pas, le personnel de VisitRimini a s\u00e9lectionn\u00e9 pour vous les meilleurs op\u00e9rateurs de la r\u00e9gion et vous pouvez ainsi louer tous les mod\u00e8les que vous pr\u00e9f\u00e9rez parmi les <strong>v\u00e9los de course,<\/strong> les<strong> VTT, <\/strong>les <strong>v\u00e9los \u00e9lectriques <\/strong>et les <strong>v\u00e9los normaux.<\/strong><\/p>\n<p>&nbsp;<\/p>\n<p>N&rsquo;oubliez pas qu&rsquo;il y a aussi tout le mat\u00e9riel dont vous avez besoin et de nombreuses cartes papier gpx d\u00e9taill\u00e9es, \u00a0\u00e0 t\u00e9l\u00e9charger <strong>ici.<\/strong><\/p>\n<p><strong>Ou, si vous pr\u00e9f\u00e9rez, r\u00e9servez une visite avec nos guides sp\u00e9cialis\u00e9s pour les itin\u00e9raires amateurs et professionnels.<\/strong><\/p>\n<p>Nous vous proposons de commencer \u00e0 p\u00e9daler le long des pistes cyclables qui traversent la ville, les parcs et tout le front de mer, mais ne vous arr\u00eatez pas, continuez vers les montagnes de l&rsquo;arri\u00e8re-pays, traversant rivi\u00e8res et collines, villages et villes m\u00e9di\u00e9vaux, senteurs et saveurs, traditions et culture.<\/p>\n<p>&#8230; Et si vous n&rsquo;\u00eates pas un cycliste professionnel de longue distance, tentez l&rsquo;exp\u00e9rience de conduire un v\u00e9lo confortable et admirer toutes les beaut\u00e9s de la ville et sa mer immense qui semble ne jamais finir.<\/p>\n<p><em>Enfin, si vous \u00eates un vrai fan du monde du v\u00e9lo, marquez cette date sur votre calendrier, car vous ne pouvez pas la manquer : chaque ann\u00e9e en septembre, le premier et unique festival italien d\u00e9di\u00e9 au monde du cyclisme a lieu uniquement \u00e0 Rimini :<\/em><\/p>\n<p style=\"text-align: center;\"><strong>ITALIAN BIKE FESTIVAL &#8211; FESTIVAL ITALIEN DU V\u00c9LO<\/strong><\/p>\n<p style=\"text-align: center;\"><strong>Ne manquez pas l&rsquo;occasion de rester inform\u00e9 de l&rsquo;actualit\u00e9 du deux roues.<\/strong><\/p>\n<p>&nbsp;<\/p>\n<p><img decoding=\"async\" loading=\"lazy\" class=\"alignnone size-full wp-image-5513\" src=\"https:\/\/dev.visitrimini.com\/wp-content\/uploads\/2021\/06\/foto1.png\" alt=\"\" width=\"1000\" height=\"1000\" srcset=\"https:\/\/dev.visitrimini.com\/wp-content\/uploads\/2021\/06\/foto1.png 1000w, https:\/\/dev.visitrimini.com\/wp-content\/uploads\/2021\/06\/foto1-300x300.png 300w, https:\/\/dev.visitrimini.com\/wp-content\/uploads\/2021\/06\/foto1-150x150.png 150w, https:\/\/dev.visitrimini.com\/wp-content\/uploads\/2021\/06\/foto1-768x768.png 768w\" sizes=\"(max-width: 1000px) 100vw, 1000px\" \/><\/p>\n","protected":false},"excerpt":{"rendered":"<p>Rimini donne un soin et une attention particuli\u00e8re \u00e0 tous ses voyageurs \u00e0 v\u00e9lo ! Installez-vous confortablement sur votre v\u00e9lo<\/p>\n","protected":false},"author":3,"featured_media":1916,"parent":0,"menu_order":0,"comment_status":"closed","ping_status":"closed","template":"page-templates\/landing-booking.php","meta":{"footnotes":""},"acf":[],"yoast_head":"<!-- This site is optimized with the Yoast SEO plugin v20.13 - https:\/\/yoast.com\/wordpress\/plugins\/seo\/ -->\n<title>Rimini, Bike District - Visit Rimini<\/title>\n<meta name=\"description\" content=\"120 chilometri di piste ciclabili cittadine, percorsi bike, bike hotels e guide ciclistiche questo \u00e8 Rimini bike district\" \/>\n<meta name=\"robots\" content=\"index, follow, max-snippet:-1, max-image-preview:large, max-video-preview:-1\" \/>\n<meta property=\"og:locale\" content=\"fr_FR\" \/>\n<meta property=\"og:type\" content=\"article\" \/>\n<meta property=\"og:title\" content=\"Rimini, Bike District - Visit Rimini\" \/>\n<meta property=\"og:description\" content=\"120 chilometri di piste ciclabili cittadine, percorsi bike, bike hotels e guide ciclistiche questo \u00e8 Rimini bike district\" \/>\n<meta property=\"og:url\" content=\"https:\/\/dev.visitrimini.com\/fr\/rimini-bike-district\/\" \/>\n<meta property=\"og:site_name\" content=\"Visit Rimini\" \/>\n<meta property=\"article:modified_time\" content=\"2021-07-05T07:35:50+00:00\" \/>\n<meta property=\"og:image\" content=\"https:\/\/dev.visitrimini.com\/wp-content\/uploads\/2021\/04\/bike-visitrimini-scaled.jpg\" \/>\n\t<meta property=\"og:image:width\" content=\"2560\" \/>\n\t<meta property=\"og:image:height\" content=\"1707\" \/>\n\t<meta property=\"og:image:type\" content=\"image\/jpeg\" \/>\n<meta name=\"twitter:card\" content=\"summary_large_image\" \/>\n<meta name=\"twitter:label1\" content=\"Dur\u00e9e de lecture estim\u00e9e\" \/>\n\t<meta name=\"twitter:data1\" content=\"3 minutes\" \/>\n<script type=\"application\/ld+json\" class=\"yoast-schema-graph\">{\"@context\":\"https:\/\/schema.org\",\"@graph\":[{\"@type\":\"WebPage\",\"@id\":\"https:\/\/dev.visitrimini.com\/fr\/rimini-bike-district\/\",\"url\":\"https:\/\/dev.visitrimini.com\/fr\/rimini-bike-district\/\",\"name\":\"Rimini, Bike District - Visit Rimini\",\"isPartOf\":{\"@id\":\"https:\/\/dev.visitrimini.com\/#website\"},\"datePublished\":\"2021-06-30T09:03:12+00:00\",\"dateModified\":\"2021-07-05T07:35:50+00:00\",\"description\":\"120 chilometri di piste ciclabili cittadine, percorsi bike, bike hotels e guide ciclistiche questo \u00e8 Rimini bike district\",\"breadcrumb\":{\"@id\":\"https:\/\/dev.visitrimini.com\/fr\/rimini-bike-district\/#breadcrumb\"},\"inLanguage\":\"fr-FR\",\"potentialAction\":[{\"@type\":\"ReadAction\",\"target\":[\"https:\/\/dev.visitrimini.com\/fr\/rimini-bike-district\/\"]}]},{\"@type\":\"BreadcrumbList\",\"@id\":\"https:\/\/dev.visitrimini.com\/fr\/rimini-bike-district\/#breadcrumb\",\"itemListElement\":[{\"@type\":\"ListItem\",\"position\":1,\"name\":\"Home\",\"item\":\"https:\/\/dev.visitrimini.com\/fr\/\"},{\"@type\":\"ListItem\",\"position\":2,\"name\":\"Rimini, Bike District\"}]},{\"@type\":\"WebSite\",\"@id\":\"https:\/\/dev.visitrimini.com\/#website\",\"url\":\"https:\/\/dev.visitrimini.com\/\",\"name\":\"Visit Rimini\",\"description\":\"Un nuovo sito targato WordPress\",\"potentialAction\":[{\"@type\":\"SearchAction\",\"target\":{\"@type\":\"EntryPoint\",\"urlTemplate\":\"https:\/\/dev.visitrimini.com\/?s={search_term_string}\"},\"query-input\":\"required name=search_term_string\"}],\"inLanguage\":\"fr-FR\"}]}<\/script>\n<!-- \/ Yoast SEO plugin. -->","yoast_head_json":{"title":"Rimini, Bike District - Visit Rimini","description":"120 chilometri di piste ciclabili cittadine, percorsi bike, bike hotels e guide ciclistiche questo \u00e8 Rimini bike district","robots":{"index":"index","follow":"follow","max-snippet":"max-snippet:-1","max-image-preview":"max-image-preview:large","max-video-preview":"max-video-preview:-1"},"og_locale":"fr_FR","og_type":"article","og_title":"Rimini, Bike District - Visit Rimini","og_description":"120 chilometri di piste ciclabili cittadine, percorsi bike, bike hotels e guide ciclistiche questo \u00e8 Rimini bike district","og_url":"https:\/\/dev.visitrimini.com\/fr\/rimini-bike-district\/","og_site_name":"Visit Rimini","article_modified_time":"2021-07-05T07:35:50+00:00","og_image":[{"width":2560,"height":1707,"url":"https:\/\/dev.visitrimini.com\/wp-content\/uploads\/2021\/04\/bike-visitrimini-scaled.jpg","type":"image\/jpeg"}],"twitter_card":"summary_large_image","twitter_misc":{"Dur\u00e9e de lecture estim\u00e9e":"3 minutes"},"schema":{"@context":"https:\/\/schema.org","@graph":[{"@type":"WebPage","@id":"https:\/\/dev.visitrimini.com\/fr\/rimini-bike-district\/","url":"https:\/\/dev.visitrimini.com\/fr\/rimini-bike-district\/","name":"Rimini, Bike District - Visit Rimini","isPartOf":{"@id":"https:\/\/dev.visitrimini.com\/#website"},"datePublished":"2021-06-30T09:03:12+00:00","dateModified":"2021-07-05T07:35:50+00:00","description":"120 chilometri di piste ciclabili cittadine, percorsi bike, bike hotels e guide ciclistiche questo \u00e8 Rimini bike district","breadcrumb":{"@id":"https:\/\/dev.visitrimini.com\/fr\/rimini-bike-district\/#breadcrumb"},"inLanguage":"fr-FR","potentialAction":[{"@type":"ReadAction","target":["https:\/\/dev.visitrimini.com\/fr\/rimini-bike-district\/"]}]},{"@type":"BreadcrumbList","@id":"https:\/\/dev.visitrimini.com\/fr\/rimini-bike-district\/#breadcrumb","itemListElement":[{"@type":"ListItem","position":1,"name":"Home","item":"https:\/\/dev.visitrimini.com\/fr\/"},{"@type":"ListItem","position":2,"name":"Rimini, Bike District"}]},{"@type":"WebSite","@id":"https:\/\/dev.visitrimini.com\/#website","url":"https:\/\/dev.visitrimini.com\/","name":"Visit Rimini","description":"Un nuovo sito targato WordPress","potentialAction":[{"@type":"SearchAction","target":{"@type":"EntryPoint","urlTemplate":"https:\/\/dev.visitrimini.com\/?s={search_term_string}"},"query-input":"required name=search_term_string"}],"inLanguage":"fr-FR"}]}},"_links":{"self":[{"href":"https:\/\/dev.visitrimini.com\/fr\/wp-json\/wp\/v2\/pages\/5595"}],"collection":[{"href":"https:\/\/dev.visitrimini.com\/fr\/wp-json\/wp\/v2\/pages"}],"about":[{"href":"https:\/\/dev.visitrimini.com\/fr\/wp-json\/wp\/v2\/types\/page"}],"author":[{"embeddable":true,"href":"https:\/\/dev.visitrimini.com\/fr\/wp-json\/wp\/v2\/users\/3"}],"replies":[{"embeddable":true,"href":"https:\/\/dev.visitrimini.com\/fr\/wp-json\/wp\/v2\/comments?post=5595"}],"version-history":[{"count":2,"href":"https:\/\/dev.visitrimini.com\/fr\/wp-json\/wp\/v2\/pages\/5595\/revisions"}],"predecessor-version":[{"id":5597,"href":"https:\/\/dev.visitrimini.com\/fr\/wp-json\/wp\/v2\/pages\/5595\/revisions\/5597"}],"wp:featuredmedia":[{"embeddable":true,"href":"https:\/\/dev.visitrimini.com\/fr\/wp-json\/wp\/v2\/media\/1916"}],"wp:attachment":[{"href":"https:\/\/dev.visitrimini.com\/fr\/wp-json\/wp\/v2\/media?parent=5595"}],"curies":[{"name":"wp","href":"https:\/\/api.w.org\/{rel}","templated":true}]}}