{"id":8101,"date":"2021-08-13T12:22:44","date_gmt":"2021-08-13T10:22:44","guid":{"rendered":"https:\/\/dev.visitrimini.com\/?page_id=8101"},"modified":"2021-08-13T12:27:07","modified_gmt":"2021-08-13T10:27:07","slug":"itineraire-fellinien","status":"publish","type":"page","link":"https:\/\/dev.visitrimini.com\/fr\/riminicest-fellini\/itineraire-fellinien\/","title":{"rendered":"Itin\u00e9raire Fellinien"},"content":{"rendered":"<p>Federico a pass\u00e9 toute son enfance et sa jeunesse \u00e0 Rimini, et m\u00eame s&rsquo;il s&rsquo;est tr\u00e8s t\u00f4t install\u00e9 \u00e0 Rome, il est clair que cette ville et ses habitants marqueront toujours sa fa\u00e7on particuli\u00e8re de voir les choses et le monde. \u00c0 tel point que \u00ab Amarcord \u00bb, l&rsquo;un de ses films les plus appr\u00e9ci\u00e9s et les plus prim\u00e9s &#8211; gr\u00e2ce \u00e9galement \u00e0 sa collaboration avec Tonino Guerra -, tient son nom d&rsquo;une expression typique du dialecte de Rimini (a&rsquo;m&rsquo;arcord signifie \u00ab je me souviens \u00bb), n&rsquo;est rien d&rsquo;autre qu&rsquo;une splendide \u00e9vocation nostalgique d&rsquo;un temps perdu, d&rsquo;un monde de l&rsquo;enfance qui a disparu avec ses personnages uniques \u00e0 mi-chemin entre la r\u00e9alit\u00e9 et l&rsquo;absurde, sa vitalit\u00e9 authentique, ses contradictions \u00e0 la fois tragiques et comiques.<\/p>\n<p><img decoding=\"async\" loading=\"lazy\" class=\"alignnone wp-image-7934 size-full\" src=\"https:\/\/dev.visitrimini.com\/wp-content\/uploads\/2021\/08\/murale-Fellini-scaled.jpg\" alt=\"Murale personaggi Felliniani\" width=\"2560\" height=\"1706\" srcset=\"https:\/\/dev.visitrimini.com\/wp-content\/uploads\/2021\/08\/murale-Fellini-scaled.jpg 2560w, https:\/\/dev.visitrimini.com\/wp-content\/uploads\/2021\/08\/murale-Fellini-300x200.jpg 300w, https:\/\/dev.visitrimini.com\/wp-content\/uploads\/2021\/08\/murale-Fellini-1024x683.jpg 1024w, https:\/\/dev.visitrimini.com\/wp-content\/uploads\/2021\/08\/murale-Fellini-768x512.jpg 768w, https:\/\/dev.visitrimini.com\/wp-content\/uploads\/2021\/08\/murale-Fellini-1536x1024.jpg 1536w, https:\/\/dev.visitrimini.com\/wp-content\/uploads\/2021\/08\/murale-Fellini-2048x1365.jpg 2048w\" sizes=\"(max-width: 2560px) 100vw, 2560px\" \/><\/p>\n<p>Il y a tellement de Fellini \u00e0 Rimini qu&rsquo;une visite d\u00e9di\u00e9e au grand r\u00e9alisateur est un must absolu&#8230; et pour vous sugg\u00e9rer quelques itin\u00e9raires, vous pouvez commencer sans aucun doute par le Fulgor, site mythique de Fellini par excellence, ne serait-ce que parce que c&rsquo;est le lieu o\u00f9 Federico a rencontr\u00e9 le grand cin\u00e9ma, alors qu&rsquo;il \u00e9tait enfant, en en tombant amoureux pour toujours. Et le Fulgor &#8211; le cin\u00e9ma le plus c\u00e9l\u00e8bre du monde &#8211; se trouve toujours \u00e0 l\u2019endroit o\u00f9 Federico l&rsquo;avait d\u00e9couvert, dans le Corso D&rsquo;Augusto 162, enti\u00e8rement restaur\u00e9 et r\u00e9interpr\u00e9t\u00e9 de mani\u00e8re suggestive \u00e0 l&rsquo;int\u00e9rieur par le sc\u00e9nographe prim\u00e9 Dante Ferretti.<\/p>\n<p>Un autre site fellinien par excellence est sans aucun doute le <strong>Grand H\u00f4tel de Rimini<\/strong> : un bel h\u00f4tel de luxe pr\u00e8s de la mer, style belle \u00e9poque, monument national depuis 1984 et m\u00e9taphore des \u00ab d\u00e9sirs interdits \u00bb du jeune Federico. L&rsquo;entr\u00e9e du magnifique jardin est gratuite : une pause d\u00e9tente s&rsquo;impose donc.<\/p>\n<p>&nbsp;<\/p>\n<p><img decoding=\"async\" loading=\"lazy\" class=\"alignnone wp-image-7950 size-full\" src=\"https:\/\/dev.visitrimini.com\/wp-content\/uploads\/2021\/08\/Grand-Hotel-di-Rimini.jpg\" alt=\"Grand Hotel di Rimini\" width=\"2500\" height=\"1888\" srcset=\"https:\/\/dev.visitrimini.com\/wp-content\/uploads\/2021\/08\/Grand-Hotel-di-Rimini.jpg 2500w, https:\/\/dev.visitrimini.com\/wp-content\/uploads\/2021\/08\/Grand-Hotel-di-Rimini-300x227.jpg 300w, https:\/\/dev.visitrimini.com\/wp-content\/uploads\/2021\/08\/Grand-Hotel-di-Rimini-1024x773.jpg 1024w, https:\/\/dev.visitrimini.com\/wp-content\/uploads\/2021\/08\/Grand-Hotel-di-Rimini-768x580.jpg 768w, https:\/\/dev.visitrimini.com\/wp-content\/uploads\/2021\/08\/Grand-Hotel-di-Rimini-1536x1160.jpg 1536w, https:\/\/dev.visitrimini.com\/wp-content\/uploads\/2021\/08\/Grand-Hotel-di-Rimini-2048x1547.jpg 2048w\" sizes=\"(max-width: 2500px) 100vw, 2500px\" \/><\/p>\n<p>Mais c&rsquo;est peut-\u00eatre dans toute la ville que l&rsquo;on peut respirer le Fellini le plus authentique : c&rsquo;est au cours d&rsquo;une promenade le long de la \u00ab palata \u00bb (c&rsquo;est-\u00e0-dire le quai, la longue langue de quai en b\u00e9ton qui longe la derni\u00e8re portion du port-canal et semble plonger la ville directement dans l&rsquo;Adriatique) que l\u2019on se souvient des Vitelloni ou les bravades de Scureza (le motocycliste dans Amarcord) ou du bruit excit\u00e9 des petits bateaux qui partent \u00e0 la rencontre du bateau \u00e0 vapeur Rex. Ou encore la Fontana della Pigna, au milieu d&rsquo;une splendide Piazza Cavour o\u00f9 renaissent de nombreuses s\u00e9quences c\u00e9l\u00e8bres d&rsquo;Amarcord, des boules de neige de Gradisca \u00e0 l&rsquo;enchantement du paon ou \u00e0 la po\u00e9sie d\u00e9licate et comique de l&rsquo;homme le plus fou du village. Sans oublier le vieux Borgo San Giuliano o\u00f9 le dialecte r\u00e9sonne encore dans les rues sinueuses et o\u00f9 les petites maisons sont d\u00e9cor\u00e9es de peintures murales inspir\u00e9es par le grand r\u00e9alisateur. Oui&#8230; Fellini est partout \u00e0 Rimini&#8230; et il y sera toujours : en effet, le grand chantier du mus\u00e9e Fellini est pratiquement termin\u00e9. Une \u0153uvre unique en son genre : un mus\u00e9e exp\u00e9rimental du cin\u00e9ma, multim\u00e9dia et diffus\u00e9 dans toute la ville en voie d\u2019ach\u00e8vement.<\/p>\n","protected":false},"excerpt":{"rendered":"<p>Federico a pass\u00e9 toute son enfance et sa jeunesse \u00e0 Rimini, et m\u00eame s&rsquo;il s&rsquo;est tr\u00e8s t\u00f4t install\u00e9 \u00e0 Rome,<\/p>\n","protected":false},"author":3,"featured_media":7936,"parent":1266,"menu_order":2,"comment_status":"closed","ping_status":"closed","template":"page-templates\/singola-categoria.php","meta":{"footnotes":""},"acf":[],"yoast_head":"<!-- This site is optimized with the Yoast SEO plugin v20.13 - https:\/\/yoast.com\/wordpress\/plugins\/seo\/ -->\n<title>Itin\u00e9raire Fellinien - Visit Rimini<\/title>\n<meta name=\"robots\" content=\"index, follow, max-snippet:-1, max-image-preview:large, max-video-preview:-1\" \/>\n<meta property=\"og:locale\" content=\"fr_FR\" \/>\n<meta property=\"og:type\" content=\"article\" \/>\n<meta property=\"og:title\" content=\"Itin\u00e9raire Fellinien - Visit Rimini\" \/>\n<meta property=\"og:description\" content=\"Federico a pass\u00e9 toute son enfance et sa jeunesse \u00e0 Rimini, et m\u00eame s&rsquo;il s&rsquo;est tr\u00e8s t\u00f4t install\u00e9 \u00e0 Rome,\" \/>\n<meta property=\"og:url\" content=\"https:\/\/dev.visitrimini.com\/fr\/riminicest-fellini\/itineraire-fellinien\/\" \/>\n<meta property=\"og:site_name\" content=\"Visit Rimini\" \/>\n<meta property=\"article:modified_time\" content=\"2021-08-13T10:27:07+00:00\" \/>\n<meta property=\"og:image\" content=\"https:\/\/dev.visitrimini.com\/wp-content\/uploads\/2021\/08\/murale-Fellini-scaled.jpg\" \/>\n\t<meta property=\"og:image:width\" content=\"2560\" \/>\n\t<meta property=\"og:image:height\" content=\"1706\" \/>\n\t<meta property=\"og:image:type\" content=\"image\/jpeg\" \/>\n<meta name=\"twitter:card\" content=\"summary_large_image\" \/>\n<meta name=\"twitter:label1\" content=\"Dur\u00e9e de lecture estim\u00e9e\" \/>\n\t<meta name=\"twitter:data1\" content=\"3 minutes\" \/>\n<script type=\"application\/ld+json\" class=\"yoast-schema-graph\">{\"@context\":\"https:\/\/schema.org\",\"@graph\":[{\"@type\":\"WebPage\",\"@id\":\"https:\/\/dev.visitrimini.com\/fr\/riminicest-fellini\/itineraire-fellinien\/\",\"url\":\"https:\/\/dev.visitrimini.com\/fr\/riminicest-fellini\/itineraire-fellinien\/\",\"name\":\"Itin\u00e9raire Fellinien - Visit Rimini\",\"isPartOf\":{\"@id\":\"https:\/\/dev.visitrimini.com\/#website\"},\"datePublished\":\"2021-08-13T10:22:44+00:00\",\"dateModified\":\"2021-08-13T10:27:07+00:00\",\"breadcrumb\":{\"@id\":\"https:\/\/dev.visitrimini.com\/fr\/riminicest-fellini\/itineraire-fellinien\/#breadcrumb\"},\"inLanguage\":\"fr-FR\",\"potentialAction\":[{\"@type\":\"ReadAction\",\"target\":[\"https:\/\/dev.visitrimini.com\/fr\/riminicest-fellini\/itineraire-fellinien\/\"]}]},{\"@type\":\"BreadcrumbList\",\"@id\":\"https:\/\/dev.visitrimini.com\/fr\/riminicest-fellini\/itineraire-fellinien\/#breadcrumb\",\"itemListElement\":[{\"@type\":\"ListItem\",\"position\":1,\"name\":\"Home\",\"item\":\"https:\/\/dev.visitrimini.com\/fr\/\"},{\"@type\":\"ListItem\",\"position\":2,\"name\":\"Rimini c&rsquo;est &#8230; FELLINI\",\"item\":\"https:\/\/dev.visitrimini.com\/fr\/riminicest-fellini\/\"},{\"@type\":\"ListItem\",\"position\":3,\"name\":\"Itin\u00e9raire Fellinien\"}]},{\"@type\":\"WebSite\",\"@id\":\"https:\/\/dev.visitrimini.com\/#website\",\"url\":\"https:\/\/dev.visitrimini.com\/\",\"name\":\"Visit Rimini\",\"description\":\"Un nuovo sito targato WordPress\",\"potentialAction\":[{\"@type\":\"SearchAction\",\"target\":{\"@type\":\"EntryPoint\",\"urlTemplate\":\"https:\/\/dev.visitrimini.com\/?s={search_term_string}\"},\"query-input\":\"required name=search_term_string\"}],\"inLanguage\":\"fr-FR\"}]}<\/script>\n<!-- \/ Yoast SEO plugin. -->","yoast_head_json":{"title":"Itin\u00e9raire Fellinien - Visit Rimini","robots":{"index":"index","follow":"follow","max-snippet":"max-snippet:-1","max-image-preview":"max-image-preview:large","max-video-preview":"max-video-preview:-1"},"og_locale":"fr_FR","og_type":"article","og_title":"Itin\u00e9raire Fellinien - Visit Rimini","og_description":"Federico a pass\u00e9 toute son enfance et sa jeunesse \u00e0 Rimini, et m\u00eame s&rsquo;il s&rsquo;est tr\u00e8s t\u00f4t install\u00e9 \u00e0 Rome,","og_url":"https:\/\/dev.visitrimini.com\/fr\/riminicest-fellini\/itineraire-fellinien\/","og_site_name":"Visit Rimini","article_modified_time":"2021-08-13T10:27:07+00:00","og_image":[{"width":2560,"height":1706,"url":"https:\/\/dev.visitrimini.com\/wp-content\/uploads\/2021\/08\/murale-Fellini-scaled.jpg","type":"image\/jpeg"}],"twitter_card":"summary_large_image","twitter_misc":{"Dur\u00e9e de lecture estim\u00e9e":"3 minutes"},"schema":{"@context":"https:\/\/schema.org","@graph":[{"@type":"WebPage","@id":"https:\/\/dev.visitrimini.com\/fr\/riminicest-fellini\/itineraire-fellinien\/","url":"https:\/\/dev.visitrimini.com\/fr\/riminicest-fellini\/itineraire-fellinien\/","name":"Itin\u00e9raire Fellinien - Visit Rimini","isPartOf":{"@id":"https:\/\/dev.visitrimini.com\/#website"},"datePublished":"2021-08-13T10:22:44+00:00","dateModified":"2021-08-13T10:27:07+00:00","breadcrumb":{"@id":"https:\/\/dev.visitrimini.com\/fr\/riminicest-fellini\/itineraire-fellinien\/#breadcrumb"},"inLanguage":"fr-FR","potentialAction":[{"@type":"ReadAction","target":["https:\/\/dev.visitrimini.com\/fr\/riminicest-fellini\/itineraire-fellinien\/"]}]},{"@type":"BreadcrumbList","@id":"https:\/\/dev.visitrimini.com\/fr\/riminicest-fellini\/itineraire-fellinien\/#breadcrumb","itemListElement":[{"@type":"ListItem","position":1,"name":"Home","item":"https:\/\/dev.visitrimini.com\/fr\/"},{"@type":"ListItem","position":2,"name":"Rimini c&rsquo;est &#8230; FELLINI","item":"https:\/\/dev.visitrimini.com\/fr\/riminicest-fellini\/"},{"@type":"ListItem","position":3,"name":"Itin\u00e9raire Fellinien"}]},{"@type":"WebSite","@id":"https:\/\/dev.visitrimini.com\/#website","url":"https:\/\/dev.visitrimini.com\/","name":"Visit Rimini","description":"Un nuovo sito targato WordPress","potentialAction":[{"@type":"SearchAction","target":{"@type":"EntryPoint","urlTemplate":"https:\/\/dev.visitrimini.com\/?s={search_term_string}"},"query-input":"required name=search_term_string"}],"inLanguage":"fr-FR"}]}},"_links":{"self":[{"href":"https:\/\/dev.visitrimini.com\/fr\/wp-json\/wp\/v2\/pages\/8101"}],"collection":[{"href":"https:\/\/dev.visitrimini.com\/fr\/wp-json\/wp\/v2\/pages"}],"about":[{"href":"https:\/\/dev.visitrimini.com\/fr\/wp-json\/wp\/v2\/types\/page"}],"author":[{"embeddable":true,"href":"https:\/\/dev.visitrimini.com\/fr\/wp-json\/wp\/v2\/users\/3"}],"replies":[{"embeddable":true,"href":"https:\/\/dev.visitrimini.com\/fr\/wp-json\/wp\/v2\/comments?post=8101"}],"version-history":[{"count":5,"href":"https:\/\/dev.visitrimini.com\/fr\/wp-json\/wp\/v2\/pages\/8101\/revisions"}],"predecessor-version":[{"id":8106,"href":"https:\/\/dev.visitrimini.com\/fr\/wp-json\/wp\/v2\/pages\/8101\/revisions\/8106"}],"up":[{"embeddable":true,"href":"https:\/\/dev.visitrimini.com\/fr\/wp-json\/wp\/v2\/pages\/1266"}],"wp:featuredmedia":[{"embeddable":true,"href":"https:\/\/dev.visitrimini.com\/fr\/wp-json\/wp\/v2\/media\/7936"}],"wp:attachment":[{"href":"https:\/\/dev.visitrimini.com\/fr\/wp-json\/wp\/v2\/media?parent=8101"}],"curies":[{"name":"wp","href":"https:\/\/api.w.org\/{rel}","templated":true}]}}