{"id":8149,"date":"2021-08-15T14:20:58","date_gmt":"2021-08-15T12:20:58","guid":{"rendered":"https:\/\/dev.visitrimini.com\/riminicest-fellini\/rimini-fellini-museum\/"},"modified":"2021-08-18T09:55:10","modified_gmt":"2021-08-18T07:55:10","slug":"rimini-musee-fellini","status":"publish","type":"page","link":"https:\/\/dev.visitrimini.com\/fr\/riminicest-fellini\/rimini-musee-fellini\/","title":{"rendered":"Rimini, <strong> Mus\u00e9e Fellini<\/strong>"},"content":{"rendered":"<p><strong>Le mus\u00e9e Fellini<\/strong> est n\u00e9 <strong>\u00e0 Rimini<\/strong> sous le signe de l&rsquo;esprit visionnaire de Fellini, du cin\u00e9ma, du rapport avec les arts, dans un dialogue permanent entre innovation et tradition. Il concerne trois espaces : le Ch\u00e2teau Sismondo, le Palais du Fulgor et la Place Malatesta.\u00a0 Un centre mus\u00e9al diffus de conception nouvelle et le plus grand projet de mus\u00e9e consacr\u00e9 au g\u00e9nie de Federico Fellini.<\/p>\n<p>Le mus\u00e9e Fellini se d\u00e9ploie le long de trois points n\u00e9vralgiques du centre historique de Rimini, reliant des r\u00e9alit\u00e9s diff\u00e9rentes dans une m\u00eame vocation de transmission de la connaissance et du souffle cr\u00e9atif qui \u00e9tait celui du grand r\u00e9alisateur italien. Les trois axes concern\u00e9s sont : <strong>Ch\u00e2teau Sismondo<\/strong>, la forteresse des Malatesta du XVe si\u00e8cle con\u00e7ue par Filippo Brunelleschi ; <strong>Le Palais Fulgor,<\/strong> un b\u00e2timent du XVIIIe si\u00e8cle, dont le rez-de-chauss\u00e9e abrite le Fulgor, le cin\u00e9ma l\u00e9gendaire immortalis\u00e9 dans Amarcord et aujourd&rsquo;hui r\u00e9nov\u00e9 avec des d\u00e9cors con\u00e7us par Dante Ferretti, trois fois oscaris\u00e9. Enfin, les deux b\u00e2timents sont reli\u00e9s par <strong>la Place Malatesta<\/strong>, un grand espace urbain avec des espaces verts, des ar\u00e8nes pour des spectacles, des installations artistiques, un immense voile d&rsquo;eau rappelant les anciennes douves du ch\u00e2teau et un grand banc circulaire qui, comme dans le final de 8\u00bd, se veut un hymne \u00e0 la vie, \u00e0 la solidarit\u00e9 et au d\u00e9sir d&rsquo;\u00eatre ensemble.<\/p>\n<p><img decoding=\"async\" loading=\"lazy\" class=\"alignnone wp-image-7824 size-full\" src=\"https:\/\/dev.visitrimini.com\/wp-content\/uploads\/2021\/08\/Fellini-Museum-Giulietta-Masina.jpg\" alt=\"Fellini Museum Giulietta Masina\" width=\"2048\" height=\"1365\" \/><\/p>\n<p>Le mus\u00e9e Fellini n&rsquo;a pas l&rsquo;intention d&rsquo;interpr\u00e9ter le cin\u00e9ma du r\u00e9alisateur de Rimini comme une \u0153uvre en soi, comme un sanctuaire ou un hommage \u00e0 sa m\u00e9moire, mais d&rsquo;<strong>exalter le patrimoine culturel de l&rsquo;un des r\u00e9alisateurs les plus illustres de l&rsquo;histoire du cin\u00e9ma<\/strong>, qui est n\u00e9 \u00e0 Rimini en 1920, et r\u00e9unit dans un unicum conceptuel et spatial plusieurs lieux au c\u0153ur de la ville, cr\u00e9ant un parcours composite de r\u00e9cits participatifs qui font du visiteur le protagoniste d&rsquo;une exp\u00e9rience immersive, dans un \u00ab\u00a0dialogue\u00a0\u00bb sans faille entre les espaces int\u00e9rieurs et ext\u00e9rieurs o\u00f9 la cr\u00e9ativit\u00e9 et l&rsquo;imagination peuvent contaminer positivement Rimini et son voyage dans le pr\u00e9sent et le futur, comme la cl\u00e9 pour acc\u00e9der au monde o\u00f9 \u00ab\u00a0tout est imagin\u00e9\u00a0\u00bb.<\/p>\n<p><img decoding=\"async\" loading=\"lazy\" class=\"alignnone wp-image-7859 size-full\" src=\"https:\/\/dev.visitrimini.com\/wp-content\/uploads\/2021\/08\/Fellini-Museum-Anita-Ekberg.jpg\" alt=\"Fellini Museum Anita Ekberg\" width=\"2048\" height=\"1365\" \/><\/p>\n<p>&nbsp;<\/p>\n","protected":false},"excerpt":{"rendered":"<p>Le mus\u00e9e Fellini est n\u00e9 \u00e0 Rimini sous le signe de l&rsquo;esprit visionnaire de Fellini, du cin\u00e9ma, du rapport avec<\/p>\n","protected":false},"author":6,"featured_media":7830,"parent":1266,"menu_order":1,"comment_status":"closed","ping_status":"closed","template":"page-templates\/singola-categoria.php","meta":{"footnotes":""},"acf":[],"yoast_head":"<!-- This site is optimized with the Yoast SEO plugin v20.13 - https:\/\/yoast.com\/wordpress\/plugins\/seo\/ -->\n<title>Rimini,  Mus\u00e9e Fellini - Visit Rimini<\/title>\n<meta name=\"description\" content=\"Il nuovo Fellini Museum a Rimini esalta l&#039;eredit\u00e0 culturale di Federico Fellini, il famoso regista nato a Rimini\" \/>\n<meta name=\"robots\" content=\"index, follow, max-snippet:-1, max-image-preview:large, max-video-preview:-1\" \/>\n<meta property=\"og:locale\" content=\"fr_FR\" \/>\n<meta property=\"og:type\" content=\"article\" \/>\n<meta property=\"og:title\" content=\"Rimini,  Mus\u00e9e Fellini - Visit Rimini\" \/>\n<meta property=\"og:description\" content=\"Il nuovo Fellini Museum a Rimini esalta l&#039;eredit\u00e0 culturale di Federico Fellini, il famoso regista nato a Rimini\" \/>\n<meta property=\"og:url\" content=\"https:\/\/dev.visitrimini.com\/fr\/riminicest-fellini\/rimini-musee-fellini\/\" \/>\n<meta property=\"og:site_name\" content=\"Visit Rimini\" \/>\n<meta property=\"article:modified_time\" content=\"2021-08-18T07:55:10+00:00\" \/>\n<meta property=\"og:image\" content=\"https:\/\/dev.visitrimini.com\/wp-content\/uploads\/2021\/08\/Fellini-Museum-La-Dolce-Vita-scaled.jpg\" \/>\n\t<meta property=\"og:image:width\" content=\"2560\" \/>\n\t<meta property=\"og:image:height\" content=\"1920\" \/>\n\t<meta property=\"og:image:type\" content=\"image\/jpeg\" \/>\n<meta name=\"twitter:card\" content=\"summary_large_image\" \/>\n<meta name=\"twitter:label1\" content=\"Dur\u00e9e de lecture estim\u00e9e\" \/>\n\t<meta name=\"twitter:data1\" content=\"2 minutes\" \/>\n<script type=\"application\/ld+json\" class=\"yoast-schema-graph\">{\"@context\":\"https:\/\/schema.org\",\"@graph\":[{\"@type\":\"WebPage\",\"@id\":\"https:\/\/dev.visitrimini.com\/fr\/riminicest-fellini\/rimini-musee-fellini\/\",\"url\":\"https:\/\/dev.visitrimini.com\/fr\/riminicest-fellini\/rimini-musee-fellini\/\",\"name\":\"Rimini, Mus\u00e9e Fellini - Visit Rimini\",\"isPartOf\":{\"@id\":\"https:\/\/dev.visitrimini.com\/#website\"},\"datePublished\":\"2021-08-15T12:20:58+00:00\",\"dateModified\":\"2021-08-18T07:55:10+00:00\",\"description\":\"Il nuovo Fellini Museum a Rimini esalta l'eredit\u00e0 culturale di Federico Fellini, il famoso regista nato a Rimini\",\"breadcrumb\":{\"@id\":\"https:\/\/dev.visitrimini.com\/fr\/riminicest-fellini\/rimini-musee-fellini\/#breadcrumb\"},\"inLanguage\":\"fr-FR\",\"potentialAction\":[{\"@type\":\"ReadAction\",\"target\":[\"https:\/\/dev.visitrimini.com\/fr\/riminicest-fellini\/rimini-musee-fellini\/\"]}]},{\"@type\":\"BreadcrumbList\",\"@id\":\"https:\/\/dev.visitrimini.com\/fr\/riminicest-fellini\/rimini-musee-fellini\/#breadcrumb\",\"itemListElement\":[{\"@type\":\"ListItem\",\"position\":1,\"name\":\"Home\",\"item\":\"https:\/\/dev.visitrimini.com\/fr\/\"},{\"@type\":\"ListItem\",\"position\":2,\"name\":\"Rimini c&rsquo;est &#8230; FELLINI\",\"item\":\"https:\/\/dev.visitrimini.com\/fr\/riminicest-fellini\/\"},{\"@type\":\"ListItem\",\"position\":3,\"name\":\"Rimini, Mus\u00e9e Fellini\"}]},{\"@type\":\"WebSite\",\"@id\":\"https:\/\/dev.visitrimini.com\/#website\",\"url\":\"https:\/\/dev.visitrimini.com\/\",\"name\":\"Visit Rimini\",\"description\":\"Un nuovo sito targato WordPress\",\"potentialAction\":[{\"@type\":\"SearchAction\",\"target\":{\"@type\":\"EntryPoint\",\"urlTemplate\":\"https:\/\/dev.visitrimini.com\/?s={search_term_string}\"},\"query-input\":\"required name=search_term_string\"}],\"inLanguage\":\"fr-FR\"}]}<\/script>\n<!-- \/ Yoast SEO plugin. -->","yoast_head_json":{"title":"Rimini,  Mus\u00e9e Fellini - Visit Rimini","description":"Il nuovo Fellini Museum a Rimini esalta l'eredit\u00e0 culturale di Federico Fellini, il famoso regista nato a Rimini","robots":{"index":"index","follow":"follow","max-snippet":"max-snippet:-1","max-image-preview":"max-image-preview:large","max-video-preview":"max-video-preview:-1"},"og_locale":"fr_FR","og_type":"article","og_title":"Rimini,  Mus\u00e9e Fellini - Visit Rimini","og_description":"Il nuovo Fellini Museum a Rimini esalta l'eredit\u00e0 culturale di Federico Fellini, il famoso regista nato a Rimini","og_url":"https:\/\/dev.visitrimini.com\/fr\/riminicest-fellini\/rimini-musee-fellini\/","og_site_name":"Visit Rimini","article_modified_time":"2021-08-18T07:55:10+00:00","og_image":[{"width":2560,"height":1920,"url":"https:\/\/dev.visitrimini.com\/wp-content\/uploads\/2021\/08\/Fellini-Museum-La-Dolce-Vita-scaled.jpg","type":"image\/jpeg"}],"twitter_card":"summary_large_image","twitter_misc":{"Dur\u00e9e de lecture estim\u00e9e":"2 minutes"},"schema":{"@context":"https:\/\/schema.org","@graph":[{"@type":"WebPage","@id":"https:\/\/dev.visitrimini.com\/fr\/riminicest-fellini\/rimini-musee-fellini\/","url":"https:\/\/dev.visitrimini.com\/fr\/riminicest-fellini\/rimini-musee-fellini\/","name":"Rimini, Mus\u00e9e Fellini - Visit Rimini","isPartOf":{"@id":"https:\/\/dev.visitrimini.com\/#website"},"datePublished":"2021-08-15T12:20:58+00:00","dateModified":"2021-08-18T07:55:10+00:00","description":"Il nuovo Fellini Museum a Rimini esalta l'eredit\u00e0 culturale di Federico Fellini, il famoso regista nato a Rimini","breadcrumb":{"@id":"https:\/\/dev.visitrimini.com\/fr\/riminicest-fellini\/rimini-musee-fellini\/#breadcrumb"},"inLanguage":"fr-FR","potentialAction":[{"@type":"ReadAction","target":["https:\/\/dev.visitrimini.com\/fr\/riminicest-fellini\/rimini-musee-fellini\/"]}]},{"@type":"BreadcrumbList","@id":"https:\/\/dev.visitrimini.com\/fr\/riminicest-fellini\/rimini-musee-fellini\/#breadcrumb","itemListElement":[{"@type":"ListItem","position":1,"name":"Home","item":"https:\/\/dev.visitrimini.com\/fr\/"},{"@type":"ListItem","position":2,"name":"Rimini c&rsquo;est &#8230; FELLINI","item":"https:\/\/dev.visitrimini.com\/fr\/riminicest-fellini\/"},{"@type":"ListItem","position":3,"name":"Rimini, Mus\u00e9e Fellini"}]},{"@type":"WebSite","@id":"https:\/\/dev.visitrimini.com\/#website","url":"https:\/\/dev.visitrimini.com\/","name":"Visit Rimini","description":"Un nuovo sito targato WordPress","potentialAction":[{"@type":"SearchAction","target":{"@type":"EntryPoint","urlTemplate":"https:\/\/dev.visitrimini.com\/?s={search_term_string}"},"query-input":"required name=search_term_string"}],"inLanguage":"fr-FR"}]}},"_links":{"self":[{"href":"https:\/\/dev.visitrimini.com\/fr\/wp-json\/wp\/v2\/pages\/8149"}],"collection":[{"href":"https:\/\/dev.visitrimini.com\/fr\/wp-json\/wp\/v2\/pages"}],"about":[{"href":"https:\/\/dev.visitrimini.com\/fr\/wp-json\/wp\/v2\/types\/page"}],"author":[{"embeddable":true,"href":"https:\/\/dev.visitrimini.com\/fr\/wp-json\/wp\/v2\/users\/6"}],"replies":[{"embeddable":true,"href":"https:\/\/dev.visitrimini.com\/fr\/wp-json\/wp\/v2\/comments?post=8149"}],"version-history":[{"count":3,"href":"https:\/\/dev.visitrimini.com\/fr\/wp-json\/wp\/v2\/pages\/8149\/revisions"}],"predecessor-version":[{"id":8175,"href":"https:\/\/dev.visitrimini.com\/fr\/wp-json\/wp\/v2\/pages\/8149\/revisions\/8175"}],"up":[{"embeddable":true,"href":"https:\/\/dev.visitrimini.com\/fr\/wp-json\/wp\/v2\/pages\/1266"}],"wp:featuredmedia":[{"embeddable":true,"href":"https:\/\/dev.visitrimini.com\/fr\/wp-json\/wp\/v2\/media\/7830"}],"wp:attachment":[{"href":"https:\/\/dev.visitrimini.com\/fr\/wp-json\/wp\/v2\/media?parent=8149"}],"curies":[{"name":"wp","href":"https:\/\/api.w.org\/{rel}","templated":true}]}}