{"id":8152,"date":"2021-08-10T13:03:03","date_gmt":"2021-08-10T11:03:03","guid":{"rendered":"https:\/\/dev.visitrimini.com\/riminicest-fellini\/il-cinema-fulgor\/"},"modified":"2021-08-14T11:20:10","modified_gmt":"2021-08-14T09:20:10","slug":"le-cinema-fulgor","status":"publish","type":"page","link":"https:\/\/dev.visitrimini.com\/fr\/riminicest-fellini\/le-cinema-fulgor\/","title":{"rendered":"Le Cin\u00e9ma  <strong>Fulgor<\/strong>"},"content":{"rendered":"<p>Le Fulgor, <strong>le cin\u00e9ma des r\u00eaves de Federico Fellini<\/strong>. Un lieu embl\u00e9matique et stimulant au c\u0153ur de la vieille ville, qui a trouv\u00e9 une nouvelle vie dans l&rsquo;histoire des itin\u00e9raires suivis par le c\u00e9l\u00e8bre r\u00e9alisateur. C&rsquo;est l\u00e0 que le jeune Federico voit ses premiers films, \u00e0 une \u00e9poque o\u00f9 son imagination d&rsquo;enfant est fervente et sensible. C&rsquo;est l\u00e0 qu&rsquo;il a commenc\u00e9 \u00e0 comprendre la puissance du septi\u00e8me art qui le m\u00e8nera sur la voie du succ\u00e8s.<\/p>\n<p><img decoding=\"async\" loading=\"lazy\" class=\"alignnone wp-image-1551 size-full\" src=\"https:\/\/dev.visitrimini.com\/wp-content\/uploads\/2021\/04\/FULGOR-facciata\u00a9Comune-di-RiminiI.jpg\" alt=\"Cinema Fulgor\" width=\"1280\" height=\"854\" srcset=\"https:\/\/dev.visitrimini.com\/wp-content\/uploads\/2021\/04\/FULGOR-facciata\u00a9Comune-di-RiminiI.jpg 1280w, https:\/\/dev.visitrimini.com\/wp-content\/uploads\/2021\/04\/FULGOR-facciata\u00a9Comune-di-RiminiI-300x200.jpg 300w, https:\/\/dev.visitrimini.com\/wp-content\/uploads\/2021\/04\/FULGOR-facciata\u00a9Comune-di-RiminiI-1024x683.jpg 1024w, https:\/\/dev.visitrimini.com\/wp-content\/uploads\/2021\/04\/FULGOR-facciata\u00a9Comune-di-RiminiI-768x512.jpg 768w\" sizes=\"(max-width: 1280px) 100vw, 1280px\" \/><\/p>\n<p>Aujourd&rsquo;hui, le Fulgor fait partie int\u00e9grante du Mus\u00e9e Fellini, un lien id\u00e9al et physique avec le Ch\u00e2teau Sismondo, \u00e0 travers la Place des R\u00eaves.<\/p>\n<p><strong>Le<\/strong> <strong>cin\u00e9ma Fulgor est un lieu du patrimoine culturel de Fellini <\/strong>: au rez-de-chauss\u00e9e, <strong>le foyer<\/strong> et <strong>les deux salles<\/strong> <strong>\u00ab\u00a0Giulietta\u00a0\u00bb et \u00ab\u00a0Federico\u00a0\u00bb rappellent l&rsquo;atmosph\u00e8re hollywoodienne des ann\u00e9es 30<\/strong>, si ch\u00e8re au Maestro.<\/p>\n<p>L&rsquo;union entre Fellini et Rimini vit dans l&rsquo;un des monuments qui lui sont embl\u00e9matiques et qui ont trac\u00e9 son parcours humain et artistique. La ville est pr\u00e9sente dans les caricatures juv\u00e9niles d&rsquo;acteurs c\u00e9l\u00e8bres r\u00e9alis\u00e9es sur commande et expos\u00e9es comme attraction publicitaire par le directeur du cin\u00e9ma Fulgor. On retrouve <strong>Rimini <em>dans Amarcord, Les Vitelloni, La voce della luna, 8 1\u20442 et d&rsquo;autres films.<\/em><\/strong> Non seulement cela, mais aussi dans les caricatures de Marc Aur\u00e8le, dans les sujets laiss\u00e9s sur le papier, dans les photographies et les interviews.<\/p>\n<p><img decoding=\"async\" loading=\"lazy\" class=\"alignnone wp-image-1533 size-full\" src=\"https:\/\/dev.visitrimini.com\/wp-content\/uploads\/2021\/04\/FULGOR-Sala\u00a9Comune-di-RiminiI.jpg\" alt=\"Cinema Fulgor\" width=\"1280\" height=\"853\" srcset=\"https:\/\/dev.visitrimini.com\/wp-content\/uploads\/2021\/04\/FULGOR-Sala\u00a9Comune-di-RiminiI.jpg 1280w, https:\/\/dev.visitrimini.com\/wp-content\/uploads\/2021\/04\/FULGOR-Sala\u00a9Comune-di-RiminiI-300x200.jpg 300w, https:\/\/dev.visitrimini.com\/wp-content\/uploads\/2021\/04\/FULGOR-Sala\u00a9Comune-di-RiminiI-1024x682.jpg 1024w, https:\/\/dev.visitrimini.com\/wp-content\/uploads\/2021\/04\/FULGOR-Sala\u00a9Comune-di-RiminiI-768x512.jpg 768w\" sizes=\"(max-width: 1280px) 100vw, 1280px\" \/><\/p>\n<p>Entre-temps, le Fulgor est rest\u00e9 fid\u00e8le \u00e0 sa mission : il reste un cin\u00e9ma, o\u00f9 le public devient un protagoniste, dans une vie qui se confond avec celle du cin\u00e9ma. Et l&rsquo;histoire se r\u00e9p\u00e8te&#8230;<\/p>\n","protected":false},"excerpt":{"rendered":"<p>Le Fulgor, le cin\u00e9ma des r\u00eaves de Federico Fellini. Un lieu embl\u00e9matique et stimulant au c\u0153ur de la vieille ville,<\/p>\n","protected":false},"author":6,"featured_media":1553,"parent":1266,"menu_order":3,"comment_status":"closed","ping_status":"closed","template":"page-templates\/singola-categoria.php","meta":{"footnotes":""},"acf":[],"yoast_head":"<!-- This site is optimized with the Yoast SEO plugin v20.13 - https:\/\/yoast.com\/wordpress\/plugins\/seo\/ -->\n<title>Le Cin\u00e9ma Fulgor - Visit Rimini<\/title>\n<meta name=\"robots\" content=\"index, follow, max-snippet:-1, max-image-preview:large, max-video-preview:-1\" \/>\n<meta property=\"og:locale\" content=\"fr_FR\" \/>\n<meta property=\"og:type\" content=\"article\" \/>\n<meta property=\"og:title\" content=\"Le Cin\u00e9ma Fulgor - Visit Rimini\" \/>\n<meta property=\"og:description\" content=\"Le Fulgor, le cin\u00e9ma des r\u00eaves de Federico Fellini. Un lieu embl\u00e9matique et stimulant au c\u0153ur de la vieille ville,\" \/>\n<meta property=\"og:url\" content=\"https:\/\/dev.visitrimini.com\/fr\/riminicest-fellini\/le-cinema-fulgor\/\" \/>\n<meta property=\"og:site_name\" content=\"Visit Rimini\" \/>\n<meta property=\"article:modified_time\" content=\"2021-08-14T09:20:10+00:00\" \/>\n<meta property=\"og:image\" content=\"https:\/\/dev.visitrimini.com\/wp-content\/uploads\/2021\/04\/FULGOR-facciata\u00a9Comune-di-RiminiI.jpg\" \/>\n\t<meta property=\"og:image:width\" content=\"1280\" \/>\n\t<meta property=\"og:image:height\" content=\"854\" \/>\n\t<meta property=\"og:image:type\" content=\"image\/jpeg\" \/>\n<meta name=\"twitter:card\" content=\"summary_large_image\" \/>\n<meta name=\"twitter:label1\" content=\"Dur\u00e9e de lecture estim\u00e9e\" \/>\n\t<meta name=\"twitter:data1\" content=\"2 minutes\" \/>\n<script type=\"application\/ld+json\" class=\"yoast-schema-graph\">{\"@context\":\"https:\/\/schema.org\",\"@graph\":[{\"@type\":\"WebPage\",\"@id\":\"https:\/\/dev.visitrimini.com\/fr\/riminicest-fellini\/le-cinema-fulgor\/\",\"url\":\"https:\/\/dev.visitrimini.com\/fr\/riminicest-fellini\/le-cinema-fulgor\/\",\"name\":\"Le Cin\u00e9ma Fulgor - Visit Rimini\",\"isPartOf\":{\"@id\":\"https:\/\/dev.visitrimini.com\/#website\"},\"datePublished\":\"2021-08-10T11:03:03+00:00\",\"dateModified\":\"2021-08-14T09:20:10+00:00\",\"breadcrumb\":{\"@id\":\"https:\/\/dev.visitrimini.com\/fr\/riminicest-fellini\/le-cinema-fulgor\/#breadcrumb\"},\"inLanguage\":\"fr-FR\",\"potentialAction\":[{\"@type\":\"ReadAction\",\"target\":[\"https:\/\/dev.visitrimini.com\/fr\/riminicest-fellini\/le-cinema-fulgor\/\"]}]},{\"@type\":\"BreadcrumbList\",\"@id\":\"https:\/\/dev.visitrimini.com\/fr\/riminicest-fellini\/le-cinema-fulgor\/#breadcrumb\",\"itemListElement\":[{\"@type\":\"ListItem\",\"position\":1,\"name\":\"Home\",\"item\":\"https:\/\/dev.visitrimini.com\/fr\/\"},{\"@type\":\"ListItem\",\"position\":2,\"name\":\"Rimini c&rsquo;est &#8230; FELLINI\",\"item\":\"https:\/\/dev.visitrimini.com\/fr\/riminicest-fellini\/\"},{\"@type\":\"ListItem\",\"position\":3,\"name\":\"Le Cin\u00e9ma Fulgor\"}]},{\"@type\":\"WebSite\",\"@id\":\"https:\/\/dev.visitrimini.com\/#website\",\"url\":\"https:\/\/dev.visitrimini.com\/\",\"name\":\"Visit Rimini\",\"description\":\"Un nuovo sito targato WordPress\",\"potentialAction\":[{\"@type\":\"SearchAction\",\"target\":{\"@type\":\"EntryPoint\",\"urlTemplate\":\"https:\/\/dev.visitrimini.com\/?s={search_term_string}\"},\"query-input\":\"required name=search_term_string\"}],\"inLanguage\":\"fr-FR\"}]}<\/script>\n<!-- \/ Yoast SEO plugin. -->","yoast_head_json":{"title":"Le Cin\u00e9ma Fulgor - Visit Rimini","robots":{"index":"index","follow":"follow","max-snippet":"max-snippet:-1","max-image-preview":"max-image-preview:large","max-video-preview":"max-video-preview:-1"},"og_locale":"fr_FR","og_type":"article","og_title":"Le Cin\u00e9ma Fulgor - Visit Rimini","og_description":"Le Fulgor, le cin\u00e9ma des r\u00eaves de Federico Fellini. Un lieu embl\u00e9matique et stimulant au c\u0153ur de la vieille ville,","og_url":"https:\/\/dev.visitrimini.com\/fr\/riminicest-fellini\/le-cinema-fulgor\/","og_site_name":"Visit Rimini","article_modified_time":"2021-08-14T09:20:10+00:00","og_image":[{"width":1280,"height":854,"url":"https:\/\/dev.visitrimini.com\/wp-content\/uploads\/2021\/04\/FULGOR-facciata\u00a9Comune-di-RiminiI.jpg","type":"image\/jpeg"}],"twitter_card":"summary_large_image","twitter_misc":{"Dur\u00e9e de lecture estim\u00e9e":"2 minutes"},"schema":{"@context":"https:\/\/schema.org","@graph":[{"@type":"WebPage","@id":"https:\/\/dev.visitrimini.com\/fr\/riminicest-fellini\/le-cinema-fulgor\/","url":"https:\/\/dev.visitrimini.com\/fr\/riminicest-fellini\/le-cinema-fulgor\/","name":"Le Cin\u00e9ma Fulgor - Visit Rimini","isPartOf":{"@id":"https:\/\/dev.visitrimini.com\/#website"},"datePublished":"2021-08-10T11:03:03+00:00","dateModified":"2021-08-14T09:20:10+00:00","breadcrumb":{"@id":"https:\/\/dev.visitrimini.com\/fr\/riminicest-fellini\/le-cinema-fulgor\/#breadcrumb"},"inLanguage":"fr-FR","potentialAction":[{"@type":"ReadAction","target":["https:\/\/dev.visitrimini.com\/fr\/riminicest-fellini\/le-cinema-fulgor\/"]}]},{"@type":"BreadcrumbList","@id":"https:\/\/dev.visitrimini.com\/fr\/riminicest-fellini\/le-cinema-fulgor\/#breadcrumb","itemListElement":[{"@type":"ListItem","position":1,"name":"Home","item":"https:\/\/dev.visitrimini.com\/fr\/"},{"@type":"ListItem","position":2,"name":"Rimini c&rsquo;est &#8230; FELLINI","item":"https:\/\/dev.visitrimini.com\/fr\/riminicest-fellini\/"},{"@type":"ListItem","position":3,"name":"Le Cin\u00e9ma Fulgor"}]},{"@type":"WebSite","@id":"https:\/\/dev.visitrimini.com\/#website","url":"https:\/\/dev.visitrimini.com\/","name":"Visit Rimini","description":"Un nuovo sito targato WordPress","potentialAction":[{"@type":"SearchAction","target":{"@type":"EntryPoint","urlTemplate":"https:\/\/dev.visitrimini.com\/?s={search_term_string}"},"query-input":"required name=search_term_string"}],"inLanguage":"fr-FR"}]}},"_links":{"self":[{"href":"https:\/\/dev.visitrimini.com\/fr\/wp-json\/wp\/v2\/pages\/8152"}],"collection":[{"href":"https:\/\/dev.visitrimini.com\/fr\/wp-json\/wp\/v2\/pages"}],"about":[{"href":"https:\/\/dev.visitrimini.com\/fr\/wp-json\/wp\/v2\/types\/page"}],"author":[{"embeddable":true,"href":"https:\/\/dev.visitrimini.com\/fr\/wp-json\/wp\/v2\/users\/6"}],"replies":[{"embeddable":true,"href":"https:\/\/dev.visitrimini.com\/fr\/wp-json\/wp\/v2\/comments?post=8152"}],"version-history":[{"count":3,"href":"https:\/\/dev.visitrimini.com\/fr\/wp-json\/wp\/v2\/pages\/8152\/revisions"}],"predecessor-version":[{"id":8179,"href":"https:\/\/dev.visitrimini.com\/fr\/wp-json\/wp\/v2\/pages\/8152\/revisions\/8179"}],"up":[{"embeddable":true,"href":"https:\/\/dev.visitrimini.com\/fr\/wp-json\/wp\/v2\/pages\/1266"}],"wp:featuredmedia":[{"embeddable":true,"href":"https:\/\/dev.visitrimini.com\/fr\/wp-json\/wp\/v2\/media\/1553"}],"wp:attachment":[{"href":"https:\/\/dev.visitrimini.com\/fr\/wp-json\/wp\/v2\/media?parent=8152"}],"curies":[{"name":"wp","href":"https:\/\/api.w.org\/{rel}","templated":true}]}}