{"id":8219,"date":"2021-08-14T13:46:41","date_gmt":"2021-08-14T11:46:41","guid":{"rendered":"https:\/\/dev.visitrimini.com\/riminicest-fellini\/fellini-e-rimini\/"},"modified":"2021-11-24T12:01:29","modified_gmt":"2021-11-24T11:01:29","slug":"fellini-et-rimini","status":"publish","type":"page","link":"https:\/\/dev.visitrimini.com\/fr\/riminicest-fellini\/fellini-et-rimini\/","title":{"rendered":"<strong>Fellini<\/strong> et Rimini"},"content":{"rendered":"<p><strong>\u00ab\u00a0Rimini est une dimension de la m\u00e9moire\u00a0\u00bb<\/strong>. La relation entre le r\u00e9alisateur et sa ville natale est r\u00e9sum\u00e9e dans ces mots, qui d\u00e9crivent l&rsquo;\u00e9lan cr\u00e9atif d&rsquo;un souvenir qui se m\u00eale au r\u00eave et \u00e0 la r\u00e9alit\u00e9.<\/p>\n<p>Federico Fellini est n\u00e9 \u00e0 Rimini un mois apr\u00e8s que sa famille s&rsquo;y soit install\u00e9e. La maison o\u00f9 il est n\u00e9 se trouvait \u00e0 Marina Centro, dans la Rue Dardanelli, et Federico y a v\u00e9cu jusqu&rsquo;\u00e0 l&rsquo;\u00e2ge de trois ans, apr\u00e8s quoi la famille Fellini a d\u00e9m\u00e9nag\u00e9 au centre ville. La maison n&rsquo;\u00e9tait pas loin du Boulevard Principe Amedeo, qui m\u00e8ne aujourd&rsquo;hui \u00e0 la <strong>Place Federico Fellini<\/strong>, o\u00f9 se trouvait le <strong>Kursaal<\/strong>, un \u00e9tablissement de bains ouvert en 1873 et d\u00e9truit apr\u00e8s la deuxi\u00e8me guerre mondiale, consid\u00e9r\u00e9 comme le c\u0153ur \u00e0 la mode des vacances et des f\u00eates d&rsquo;\u00e9t\u00e9 de Rimini. Fellini et ses amis s&rsquo;y rendaient souvent lorsqu&rsquo;ils \u00e9taient jeunes pour rencontrer les belles personnes qui le fr\u00e9quentaient.<\/p>\n<p>Juste en face du Kursaal, vous pouvez encore admirer le <strong>Grand H\u00f4tel<\/strong>, un \u00e9l\u00e9gant b\u00e2timent Art nouveau inaugur\u00e9 en 1908 et command\u00e9 par la municipalit\u00e9 de Rimini pour attirer des personnes c\u00e9l\u00e8bres et des h\u00f4tes riches : \u00ab\u00a0Le monde f\u00e9erique des riches et des luxueux\u00a0\u00bb, un r\u00eave de jeunesse rendu c\u00e9l\u00e8bre par Fellini dans son Amarcord. \u00c0 quelques pas du Grand H\u00f4tel se trouve <strong>Fellinia<\/strong>, la Grande Cam\u00e9ra cr\u00e9\u00e9e par le sculpteur Elio Guerra.<\/p>\n<p>Et c&rsquo;est \u00e0 partir de cette zone que <strong>la ville de Rimini a d\u00e9di\u00e9 de nombreuses rues \u00e0 l&rsquo;art du Maestro<\/strong>. Tout d&rsquo;abord \u00e0 sa femme et com\u00e9dienne Giulietta Masina, puis aux films et personnages qu&rsquo;il a cr\u00e9\u00e9s, c\u00e9l\u00e9brant le m\u00e9lange de l&rsquo;histoire du maestro et de sa ville.<\/p>\n<p>Pas loin du Grand H\u00f4tel, vous pouvez rejoindre le Quai de Rimini, qui m\u00e8ne du Phare \u00e0 la <strong>Palata<\/strong> : un lieu fr\u00e9quent\u00e9 par les habitants de Rimini en toute saison. La \u00ab\u00a0palata\u00a0\u00bb est \u00ab\u00a0mentionn\u00e9e\u00a0\u00bb au d\u00e9but et \u00e0 la fin d&rsquo;Amarcord, dans les promenades des protagonistes de \u00ab\u00a0Les Vitelloni\u00a0\u00bb, et c&rsquo;est le quai d&rsquo;o\u00f9 partent les bateaux pour rejoindre le navire \u00e0 vapeur Rex.<\/p>\n<p>Le centre historique a \u00e9galement \u00e9t\u00e9 une source d&rsquo;inspiration pour Federico Fellini. <strong>Corso d&rsquo;Augusto<\/strong>, o\u00f9 passent id\u00e9alement les voitures des Mille Miglia d&rsquo;Amarcord. La <strong>Place Cavour<\/strong>, avec son <strong>Palais de l&rsquo;Arengo<\/strong>, est le cadre des c\u00e9l\u00e9brations fascistes dans Amarcord. C&rsquo;est aussi le site de la <strong>Fontana della Pigna<\/strong> (la Fontaine de la Pigne), immortalis\u00e9e dans Amarcord dans la sc\u00e8ne de la chute de neige, sur laquelle repose le paon du comte.<\/p>\n<p>La <strong>Place Tre Martiri<\/strong> appara\u00eet \u00e9galement dans Amarcord, dans la sc\u00e8ne de la b\u00e9n\u00e9diction des animaux. Pas loin de l\u00e0, dans la Rue IV Novembre, se trouve la <strong>Bottega \u00ab\u00a0FeBo<\/strong>\u00ab\u00a0, un atelier artistique ouvert en collaboration avec le peintre de Rimini Demos Bonini. Fellini r\u00e9alisait des caricatures et des portraits pour les passants et repr\u00e9sentait des personnages de films pour le <strong>Fulgor<\/strong>, le cin\u00e9ma o\u00f9 il a vu son premier film lorsqu&rsquo;il \u00e9tait enfant : Maciste en enfer.<\/p>\n<p>Et puis il y a le Borgo San Giuliano, avec ses peintures murales repr\u00e9sentant les \u0153uvres et les personnages de Fellini : tout Rimini parle du Maestro !<\/p>\n<p>Aujourd&rsquo;hui, Federico Fellini et Giulietta Masina reposent dans le cimeti\u00e8re monumental de Rimini, sous la \u00ab\u00a0grande proue\u00a0\u00bb, une sculpture en bronze d&rsquo;<strong>Arnaldo Pomodoro<\/strong>.<\/p>\n<p><img decoding=\"async\" loading=\"lazy\" class=\"aligncenter wp-image-8050 size-full\" src=\"https:\/\/dev.visitrimini.com\/wp-content\/uploads\/2021\/08\/fellini.jpg\" alt=\"Felini al Grand Hotel\" width=\"1412\" height=\"1055\" srcset=\"https:\/\/dev.visitrimini.com\/wp-content\/uploads\/2021\/08\/fellini.jpg 1412w, https:\/\/dev.visitrimini.com\/wp-content\/uploads\/2021\/08\/fellini-300x224.jpg 300w, https:\/\/dev.visitrimini.com\/wp-content\/uploads\/2021\/08\/fellini-1024x765.jpg 1024w, https:\/\/dev.visitrimini.com\/wp-content\/uploads\/2021\/08\/fellini-768x574.jpg 768w\" sizes=\"(max-width: 1412px) 100vw, 1412px\" \/><\/p>\n","protected":false},"excerpt":{"rendered":"<p>\u00ab\u00a0Rimini est une dimension de la m\u00e9moire\u00a0\u00bb. La relation entre le r\u00e9alisateur et sa ville natale est r\u00e9sum\u00e9e dans ces<\/p>\n","protected":false},"author":6,"featured_media":8052,"parent":1266,"menu_order":0,"comment_status":"closed","ping_status":"closed","template":"page-templates\/singola-categoria.php","meta":{"footnotes":""},"acf":[],"yoast_head":"<!-- This site is optimized with the Yoast SEO plugin v20.13 - https:\/\/yoast.com\/wordpress\/plugins\/seo\/ -->\n<title>Fellini et Rimini - Visit Rimini<\/title>\n<meta name=\"description\" content=\"&quot;Rimini \u00e8 una dimensione della memoria&quot;. Il rapporto tra il Regista e la sua citt\u00e0 natale \u00e8 racchiuso in queste sue parole\" \/>\n<meta name=\"robots\" content=\"index, follow, max-snippet:-1, max-image-preview:large, max-video-preview:-1\" \/>\n<meta property=\"og:locale\" content=\"fr_FR\" \/>\n<meta property=\"og:type\" content=\"article\" \/>\n<meta property=\"og:title\" content=\"Fellini et Rimini - Visit Rimini\" \/>\n<meta property=\"og:description\" content=\"&quot;Rimini \u00e8 una dimensione della memoria&quot;. Il rapporto tra il Regista e la sua citt\u00e0 natale \u00e8 racchiuso in queste sue parole\" \/>\n<meta property=\"og:url\" content=\"https:\/\/dev.visitrimini.com\/fr\/riminicest-fellini\/fellini-et-rimini\/\" \/>\n<meta property=\"og:site_name\" content=\"Visit Rimini\" \/>\n<meta property=\"article:modified_time\" content=\"2021-11-24T11:01:29+00:00\" \/>\n<meta property=\"og:image\" content=\"https:\/\/dev.visitrimini.com\/wp-content\/uploads\/2021\/08\/fellini.jpg\" \/>\n\t<meta property=\"og:image:width\" content=\"1412\" \/>\n\t<meta property=\"og:image:height\" content=\"1055\" \/>\n\t<meta property=\"og:image:type\" content=\"image\/jpeg\" \/>\n<meta name=\"twitter:card\" content=\"summary_large_image\" \/>\n<meta name=\"twitter:label1\" content=\"Dur\u00e9e de lecture estim\u00e9e\" \/>\n\t<meta name=\"twitter:data1\" content=\"3 minutes\" \/>\n<script type=\"application\/ld+json\" class=\"yoast-schema-graph\">{\"@context\":\"https:\/\/schema.org\",\"@graph\":[{\"@type\":\"WebPage\",\"@id\":\"https:\/\/dev.visitrimini.com\/fr\/riminicest-fellini\/fellini-et-rimini\/\",\"url\":\"https:\/\/dev.visitrimini.com\/fr\/riminicest-fellini\/fellini-et-rimini\/\",\"name\":\"Fellini et Rimini - Visit Rimini\",\"isPartOf\":{\"@id\":\"https:\/\/dev.visitrimini.com\/#website\"},\"datePublished\":\"2021-08-14T11:46:41+00:00\",\"dateModified\":\"2021-11-24T11:01:29+00:00\",\"description\":\"\\\"Rimini \u00e8 una dimensione della memoria\\\". Il rapporto tra il Regista e la sua citt\u00e0 natale \u00e8 racchiuso in queste sue parole\",\"breadcrumb\":{\"@id\":\"https:\/\/dev.visitrimini.com\/fr\/riminicest-fellini\/fellini-et-rimini\/#breadcrumb\"},\"inLanguage\":\"fr-FR\",\"potentialAction\":[{\"@type\":\"ReadAction\",\"target\":[\"https:\/\/dev.visitrimini.com\/fr\/riminicest-fellini\/fellini-et-rimini\/\"]}]},{\"@type\":\"BreadcrumbList\",\"@id\":\"https:\/\/dev.visitrimini.com\/fr\/riminicest-fellini\/fellini-et-rimini\/#breadcrumb\",\"itemListElement\":[{\"@type\":\"ListItem\",\"position\":1,\"name\":\"Home\",\"item\":\"https:\/\/dev.visitrimini.com\/fr\/\"},{\"@type\":\"ListItem\",\"position\":2,\"name\":\"Rimini c&rsquo;est &#8230; FELLINI\",\"item\":\"https:\/\/dev.visitrimini.com\/fr\/riminicest-fellini\/\"},{\"@type\":\"ListItem\",\"position\":3,\"name\":\"Fellini et Rimini\"}]},{\"@type\":\"WebSite\",\"@id\":\"https:\/\/dev.visitrimini.com\/#website\",\"url\":\"https:\/\/dev.visitrimini.com\/\",\"name\":\"Visit Rimini\",\"description\":\"Un nuovo sito targato WordPress\",\"potentialAction\":[{\"@type\":\"SearchAction\",\"target\":{\"@type\":\"EntryPoint\",\"urlTemplate\":\"https:\/\/dev.visitrimini.com\/?s={search_term_string}\"},\"query-input\":\"required name=search_term_string\"}],\"inLanguage\":\"fr-FR\"}]}<\/script>\n<!-- \/ Yoast SEO plugin. -->","yoast_head_json":{"title":"Fellini et Rimini - Visit Rimini","description":"\"Rimini \u00e8 una dimensione della memoria\". Il rapporto tra il Regista e la sua citt\u00e0 natale \u00e8 racchiuso in queste sue parole","robots":{"index":"index","follow":"follow","max-snippet":"max-snippet:-1","max-image-preview":"max-image-preview:large","max-video-preview":"max-video-preview:-1"},"og_locale":"fr_FR","og_type":"article","og_title":"Fellini et Rimini - Visit Rimini","og_description":"\"Rimini \u00e8 una dimensione della memoria\". Il rapporto tra il Regista e la sua citt\u00e0 natale \u00e8 racchiuso in queste sue parole","og_url":"https:\/\/dev.visitrimini.com\/fr\/riminicest-fellini\/fellini-et-rimini\/","og_site_name":"Visit Rimini","article_modified_time":"2021-11-24T11:01:29+00:00","og_image":[{"width":1412,"height":1055,"url":"https:\/\/dev.visitrimini.com\/wp-content\/uploads\/2021\/08\/fellini.jpg","type":"image\/jpeg"}],"twitter_card":"summary_large_image","twitter_misc":{"Dur\u00e9e de lecture estim\u00e9e":"3 minutes"},"schema":{"@context":"https:\/\/schema.org","@graph":[{"@type":"WebPage","@id":"https:\/\/dev.visitrimini.com\/fr\/riminicest-fellini\/fellini-et-rimini\/","url":"https:\/\/dev.visitrimini.com\/fr\/riminicest-fellini\/fellini-et-rimini\/","name":"Fellini et Rimini - Visit Rimini","isPartOf":{"@id":"https:\/\/dev.visitrimini.com\/#website"},"datePublished":"2021-08-14T11:46:41+00:00","dateModified":"2021-11-24T11:01:29+00:00","description":"\"Rimini \u00e8 una dimensione della memoria\". Il rapporto tra il Regista e la sua citt\u00e0 natale \u00e8 racchiuso in queste sue parole","breadcrumb":{"@id":"https:\/\/dev.visitrimini.com\/fr\/riminicest-fellini\/fellini-et-rimini\/#breadcrumb"},"inLanguage":"fr-FR","potentialAction":[{"@type":"ReadAction","target":["https:\/\/dev.visitrimini.com\/fr\/riminicest-fellini\/fellini-et-rimini\/"]}]},{"@type":"BreadcrumbList","@id":"https:\/\/dev.visitrimini.com\/fr\/riminicest-fellini\/fellini-et-rimini\/#breadcrumb","itemListElement":[{"@type":"ListItem","position":1,"name":"Home","item":"https:\/\/dev.visitrimini.com\/fr\/"},{"@type":"ListItem","position":2,"name":"Rimini c&rsquo;est &#8230; FELLINI","item":"https:\/\/dev.visitrimini.com\/fr\/riminicest-fellini\/"},{"@type":"ListItem","position":3,"name":"Fellini et Rimini"}]},{"@type":"WebSite","@id":"https:\/\/dev.visitrimini.com\/#website","url":"https:\/\/dev.visitrimini.com\/","name":"Visit Rimini","description":"Un nuovo sito targato WordPress","potentialAction":[{"@type":"SearchAction","target":{"@type":"EntryPoint","urlTemplate":"https:\/\/dev.visitrimini.com\/?s={search_term_string}"},"query-input":"required name=search_term_string"}],"inLanguage":"fr-FR"}]}},"_links":{"self":[{"href":"https:\/\/dev.visitrimini.com\/fr\/wp-json\/wp\/v2\/pages\/8219"}],"collection":[{"href":"https:\/\/dev.visitrimini.com\/fr\/wp-json\/wp\/v2\/pages"}],"about":[{"href":"https:\/\/dev.visitrimini.com\/fr\/wp-json\/wp\/v2\/types\/page"}],"author":[{"embeddable":true,"href":"https:\/\/dev.visitrimini.com\/fr\/wp-json\/wp\/v2\/users\/6"}],"replies":[{"embeddable":true,"href":"https:\/\/dev.visitrimini.com\/fr\/wp-json\/wp\/v2\/comments?post=8219"}],"version-history":[{"count":3,"href":"https:\/\/dev.visitrimini.com\/fr\/wp-json\/wp\/v2\/pages\/8219\/revisions"}],"predecessor-version":[{"id":8222,"href":"https:\/\/dev.visitrimini.com\/fr\/wp-json\/wp\/v2\/pages\/8219\/revisions\/8222"}],"up":[{"embeddable":true,"href":"https:\/\/dev.visitrimini.com\/fr\/wp-json\/wp\/v2\/pages\/1266"}],"wp:featuredmedia":[{"embeddable":true,"href":"https:\/\/dev.visitrimini.com\/fr\/wp-json\/wp\/v2\/media\/8052"}],"wp:attachment":[{"href":"https:\/\/dev.visitrimini.com\/fr\/wp-json\/wp\/v2\/media?parent=8219"}],"curies":[{"name":"wp","href":"https:\/\/api.w.org\/{rel}","templated":true}]}}